{"id":41937,"date":"2026-04-19T15:24:40","date_gmt":"2026-04-19T15:24:40","guid":{"rendered":"https:\/\/singuli.wpress.me\/index.php\/proizvod\/moser-silver-edition-1400-sisac\/"},"modified":"2026-04-20T12:33:41","modified_gmt":"2026-04-20T12:33:41","slug":"moser-silver-edition-1400-sisac","status":"publish","type":"product","link":"https:\/\/singuli.wpress.me\/index.php\/proizvod\/moser-silver-edition-1400-sisac\/","title":{"rendered":"MOSER Silver Edition 1400, \u0161i\u0161a\u010d"},"content":{"rendered":"<p>Moser Silver Edition elektri\u010dna ma\u0161inica za \u0161i\u0161anje je izuzetno sna\u017ena, s tihim motorom i robusnim dizajnom za dug \u017eivot. Rezna jedinica od o\u0161trih kromiranih o\u0161trica je uklonjiva, \u0161to omogu\u0107uje jednostavno i brzo \u010di\u0161\u0107enje. <\/p>\n<p>Ma\u0161ina za \u0161i\u0161anje omogu\u0107uje razli\u010dite duljine \u0161i\u0161anja od 4 do 18 mm, a prilago\u0111ena je i za vrlo kratke dlake s pet duljina \u0161i\u0161anja od 1 do 3 mm, koje se mogu podesiti jednostavnim pritiskom na gumb.<\/p>\n","protected":false},"excerpt":{"rendered":"<p>Dug vijek trajanja<br \/>\nTihi rad<br \/>\nOdvojiva rezna jedinica izra\u0111ena od o\u0161trih o\u0161trica<\/p>\n","protected":false},"featured_media":0,"template":"","meta":{"_seopress_robots_primary_cat":"","_seopress_titles_title":"","_seopress_titles_desc":"","_seopress_robots_index":"","iawp_total_views":0},"product_brand":[149],"product_cat":[192,279],"product_tag":[],"class_list":{"0":"post-41937","1":"product","2":"type-product","3":"status-publish","5":"product_brand-moser","6":"product_cat-aparati-za-osobnu-njegu","7":"product_cat-brijanje-i-sisanje-192","9":"first","10":"outofstock","11":"shipping-taxable","12":"purchasable","13":"product-type-simple"},"_links":{"self":[{"href":"https:\/\/singuli.wpress.me\/index.php\/wp-json\/wp\/v2\/product\/41937","targetHints":{"allow":["GET"]}}],"collection":[{"href":"https:\/\/singuli.wpress.me\/index.php\/wp-json\/wp\/v2\/product"}],"about":[{"href":"https:\/\/singuli.wpress.me\/index.php\/wp-json\/wp\/v2\/types\/product"}],"version-history":[{"count":0,"href":"https:\/\/singuli.wpress.me\/index.php\/wp-json\/wp\/v2\/product\/41937\/revisions"}],"wp:attachment":[{"href":"https:\/\/singuli.wpress.me\/index.php\/wp-json\/wp\/v2\/media?parent=41937"}],"wp:term":[{"taxonomy":"product_brand","embeddable":true,"href":"https:\/\/singuli.wpress.me\/index.php\/wp-json\/wp\/v2\/product_brand?post=41937"},{"taxonomy":"product_cat","embeddable":true,"href":"https:\/\/singuli.wpress.me\/index.php\/wp-json\/wp\/v2\/product_cat?post=41937"},{"taxonomy":"product_tag","embeddable":true,"href":"https:\/\/singuli.wpress.me\/index.php\/wp-json\/wp\/v2\/product_tag?post=41937"}],"curies":[{"name":"wp","href":"https:\/\/api.w.org\/{rel}","templated":true}]}}