{"id":41939,"date":"2026-04-19T15:24:40","date_gmt":"2026-04-19T15:24:40","guid":{"rendered":"https:\/\/singuli.wpress.me\/index.php\/proizvod\/disney-frozen-kraljevsko-iznenadenje-lutka-color-reveal\/"},"modified":"2026-04-20T12:33:41","modified_gmt":"2026-04-20T12:33:41","slug":"disney-frozen-kraljevsko-iznenadenje-lutka-color-reveal","status":"publish","type":"product","link":"https:\/\/singuli.wpress.me\/index.php\/proizvod\/disney-frozen-kraljevsko-iznenadenje-lutka-color-reveal\/","title":{"rendered":"DISNEY Frozen Kraljevsko iznena\u0111enje, lutka, color reveal"},"content":{"rendered":"<p>Frozen Color Reveal\u2122 lutke pru\u017eaju iskustvo znati\u017eeljnog otvaranja proizvoda, a unutra se nalazi \u0161est iznena\u0111enja. <br \/>\nSvaka lutka je misterij dok se ne doda voda, aktiviraju\u0107i smjesu nalik snijegu koja \u0107e otkriti lutkicu. <br \/>\nZapo\u010dnite igru uklanjanjem vanjskog sloja pakiranja, otvaranjem tube i izvla\u010denjem tajanstvene lutke \u010diji je izgled prekriven Snow Color Reveal\u2122 premazom. Napunite tubu toplom kako biste aktivirali smjesu nalik snijegu. Stavite lutku unutra i protresite kako biste otkrili tajanstvenu Frozen lutkicu!<br \/>\nObavezno iskoristi pokopac pakiranja kao tijaru za kosu za dijete koju \u0107e obo\u017eavati!<br \/>\nZanima li te koju \u0107e\u0161 lutku dobiti? <br \/>\nPogodno za djecu od 3 godine starosti. <br \/>\nIgra\u010dka dolazi u vi\u0161e razli\u010ditih modela, a isporuka ovisi o njihovoj trenutnoj raspolo\u017eivosti. <\/p>\n","protected":false},"excerpt":{"rendered":"<p>\u0160est iznena\u0111enja<br \/>\nMisterij dok se ne doda voda<br \/>\nPogodno za djecu od 3 godine<\/p>\n","protected":false},"featured_media":0,"template":"","meta":{"_seopress_robots_primary_cat":"","_seopress_titles_title":"","_seopress_titles_desc":"","_seopress_robots_index":"","iawp_total_views":0},"product_brand":[522],"product_cat":[221,291],"product_tag":[],"class_list":{"0":"post-41939","1":"product","2":"type-product","3":"status-publish","5":"product_brand-disney","6":"product_cat-igracke","7":"product_cat-igracke-za-djecu-221","9":"first","10":"outofstock","11":"shipping-taxable","12":"purchasable","13":"product-type-simple"},"_links":{"self":[{"href":"https:\/\/singuli.wpress.me\/index.php\/wp-json\/wp\/v2\/product\/41939","targetHints":{"allow":["GET"]}}],"collection":[{"href":"https:\/\/singuli.wpress.me\/index.php\/wp-json\/wp\/v2\/product"}],"about":[{"href":"https:\/\/singuli.wpress.me\/index.php\/wp-json\/wp\/v2\/types\/product"}],"version-history":[{"count":0,"href":"https:\/\/singuli.wpress.me\/index.php\/wp-json\/wp\/v2\/product\/41939\/revisions"}],"wp:attachment":[{"href":"https:\/\/singuli.wpress.me\/index.php\/wp-json\/wp\/v2\/media?parent=41939"}],"wp:term":[{"taxonomy":"product_brand","embeddable":true,"href":"https:\/\/singuli.wpress.me\/index.php\/wp-json\/wp\/v2\/product_brand?post=41939"},{"taxonomy":"product_cat","embeddable":true,"href":"https:\/\/singuli.wpress.me\/index.php\/wp-json\/wp\/v2\/product_cat?post=41939"},{"taxonomy":"product_tag","embeddable":true,"href":"https:\/\/singuli.wpress.me\/index.php\/wp-json\/wp\/v2\/product_tag?post=41939"}],"curies":[{"name":"wp","href":"https:\/\/api.w.org\/{rel}","templated":true}]}}