{"id":41940,"date":"2026-04-19T15:24:41","date_gmt":"2026-04-19T15:24:41","guid":{"rendered":"https:\/\/singuli.wpress.me\/index.php\/proizvod\/lenor-fresh-air-effect-tropical-sunset-omeksivac-33-pranja-0-462-l\/"},"modified":"2026-04-20T12:33:41","modified_gmt":"2026-04-20T12:33:41","slug":"lenor-fresh-air-effect-tropical-sunset-omeksivac-33-pranja-0-462-l","status":"publish","type":"product","link":"https:\/\/singuli.wpress.me\/index.php\/proizvod\/lenor-fresh-air-effect-tropical-sunset-omeksivac-33-pranja-0-462-l\/","title":{"rendered":"LENOR Fresh Air Effect Tropical Sunset, omek\u0161iva\u010d, 33 pranja, 0.462\u00a0l"},"content":{"rendered":"<p>U\u017eivajte u rublju svje\u017eem kao da ste ga su\u0161ili vani na svje\u017eem zraku, \u010dak i kad ga su\u0161ite u ku\u0107i. <\/p>\n<p>Iznimno koncentrirana formula za svje\u017einu omek\u0161iva\u010da Lenor Fresh Air Effect pru\u017ea vam 33 pranja u maloj boci. <\/p>\n<p>Zahvaljuju\u0107i inovativnoj tehnologiji, trebate samo malu dozu kako bi rublje bilo svje\u017ee kao da se su\u0161ilo na svje\u017eem zraku, bez obzira na vremenske prilike. <\/p>\n<p>Lenor Fresh Air Effect Tropical Sunset Omek\u0161iva\u010d rublja je prepun sun\u010devih zraka, vo\u0107an, spontan. <\/p>\n<p>Otpustite iz boce da\u0161ak putovanja dok vas slatke note lubenice, dinje i manga nose u daleku, suncem obasjanu zemlju. <\/p>\n<p>Boca je izra\u0111ena od 100% reciklirane plastike (osim \u010depa, otvora za izlijevanje i omota) koja se mo\u017ee ponovno reciklirati (osim omota). <\/p>\n<p>Lenor Outdoorable razvijen je u suradnji s potro\u0161a\u010dima kako bi pru\u017eio osje\u0107aj svje\u017eine kao kad se rublje su\u0161i vani na svje\u017eem zraku, a nastavlja otpu\u0161tati svje\u017einu kad je rublje tek osu\u0161eno, kad je u ormaru, pa \u010dak i kad se kre\u0107ete.<\/p>\n","protected":false},"excerpt":{"rendered":"<p>\u0160titi tkanine od blije\u0111enja, stvaranja mucica i razvla\u010denja tijekom pranja<br \/>\nOmogu\u0107uje vam da u\u017eivate u rublju svje\u017eem kao da se su\u0161ilo vani, \u010dak i kad se su\u0161ilo unutra<br \/>\nBoca od 100 % reciklirane plastike (osim \u010depa, otvora za izlijevanje i omota) koja se mo\u017ee ponovno reciklirati (osim omota)<\/p>\n","protected":false},"featured_media":0,"template":"","meta":{"_seopress_robots_primary_cat":"","_seopress_titles_title":"","_seopress_titles_desc":"","_seopress_robots_index":"","iawp_total_views":0},"product_brand":[446],"product_cat":[283,238],"product_tag":[],"class_list":{"0":"post-41940","1":"product","2":"type-product","3":"status-publish","5":"product_brand-lenor","6":"product_cat-pranje-rublja-238","7":"product_cat-sve-za-dom","9":"first","10":"outofstock","11":"shipping-taxable","12":"purchasable","13":"product-type-simple"},"_links":{"self":[{"href":"https:\/\/singuli.wpress.me\/index.php\/wp-json\/wp\/v2\/product\/41940","targetHints":{"allow":["GET"]}}],"collection":[{"href":"https:\/\/singuli.wpress.me\/index.php\/wp-json\/wp\/v2\/product"}],"about":[{"href":"https:\/\/singuli.wpress.me\/index.php\/wp-json\/wp\/v2\/types\/product"}],"version-history":[{"count":0,"href":"https:\/\/singuli.wpress.me\/index.php\/wp-json\/wp\/v2\/product\/41940\/revisions"}],"wp:attachment":[{"href":"https:\/\/singuli.wpress.me\/index.php\/wp-json\/wp\/v2\/media?parent=41940"}],"wp:term":[{"taxonomy":"product_brand","embeddable":true,"href":"https:\/\/singuli.wpress.me\/index.php\/wp-json\/wp\/v2\/product_brand?post=41940"},{"taxonomy":"product_cat","embeddable":true,"href":"https:\/\/singuli.wpress.me\/index.php\/wp-json\/wp\/v2\/product_cat?post=41940"},{"taxonomy":"product_tag","embeddable":true,"href":"https:\/\/singuli.wpress.me\/index.php\/wp-json\/wp\/v2\/product_tag?post=41940"}],"curies":[{"name":"wp","href":"https:\/\/api.w.org\/{rel}","templated":true}]}}