{"id":41941,"date":"2026-04-19T15:24:42","date_gmt":"2026-04-19T15:24:42","guid":{"rendered":"https:\/\/singuli.wpress.me\/index.php\/proizvod\/dr-oetker-slag-pjena-multipack-114-g\/"},"modified":"2026-04-20T12:33:41","modified_gmt":"2026-04-20T12:33:41","slug":"dr-oetker-slag-pjena-multipack-114-g","status":"publish","type":"product","link":"https:\/\/singuli.wpress.me\/index.php\/proizvod\/dr-oetker-slag-pjena-multipack-114-g\/","title":{"rendered":"DR. OETKER, \u0161lag pjena, multipack , 114\u00a0g"},"content":{"rendered":"<p>Sjajnog je okusa i konzistencije, a mo\u017eete ju poslu\u017eiti samu ili zajedno s raznim vo\u0107em, desertima ili kola\u010dima. Odli\u010dna je za nadjeve u kola\u010dima i tortama, za pripremu glazure ili za ukra\u0161avanje. Pripremljenu \u0161lag pjenu mo\u017eete poslu\u017eiti odmah, a mo\u017eete i \u010duvati u hladnjaku do 24 sata. Dolazi u multipack pakiranju od 3 komada.<\/p>\n","protected":false},"excerpt":{"rendered":"<p>Mo\u017ee se \u010duvati u hldnjaku do 24 sata<br \/>\nMo\u017ee se poslu\u017eiti odmah<br \/>\nPakiranje od 3 kom<\/p>\n","protected":false},"featured_media":0,"template":"","meta":{"_seopress_robots_primary_cat":"","_seopress_titles_title":"","_seopress_titles_desc":"","_seopress_robots_index":"","iawp_total_views":0},"product_brand":[328],"product_cat":[261,270],"product_tag":[],"class_list":{"0":"post-41941","1":"product","2":"type-product","3":"status-publish","5":"product_brand-dr-oetker","6":"product_cat-hrana-i-pice","7":"product_cat-slasticarstvo-261","9":"first","10":"outofstock","11":"shipping-taxable","12":"purchasable","13":"product-type-simple"},"_links":{"self":[{"href":"https:\/\/singuli.wpress.me\/index.php\/wp-json\/wp\/v2\/product\/41941","targetHints":{"allow":["GET"]}}],"collection":[{"href":"https:\/\/singuli.wpress.me\/index.php\/wp-json\/wp\/v2\/product"}],"about":[{"href":"https:\/\/singuli.wpress.me\/index.php\/wp-json\/wp\/v2\/types\/product"}],"version-history":[{"count":0,"href":"https:\/\/singuli.wpress.me\/index.php\/wp-json\/wp\/v2\/product\/41941\/revisions"}],"wp:attachment":[{"href":"https:\/\/singuli.wpress.me\/index.php\/wp-json\/wp\/v2\/media?parent=41941"}],"wp:term":[{"taxonomy":"product_brand","embeddable":true,"href":"https:\/\/singuli.wpress.me\/index.php\/wp-json\/wp\/v2\/product_brand?post=41941"},{"taxonomy":"product_cat","embeddable":true,"href":"https:\/\/singuli.wpress.me\/index.php\/wp-json\/wp\/v2\/product_cat?post=41941"},{"taxonomy":"product_tag","embeddable":true,"href":"https:\/\/singuli.wpress.me\/index.php\/wp-json\/wp\/v2\/product_tag?post=41941"}],"curies":[{"name":"wp","href":"https:\/\/api.w.org\/{rel}","templated":true}]}}