{"id":41942,"date":"2026-04-19T15:24:42","date_gmt":"2026-04-19T15:24:42","guid":{"rendered":"https:\/\/singuli.wpress.me\/index.php\/proizvod\/omala-s1-w460-mineralno-ulje-za-industrijske-reduktore-209-l\/"},"modified":"2026-04-20T12:33:41","modified_gmt":"2026-04-20T12:33:41","slug":"omala-s1-w460-mineralno-ulje-za-industrijske-reduktore-209-l","status":"publish","type":"product","link":"https:\/\/singuli.wpress.me\/index.php\/proizvod\/omala-s1-w460-mineralno-ulje-za-industrijske-reduktore-209-l\/","title":{"rendered":"OMALA S1 W460, mineralno ulje za industrijske reduktore, 209\u00a0l"},"content":{"rendered":"<p>Kvalitetna rafinirana mineralna ulja visoke viskoznosti slo\u017eena s malim postotkom masnih ulja. Posebno su pogodni za podmazivanje zatvorenih zup\u010danika male brzine i prijenosih voznih aplikacija. Tako\u0111er su prikladni za podmazivanje visokotemperaturnih, visokotla\u010dnih parnih cilindara.<\/p>\n<p><span style=\"font-weight: bold\">Specifikacija: <\/span>AGMA 9005-EO2 (CP)<\/p>\n","protected":false},"excerpt":{"rendered":"<p>Mineralno ulje za industrijske reduktore<br \/>\nVisoka viskoznost<br \/>\nPogodni za podmazivanje zatvorenih zup\u010danika male brzine i prijenosnih voznih aplikacija<\/p>\n","protected":false},"featured_media":0,"template":"","meta":{"_seopress_robots_primary_cat":"","_seopress_titles_title":"","_seopress_titles_desc":"","_seopress_robots_index":"","iawp_total_views":0},"product_brand":[431],"product_cat":[243,276],"product_tag":[],"class_list":{"0":"post-41942","1":"product","2":"type-product","3":"status-publish","5":"product_brand-omala","6":"product_cat-automobili-i-motori","7":"product_cat-industrijska-i-specijalna-ulja-243","9":"first","10":"outofstock","11":"shipping-taxable","12":"purchasable","13":"product-type-simple"},"_links":{"self":[{"href":"https:\/\/singuli.wpress.me\/index.php\/wp-json\/wp\/v2\/product\/41942","targetHints":{"allow":["GET"]}}],"collection":[{"href":"https:\/\/singuli.wpress.me\/index.php\/wp-json\/wp\/v2\/product"}],"about":[{"href":"https:\/\/singuli.wpress.me\/index.php\/wp-json\/wp\/v2\/types\/product"}],"version-history":[{"count":0,"href":"https:\/\/singuli.wpress.me\/index.php\/wp-json\/wp\/v2\/product\/41942\/revisions"}],"wp:attachment":[{"href":"https:\/\/singuli.wpress.me\/index.php\/wp-json\/wp\/v2\/media?parent=41942"}],"wp:term":[{"taxonomy":"product_brand","embeddable":true,"href":"https:\/\/singuli.wpress.me\/index.php\/wp-json\/wp\/v2\/product_brand?post=41942"},{"taxonomy":"product_cat","embeddable":true,"href":"https:\/\/singuli.wpress.me\/index.php\/wp-json\/wp\/v2\/product_cat?post=41942"},{"taxonomy":"product_tag","embeddable":true,"href":"https:\/\/singuli.wpress.me\/index.php\/wp-json\/wp\/v2\/product_tag?post=41942"}],"curies":[{"name":"wp","href":"https:\/\/api.w.org\/{rel}","templated":true}]}}