{"id":41945,"date":"2026-04-19T15:24:43","date_gmt":"2026-04-19T15:24:43","guid":{"rendered":"https:\/\/singuli.wpress.me\/index.php\/proizvod\/oral-b-eb-60-4-sensitive-zamjenske-glave-za-cetkicu-4-kom\/"},"modified":"2026-04-20T12:33:41","modified_gmt":"2026-04-20T12:33:41","slug":"oral-b-eb-60-4-sensitive-zamjenske-glave-za-cetkicu-4-kom","status":"publish","type":"product","link":"https:\/\/singuli.wpress.me\/index.php\/proizvod\/oral-b-eb-60-4-sensitive-zamjenske-glave-za-cetkicu-4-kom\/","title":{"rendered":"ORAL-B EB 60-4 Sensitive, zamjenske glave za \u010detkicu, 4\u00a0kom"},"content":{"rendered":"<p>Kao jedna od premium zamjenskih glava za zubne \u010detkice Oral-B, Sensitive Clean ima ultra tanka vlakna, koja nje\u017eno \u010diste desni, i uobi\u010dajena vlakna, koja sna\u017eno \u010diste zubne naslage.<br \/>\nSensitive Clean uklanja do 100% vi\u0161e zubnih naslaga i za 100% smanjuje pojavu upale desni u usporedbi s klasi\u010dnom zubnom \u010detkicom.<br \/>\nJedinstvena kombinacija zaobljenih i ultra tankih vlakana \u010dini glavu zubne \u010detkice Sensitive Clean savr\u0161enom za one s osjetljivom usnom \u0161upljinom kao i za one koji samo tra\u017ee temeljito, nje\u017eno \u010di\u0161\u0107enje.<br \/>\nOve su glave kompatibilne sa svim dr\u0161kama Oral-B osim Pulsonic i iO. Stomatolozi preporu\u010duju mijenjanje glave \u010detke svaka 3 mjeseca za najbolje \u010di\u0161\u0107enje.<\/p>\n","protected":false},"excerpt":{"rendered":"<p>Okrugla glava uklanja do 100\u00a0% vi\u0161e zubnih naslaga<br \/>\nZamijenite glavu \u010detkice svaka tri mjeseca<br \/>\nKombinira izuzetno tanka vlakna koja su nje\u017ena za desni i standardna vlakna koja su djelotvorna u uklanjanju naslaga<\/p>\n","protected":false},"featured_media":0,"template":"","meta":{"_seopress_robots_primary_cat":"","_seopress_titles_title":"","_seopress_titles_desc":"","_seopress_robots_index":"","iawp_total_views":0},"product_brand":[423],"product_cat":[192,207,209],"product_tag":[],"class_list":{"0":"post-41945","1":"product","2":"type-product","3":"status-publish","5":"product_brand-oral-b-2","6":"product_cat-aparati-za-osobnu-njegu","7":"product_cat-oralna-higijena","8":"product_cat-zamjenske-glave","10":"first","11":"outofstock","12":"shipping-taxable","13":"purchasable","14":"product-type-simple"},"_links":{"self":[{"href":"https:\/\/singuli.wpress.me\/index.php\/wp-json\/wp\/v2\/product\/41945","targetHints":{"allow":["GET"]}}],"collection":[{"href":"https:\/\/singuli.wpress.me\/index.php\/wp-json\/wp\/v2\/product"}],"about":[{"href":"https:\/\/singuli.wpress.me\/index.php\/wp-json\/wp\/v2\/types\/product"}],"version-history":[{"count":0,"href":"https:\/\/singuli.wpress.me\/index.php\/wp-json\/wp\/v2\/product\/41945\/revisions"}],"wp:attachment":[{"href":"https:\/\/singuli.wpress.me\/index.php\/wp-json\/wp\/v2\/media?parent=41945"}],"wp:term":[{"taxonomy":"product_brand","embeddable":true,"href":"https:\/\/singuli.wpress.me\/index.php\/wp-json\/wp\/v2\/product_brand?post=41945"},{"taxonomy":"product_cat","embeddable":true,"href":"https:\/\/singuli.wpress.me\/index.php\/wp-json\/wp\/v2\/product_cat?post=41945"},{"taxonomy":"product_tag","embeddable":true,"href":"https:\/\/singuli.wpress.me\/index.php\/wp-json\/wp\/v2\/product_tag?post=41945"}],"curies":[{"name":"wp","href":"https:\/\/api.w.org\/{rel}","templated":true}]}}