{"id":41946,"date":"2026-04-19T15:24:43","date_gmt":"2026-04-19T15:24:43","guid":{"rendered":"https:\/\/singuli.wpress.me\/index.php\/proizvod\/domo-do498bl-kuhalo-za-juhu\/"},"modified":"2026-04-21T00:27:14","modified_gmt":"2026-04-21T00:27:14","slug":"domo-do498bl-kuhalo-za-juhu","status":"publish","type":"product","link":"https:\/\/singuli.wpress.me\/index.php\/proizvod\/domo-do498bl-kuhalo-za-juhu\/","title":{"rendered":"DOMO DO498BL, kuhalo za juhu"},"content":{"rendered":"<p>Priprema svje\u017ee juhe nikad nije bila lak\u0161a uz Domo DO498BL. Stavite sastojke u kuhalo za juhu i odaberite \u017eeljeni program.<br \/>\nKoristite program &quot;Smooth&quot;, kuhalo za juhu se zagrijava, povr\u0107e prokuha i prvi put ga promije\u0161a nakon otprilike 11 minuta. Zatim juha nastavi kuhati i nakon 15 minuta povr\u0107e se drugi put umije\u0161a. Nakon 18 minuta mije\u0161ajte juhu dok ne postane glatka. Za pripremu juhe spremne za poslu\u017eivanje potrebno je ukupno 20 minuta!<\/p>\n<p>Mo\u017eete se odlu\u010diti i za pripremu juhe s krupnijim komadima. Izre\u017eite povr\u0107e na \u017eeljenu veli\u010dinu, kuhalo za juhu vi\u0161e ne\u0107e mije\u0161ati juhu. Ovaj &quot;Chunky&quot; program traje oko 30 minuta. Ako vam se \u010dini da je juha malo pregruba, uvijek mo\u017eete upotrijebiti funkciju &quot;&quot;Blend&quot;&quot;.<\/p>\n<p>Funkciju &quot;Blend&quot; mo\u017eete koristiti i odvojeno od funkcije pripreme juhe. Ne\u0107e zagrijavati sastojke. Napravite s njim ukusan smoothie ili milkshake!<\/p>\n","protected":false},"excerpt":{"rendered":"<p>Juhu pripremite za 20 minuta<br \/>\nKuhanje pritiskom na gumb, bez mije\u0161anja<br \/>\nMo\u017ee se koristiti i kao blender<\/p>\n","protected":false},"featured_media":0,"template":"","meta":{"_seopress_robots_primary_cat":"","_seopress_titles_title":"","_seopress_titles_desc":"","_seopress_robots_index":"","iawp_total_views":0},"product_brand":[255],"product_cat":[192,267],"product_tag":[],"class_list":{"0":"post-41946","1":"product","2":"type-product","3":"status-publish","5":"product_brand-domo","6":"product_cat-aparati-za-osobnu-njegu","7":"product_cat-zdravstveni-uredaji-192","9":"first","10":"outofstock","11":"shipping-taxable","12":"purchasable","13":"product-type-simple"},"_links":{"self":[{"href":"https:\/\/singuli.wpress.me\/index.php\/wp-json\/wp\/v2\/product\/41946","targetHints":{"allow":["GET"]}}],"collection":[{"href":"https:\/\/singuli.wpress.me\/index.php\/wp-json\/wp\/v2\/product"}],"about":[{"href":"https:\/\/singuli.wpress.me\/index.php\/wp-json\/wp\/v2\/types\/product"}],"version-history":[{"count":0,"href":"https:\/\/singuli.wpress.me\/index.php\/wp-json\/wp\/v2\/product\/41946\/revisions"}],"wp:attachment":[{"href":"https:\/\/singuli.wpress.me\/index.php\/wp-json\/wp\/v2\/media?parent=41946"}],"wp:term":[{"taxonomy":"product_brand","embeddable":true,"href":"https:\/\/singuli.wpress.me\/index.php\/wp-json\/wp\/v2\/product_brand?post=41946"},{"taxonomy":"product_cat","embeddable":true,"href":"https:\/\/singuli.wpress.me\/index.php\/wp-json\/wp\/v2\/product_cat?post=41946"},{"taxonomy":"product_tag","embeddable":true,"href":"https:\/\/singuli.wpress.me\/index.php\/wp-json\/wp\/v2\/product_tag?post=41946"}],"curies":[{"name":"wp","href":"https:\/\/api.w.org\/{rel}","templated":true}]}}