{"id":41948,"date":"2026-04-19T15:24:44","date_gmt":"2026-04-19T15:24:44","guid":{"rendered":"https:\/\/singuli.wpress.me\/index.php\/proizvod\/barbie-malibu-set-za-kampiranje\/"},"modified":"2026-04-21T00:27:14","modified_gmt":"2026-04-21T00:27:14","slug":"barbie-malibu-set-za-kampiranje","status":"publish","type":"product","link":"https:\/\/singuli.wpress.me\/index.php\/proizvod\/barbie-malibu-set-za-kampiranje\/","title":{"rendered":"BARBIE Malibu, set, za kampiranje"},"content":{"rendered":"<p>Pridru\u017eite se Malibu Barbie u njezinoj najve\u0107oj avanturi do sada.<\/p>\n<p>Djeca mogu ponijeti svoju Malibu Barbiku na posebno kampiranje zajedno s njenim ku\u0107nim ljubimcem i s vi\u0161e od 10 dodataka na temu kampiranja.<\/p>\n<p>Jeste li spremni za po\u010detak istra\u017eivanja?<\/p>\n<p>Pri\u010dvrstite vre\u0107u za spavanje i napunite ruksak osnovnim potrep\u0161tinama za planinarenje i kampiranje kao \u0161to su svjetiljka, karte, dalekozor, pametni telefon i jo\u0161 mnogo toga.<\/p>\n<p>Nakon dana pustolovine, djeca mogu staviti svoju Barbie lutku i njezinog psi\u0107a u udobnu vre\u0107u za spavanje kako bi spavali pod zvijezdama.<\/p>\n<p>Sljede\u0107i dan djeca mogu povesti Barbie u nove avanture na otvorenom!<\/p>\n","protected":false},"excerpt":{"rendered":"<p>Ku\u0107ni ljubimac i vi\u0161e od 10 dodataka u setu<br \/>\nSet sadr\u017ei i vre\u0107u za spavanje<br \/>\nAvanture na otvorenom<\/p>\n","protected":false},"featured_media":0,"template":"","meta":{"_seopress_robots_primary_cat":"","_seopress_titles_title":"","_seopress_titles_desc":"","_seopress_robots_index":"","iawp_total_views":0},"product_brand":[324],"product_cat":[221,291],"product_tag":[],"class_list":{"0":"post-41948","1":"product","2":"type-product","3":"status-publish","5":"product_brand-barbie","6":"product_cat-igracke","7":"product_cat-igracke-za-djecu-221","9":"first","10":"outofstock","11":"shipping-taxable","12":"purchasable","13":"product-type-simple"},"_links":{"self":[{"href":"https:\/\/singuli.wpress.me\/index.php\/wp-json\/wp\/v2\/product\/41948","targetHints":{"allow":["GET"]}}],"collection":[{"href":"https:\/\/singuli.wpress.me\/index.php\/wp-json\/wp\/v2\/product"}],"about":[{"href":"https:\/\/singuli.wpress.me\/index.php\/wp-json\/wp\/v2\/types\/product"}],"version-history":[{"count":0,"href":"https:\/\/singuli.wpress.me\/index.php\/wp-json\/wp\/v2\/product\/41948\/revisions"}],"wp:attachment":[{"href":"https:\/\/singuli.wpress.me\/index.php\/wp-json\/wp\/v2\/media?parent=41948"}],"wp:term":[{"taxonomy":"product_brand","embeddable":true,"href":"https:\/\/singuli.wpress.me\/index.php\/wp-json\/wp\/v2\/product_brand?post=41948"},{"taxonomy":"product_cat","embeddable":true,"href":"https:\/\/singuli.wpress.me\/index.php\/wp-json\/wp\/v2\/product_cat?post=41948"},{"taxonomy":"product_tag","embeddable":true,"href":"https:\/\/singuli.wpress.me\/index.php\/wp-json\/wp\/v2\/product_tag?post=41948"}],"curies":[{"name":"wp","href":"https:\/\/api.w.org\/{rel}","templated":true}]}}