{"id":41954,"date":"2026-04-19T15:24:48","date_gmt":"2026-04-19T15:24:48","guid":{"rendered":"https:\/\/singuli.wpress.me\/index.php\/proizvod\/oral-b-io4-elektricna-cetkica-za-zube-duopack\/"},"modified":"2026-04-20T12:33:42","modified_gmt":"2026-04-20T12:33:42","slug":"oral-b-io4-elektricna-cetkica-za-zube-duopack","status":"publish","type":"product","link":"https:\/\/singuli.wpress.me\/index.php\/proizvod\/oral-b-io4-elektricna-cetkica-za-zube-duopack\/","title":{"rendered":"ORAL-B iO4, elektri\u010dna \u010detkica za zube, duopack"},"content":{"rendered":"<p>Elektri\u010dna zubna \u010detkica iO4 donosi najbolju tehnologiju marke Oral-B: kombinaciju okrugle glave \u010detkice nadahnute stomatolo\u0161kom opremom s nje\u017enim mikrovibracijama za osje\u0107aj kao nakon profesionalnog \u010di\u0161\u0107enja i u udobnosti doma. Pametni senzor pritiska poma\u017ee sprije\u010diti presna\u017eno ili prenje\u017eno \u010detkanje za bolju za\u0161titu desni. Za\u0161tita desni upozorava vas kad \u010detkate presna\u017enim pritiskom. Za najbolje rezultate, glavu zubne \u010detkice Oral-B iO zamijenite svaka 3 mjeseca.<br \/>\nNAJBOLJE PRANJE ZUBI koje nudi Oral-B, zahvaljuju\u0107i REVOLUCIONARNOJ iO TEHNOLOGIJI za osje\u0107aj profesionalne \u010disto\u0107e i nje\u017eno pranje zubi<br \/>\nNamijenjena osobama s osjetljivim zubima i desnima, \u010detkica kombinira jedinstvenu okruglu glavu zubne \u010detkice Oral-B s nje\u017enim mikrovibracijama za svje\u017e, \u010dist osje\u0107aj u ustima i 100% zdravije desni u jednom tjednu u odnosu na obi\u010dnu klasi\u010dnu zubnu \u010detkicu<\/p>\n","protected":false},"excerpt":{"rendered":"<p>Namijenjena osobama s osjetljivim zubima i desnima<br \/>\nZa najbolje rezultate, glavu zubne \u010detkice Oral-B iO zamijenite svaka 3 mjeseca<br \/>\n4 na\u010dina rada<\/p>\n","protected":false},"featured_media":0,"template":"","meta":{"_seopress_robots_primary_cat":"","_seopress_titles_title":"","_seopress_titles_desc":"","_seopress_robots_index":"","iawp_total_views":0},"product_brand":[423],"product_cat":[293,192,292],"product_tag":[],"class_list":{"0":"post-41954","1":"product","2":"type-product","3":"status-publish","5":"product_brand-oral-b-2","6":"product_cat-aparati-za-djecu-i-odrasle-292","7":"product_cat-aparati-za-osobnu-njegu","8":"product_cat-oralna-higijena-uredaji-192","10":"first","11":"outofstock","12":"shipping-taxable","13":"purchasable","14":"product-type-simple"},"_links":{"self":[{"href":"https:\/\/singuli.wpress.me\/index.php\/wp-json\/wp\/v2\/product\/41954","targetHints":{"allow":["GET"]}}],"collection":[{"href":"https:\/\/singuli.wpress.me\/index.php\/wp-json\/wp\/v2\/product"}],"about":[{"href":"https:\/\/singuli.wpress.me\/index.php\/wp-json\/wp\/v2\/types\/product"}],"version-history":[{"count":0,"href":"https:\/\/singuli.wpress.me\/index.php\/wp-json\/wp\/v2\/product\/41954\/revisions"}],"wp:attachment":[{"href":"https:\/\/singuli.wpress.me\/index.php\/wp-json\/wp\/v2\/media?parent=41954"}],"wp:term":[{"taxonomy":"product_brand","embeddable":true,"href":"https:\/\/singuli.wpress.me\/index.php\/wp-json\/wp\/v2\/product_brand?post=41954"},{"taxonomy":"product_cat","embeddable":true,"href":"https:\/\/singuli.wpress.me\/index.php\/wp-json\/wp\/v2\/product_cat?post=41954"},{"taxonomy":"product_tag","embeddable":true,"href":"https:\/\/singuli.wpress.me\/index.php\/wp-json\/wp\/v2\/product_tag?post=41954"}],"curies":[{"name":"wp","href":"https:\/\/api.w.org\/{rel}","templated":true}]}}