{"id":41958,"date":"2026-04-19T15:24:49","date_gmt":"2026-04-19T15:24:49","guid":{"rendered":"https:\/\/singuli.wpress.me\/index.php\/proizvod\/omala-s4-gxv-150-industrijsko-reduktorsko-ulje-20-l\/"},"modified":"2026-04-20T12:33:42","modified_gmt":"2026-04-20T12:33:42","slug":"omala-s4-gxv-150-industrijsko-reduktorsko-ulje-20-l","status":"publish","type":"product","link":"https:\/\/singuli.wpress.me\/index.php\/proizvod\/omala-s4-gxv-150-industrijsko-reduktorsko-ulje-20-l\/","title":{"rendered":"OMALA S4 GXV 150, industrijsko reduktorsko ulje, 20\u00a0l"},"content":{"rendered":"<p><span style=\"font-weight: bold\">Napredno sinteti\u010dko ulje za te\u0161ko optere\u0107ene industrijske zup\u010dani\u010dke prijenose<\/span>, odobrena od Siemens AG, osigurava izvanredne performanse podmazivanja \u010dak i pri najte\u017eim operativnim uvjetima koji mogu uklju\u010divati za\u0161titu od te\u0161kih tarnih optere\u0107enja, duga\u010dak vijek trajanja te visoku otpornost prema mikropitingu kao i odli\u010dnu kompatibilnost s brtvljenim materijalima. Posebno se preporu\u010duju za sustave koji zahtijevaju kori\u0161tenje ulja s dugim vijekom trajanja, neredovitim intervalima odr\u017eavanja ili koji su nepristupa\u010dni.<\/p>\n","protected":false},"excerpt":{"rendered":"<p>Ulje namijenjeno za te\u0161ko optere\u0107ene industrijske zup\u010dani\u010dke prijenose<br \/>\nOsigurava izvanredne performanse podmazivanja<br \/>\nU\u010dinkovito i pri najte\u017eim operativnim uvjetima odli\u010dnu kompatibilnost s brtvljenim materijalima<\/p>\n","protected":false},"featured_media":0,"template":"","meta":{"_seopress_robots_primary_cat":"","_seopress_titles_title":"","_seopress_titles_desc":"","_seopress_robots_index":"","iawp_total_views":0},"product_brand":[431],"product_cat":[243,276],"product_tag":[],"class_list":{"0":"post-41958","1":"product","2":"type-product","3":"status-publish","5":"product_brand-omala","6":"product_cat-automobili-i-motori","7":"product_cat-industrijska-i-specijalna-ulja-243","9":"first","10":"outofstock","11":"shipping-taxable","12":"purchasable","13":"product-type-simple"},"_links":{"self":[{"href":"https:\/\/singuli.wpress.me\/index.php\/wp-json\/wp\/v2\/product\/41958","targetHints":{"allow":["GET"]}}],"collection":[{"href":"https:\/\/singuli.wpress.me\/index.php\/wp-json\/wp\/v2\/product"}],"about":[{"href":"https:\/\/singuli.wpress.me\/index.php\/wp-json\/wp\/v2\/types\/product"}],"version-history":[{"count":0,"href":"https:\/\/singuli.wpress.me\/index.php\/wp-json\/wp\/v2\/product\/41958\/revisions"}],"wp:attachment":[{"href":"https:\/\/singuli.wpress.me\/index.php\/wp-json\/wp\/v2\/media?parent=41958"}],"wp:term":[{"taxonomy":"product_brand","embeddable":true,"href":"https:\/\/singuli.wpress.me\/index.php\/wp-json\/wp\/v2\/product_brand?post=41958"},{"taxonomy":"product_cat","embeddable":true,"href":"https:\/\/singuli.wpress.me\/index.php\/wp-json\/wp\/v2\/product_cat?post=41958"},{"taxonomy":"product_tag","embeddable":true,"href":"https:\/\/singuli.wpress.me\/index.php\/wp-json\/wp\/v2\/product_tag?post=41958"}],"curies":[{"name":"wp","href":"https:\/\/api.w.org\/{rel}","templated":true}]}}