{"id":41959,"date":"2026-04-19T15:24:49","date_gmt":"2026-04-19T15:24:49","guid":{"rendered":"https:\/\/singuli.wpress.me\/index.php\/proizvod\/gillette-venus-start-brijac-s-zamjenskim-britvicama-3-kom\/"},"modified":"2026-04-20T12:33:42","modified_gmt":"2026-04-20T12:33:42","slug":"gillette-venus-start-brijac-s-zamjenskim-britvicama-3-kom","status":"publish","type":"product","link":"https:\/\/singuli.wpress.me\/index.php\/proizvod\/gillette-venus-start-brijac-s-zamjenskim-britvicama-3-kom\/","title":{"rendered":"GILLETTE Venus Start, brija\u010d s zamjenskim britvicama, 3\u00a0kom"},"content":{"rendered":"<p>Brija\u010d za \u017eene Gillette Venus Start ima 3 o\u0161trice za glatko brijanje. <\/p>\n<p>Lubrikantna trakica lubricira ko\u017eu kako bi pomogla da o\u0161trice bolje klize i smanjila iritaciju. <\/p>\n<p>Sve britvice Venus mogu se koristiti sa svim dr\u0161kama Venus (osim Simply Venus).<\/p>\n","protected":false},"excerpt":{"rendered":"<p>Brija\u010d s 3 o\u0161trice za glatko brijanje<br \/>\nLubrikanti poma\u017eu da o\u0161trice lak\u0161e klize kako bi se smanjila iritacija ko\u017ee<br \/>\nKutija i umetak mogu se 100 % reciklirati<\/p>\n","protected":false},"featured_media":0,"template":"","meta":{"_seopress_robots_primary_cat":"","_seopress_titles_title":"","_seopress_titles_desc":"","_seopress_robots_index":"","iawp_total_views":0},"product_brand":[323],"product_cat":[280,192,279],"product_tag":[],"class_list":{"0":"post-41959","1":"product","2":"type-product","3":"status-publish","5":"product_brand-gillette","6":"product_cat-aparati-za-muskarce-279","7":"product_cat-aparati-za-osobnu-njegu","8":"product_cat-brijanje-i-sisanje-192","10":"first","11":"outofstock","12":"shipping-taxable","13":"purchasable","14":"product-type-simple"},"_links":{"self":[{"href":"https:\/\/singuli.wpress.me\/index.php\/wp-json\/wp\/v2\/product\/41959","targetHints":{"allow":["GET"]}}],"collection":[{"href":"https:\/\/singuli.wpress.me\/index.php\/wp-json\/wp\/v2\/product"}],"about":[{"href":"https:\/\/singuli.wpress.me\/index.php\/wp-json\/wp\/v2\/types\/product"}],"version-history":[{"count":0,"href":"https:\/\/singuli.wpress.me\/index.php\/wp-json\/wp\/v2\/product\/41959\/revisions"}],"wp:attachment":[{"href":"https:\/\/singuli.wpress.me\/index.php\/wp-json\/wp\/v2\/media?parent=41959"}],"wp:term":[{"taxonomy":"product_brand","embeddable":true,"href":"https:\/\/singuli.wpress.me\/index.php\/wp-json\/wp\/v2\/product_brand?post=41959"},{"taxonomy":"product_cat","embeddable":true,"href":"https:\/\/singuli.wpress.me\/index.php\/wp-json\/wp\/v2\/product_cat?post=41959"},{"taxonomy":"product_tag","embeddable":true,"href":"https:\/\/singuli.wpress.me\/index.php\/wp-json\/wp\/v2\/product_tag?post=41959"}],"curies":[{"name":"wp","href":"https:\/\/api.w.org\/{rel}","templated":true}]}}