{"id":41969,"date":"2026-04-19T15:24:52","date_gmt":"2026-04-19T15:24:52","guid":{"rendered":"https:\/\/singuli.wpress.me\/index.php\/proizvod\/lavazza-kava-u-zrnu-alteco-bio-1-kg\/"},"modified":"2026-04-20T12:33:42","modified_gmt":"2026-04-20T12:33:42","slug":"lavazza-kava-u-zrnu-alteco-bio-1-kg","status":"publish","type":"product","link":"https:\/\/singuli.wpress.me\/index.php\/proizvod\/lavazza-kava-u-zrnu-alteco-bio-1-kg\/","title":{"rendered":"LAVAZZA, kava u zrnu, Alteco Bio, 1\u00a0kg"},"content":{"rendered":"<p>Dan po\u010dinje dobrom kavom. Lavazza kavom. Svje\u017ee samljevena do savr\u0161enog espressa u udobnosti va\u0161eg doma ili ureda.<\/p>\n<p>Brend Lavazza sinonim je za poznati talijanski espresso. Uz vi\u0161e od stotinu godina tradicije, cilj im je kvalitetnu i aromati\u010dnu kavu pro\u0161iriti svijetom. Proces proizvodnje je pa\u017eljivo kontroliran, uz odabir najkvalitetnijih zrna kave. Zahvaljuju\u0107i posebnom pakiranju, kava zadr\u017eava svoj jedinstveni okus i autenti\u010dnu aromu.<\/p>\n<p>Vrhunska mje\u0161avina visokokvalitetne arabice i robuste iz Centralne, Ju\u017enoj Americi i Africi, dolaze iz vrhunskih planta\u017ea kave koje prakticirati organski uzgoj. Savr\u0161en balans izme\u0111u nota meda, suhog vo\u0107a, \u010dokoladni zavr\u0161etak, puno tijelo i intenzivan okus. Zahvaljuju\u0107i posebnoj metodi pr\u017eenja, arome kave su o\u010duvane i poja\u010dan. Kako bi se odr\u017eala savr\u0161ena konzistencija okusa, mje\u0161avina mo\u017ee sadr\u017eavati indijsku kavu, ovisno o godi\u0161njim karakteristikama \u017eetve. Podrijetlo: planine u Srednjoj Americi, Ju\u017ena Amerika i Afrike.<\/p>\n<p>Zna\u010dajke:<br \/>\n&#8211; Sastav: 60% Arabica, 40% robusta espresso<br \/>\n&#8211; Prevladavaju\u0107e note: meda, suhog vo\u0107a, \u010dokoladni zavr\u0161etak<br \/>\n&#8211; Okus: balansiran<br \/>\n&#8211; Pe\u010denje: sporo i \u201cnje\u017eno\u201d tradicionalno pe\u010denje u bubnju<\/p>\n<p>Za\u0161to Espresso Lavazza:<br \/>\n&#8211; ekolo\u0161ki: manje plastike i otpadne ambala\u017ee (npr. kapsule)<br \/>\n&#8211; svje\u017eina: kontinuirano mljevenje zrna<br \/>\n&#8211; \u0161irok izbor Lavazza okusa<br \/>\n&#8211; veliki izbor (automatskih) aparata za kavu razli\u010ditih proizvo\u0111a\u010da<\/p>\n<p>Savjet: Kako biste osigurali svje\u017einu va\u0161e Lavazza kave, preporu\u010duje se takozvano &quot;zra\u010dno zatvoreno&quot; skladi\u0161tenje. Tako \u0107ete dugo u\u017eivati u kvaliteti i svje\u017eini koju nudi Lavazza.<\/p>\n<p>Lavazza &#8211; odr\u017eiva obrada<\/p>\n<p>Poznavanje proizvoda, odr\u017eivost i inovativnost vrijednosti su izra\u017eene u svakoj od 27 milijardi Lavazza \u0161alica za espresso koje se svake godine poslu\u017euju diljem svijeta. Njihov cilj je zadovoljiti ukus svih ljubitelja kave pru\u017eaju\u0107i pravi spoj tradicije i inovacije.<\/p>\n<p>Vi\u0161e od 120 godina Lavazza slijedi viziju koja se temelji na strasti za posao, za proizvod i za zemlju u kojoj djeluje. Lavazzin na\u010din poslovanja primjer je odr\u017eivosti u punom smislu te rije\u010di. To je kvaliteta koju su izgradili i podijelili sa svim ljudima koji su uklju\u010deni u proizvodnju kave od po\u010detka do kraja. Vi\u0161e od deset godina izravno sudjeluju i doprinose odr\u017eivim projektima potpore lokalnim zajednicama u Srednjoj i Ju\u017enoj Americi, Africi i Aziji te poma\u017eu malim proizvo\u0111a\u010dima kave programima za unapre\u0111enje lokalnog gospodarstva, \u017eivota u zajednici (\u0161kola, posao). uvjetima) i za\u0161tite okoli\u0161a. To su kvalitete po kojima je tvrtka prepoznatljiva u svijetu, ne samo zbog proizvodnje vrhunske kave, ve\u0107 i zbog pristupa radu i dru\u0161tvenog anga\u017emana<\/p>\n","protected":false},"excerpt":{"rendered":"<p>60% Arabica, 40% robusta espresso<br \/>\nAroma: med, suho vo\u0107e, \u010dokoladni zavr\u0161etak<br \/>\nOkus: balansiran<\/p>\n","protected":false},"featured_media":0,"template":"","meta":{"_seopress_robots_primary_cat":"","_seopress_titles_title":"","_seopress_titles_desc":"","_seopress_robots_index":"","iawp_total_views":0},"product_brand":[393],"product_cat":[261,275],"product_tag":[],"class_list":{"0":"post-41969","1":"product","2":"type-product","3":"status-publish","5":"product_brand-lavazza","6":"product_cat-hrana-i-pice","7":"product_cat-kava-i-cajevi-261","9":"first","10":"instock","11":"shipping-taxable","12":"purchasable","13":"product-type-simple"},"_links":{"self":[{"href":"https:\/\/singuli.wpress.me\/index.php\/wp-json\/wp\/v2\/product\/41969","targetHints":{"allow":["GET"]}}],"collection":[{"href":"https:\/\/singuli.wpress.me\/index.php\/wp-json\/wp\/v2\/product"}],"about":[{"href":"https:\/\/singuli.wpress.me\/index.php\/wp-json\/wp\/v2\/types\/product"}],"version-history":[{"count":0,"href":"https:\/\/singuli.wpress.me\/index.php\/wp-json\/wp\/v2\/product\/41969\/revisions"}],"wp:attachment":[{"href":"https:\/\/singuli.wpress.me\/index.php\/wp-json\/wp\/v2\/media?parent=41969"}],"wp:term":[{"taxonomy":"product_brand","embeddable":true,"href":"https:\/\/singuli.wpress.me\/index.php\/wp-json\/wp\/v2\/product_brand?post=41969"},{"taxonomy":"product_cat","embeddable":true,"href":"https:\/\/singuli.wpress.me\/index.php\/wp-json\/wp\/v2\/product_cat?post=41969"},{"taxonomy":"product_tag","embeddable":true,"href":"https:\/\/singuli.wpress.me\/index.php\/wp-json\/wp\/v2\/product_tag?post=41969"}],"curies":[{"name":"wp","href":"https:\/\/api.w.org\/{rel}","templated":true}]}}