{"id":41971,"date":"2026-04-19T15:24:53","date_gmt":"2026-04-19T15:24:53","guid":{"rendered":"https:\/\/singuli.wpress.me\/index.php\/proizvod\/hot-wheels-akcijski-set-za-utrkivanje-s-visestrukim-petljama\/"},"modified":"2026-04-20T12:33:42","modified_gmt":"2026-04-20T12:33:42","slug":"hot-wheels-akcijski-set-za-utrkivanje-s-visestrukim-petljama","status":"publish","type":"product","link":"https:\/\/singuli.wpress.me\/index.php\/proizvod\/hot-wheels-akcijski-set-za-utrkivanje-s-visestrukim-petljama\/","title":{"rendered":"HOT WHEELS, akcijski set za utrkivanje, s vi\u0161estrukim petljama"},"content":{"rendered":"<p>Hot Wheels akcijski set s vi\u0161estrukom petljom dovodi utrkivanje do novih razina! Jurnjava auti\u0107a kroz stazu i petlje do cilja zabava je koja ne prestaje! Budi prvi koji \u0107e do\u0107i do najve\u0107e petlje, sru\u0161iti je i ostaviti ostale natjecatelje u pra\u0161ini.<\/p>\n<p>Uklju\u010duje 1 Hot Wheels auti\u0107. Spoji ovaj set s ostalima za jo\u0161 vi\u0161e utrka i akrobacija (ostali setovi prodaju se odvojeno).\u00a0\u00a0\u00a0<\/p>\n","protected":false},"excerpt":{"rendered":"<p>Uklju\u010duje 1 Hot Wheels auti\u0107<br \/>\nDovodi utrkivanje do novih razina<br \/>\nOstali setovi prodaju se odvojeno<\/p>\n","protected":false},"featured_media":0,"template":"","meta":{"_seopress_robots_primary_cat":"","_seopress_titles_title":"","_seopress_titles_desc":"","_seopress_robots_index":"","iawp_total_views":0},"product_brand":[429],"product_cat":[221,291],"product_tag":[],"class_list":{"0":"post-41971","1":"product","2":"type-product","3":"status-publish","5":"product_brand-hot-wheels","6":"product_cat-igracke","7":"product_cat-igracke-za-djecu-221","9":"first","10":"outofstock","11":"shipping-taxable","12":"purchasable","13":"product-type-simple"},"_links":{"self":[{"href":"https:\/\/singuli.wpress.me\/index.php\/wp-json\/wp\/v2\/product\/41971","targetHints":{"allow":["GET"]}}],"collection":[{"href":"https:\/\/singuli.wpress.me\/index.php\/wp-json\/wp\/v2\/product"}],"about":[{"href":"https:\/\/singuli.wpress.me\/index.php\/wp-json\/wp\/v2\/types\/product"}],"version-history":[{"count":0,"href":"https:\/\/singuli.wpress.me\/index.php\/wp-json\/wp\/v2\/product\/41971\/revisions"}],"wp:attachment":[{"href":"https:\/\/singuli.wpress.me\/index.php\/wp-json\/wp\/v2\/media?parent=41971"}],"wp:term":[{"taxonomy":"product_brand","embeddable":true,"href":"https:\/\/singuli.wpress.me\/index.php\/wp-json\/wp\/v2\/product_brand?post=41971"},{"taxonomy":"product_cat","embeddable":true,"href":"https:\/\/singuli.wpress.me\/index.php\/wp-json\/wp\/v2\/product_cat?post=41971"},{"taxonomy":"product_tag","embeddable":true,"href":"https:\/\/singuli.wpress.me\/index.php\/wp-json\/wp\/v2\/product_tag?post=41971"}],"curies":[{"name":"wp","href":"https:\/\/api.w.org\/{rel}","templated":true}]}}