{"id":41982,"date":"2026-04-19T15:24:57","date_gmt":"2026-04-19T15:24:57","guid":{"rendered":"https:\/\/singuli.wpress.me\/index.php\/proizvod\/rio-mare-tunjevina-u-ekstra-djevicanskom-maslinovom-ulju-4x80g\/"},"modified":"2026-04-20T12:33:42","modified_gmt":"2026-04-20T12:33:42","slug":"rio-mare-tunjevina-u-ekstra-djevicanskom-maslinovom-ulju-4x80g","status":"publish","type":"product","link":"https:\/\/singuli.wpress.me\/index.php\/proizvod\/rio-mare-tunjevina-u-ekstra-djevicanskom-maslinovom-ulju-4x80g\/","title":{"rendered":"RIO MARE, tunjevina u ekstra djevi\u010danskom maslinovom ulju, 4x80g"},"content":{"rendered":"<p>Savr\u0161en spoj autenti\u010dnih okusa Rio Mare tunjevine vrhunske kvalitete i ekstra djevi\u010danskog maslinovog ulja pobolj\u0161at \u0107e i najjednostavnija jela. <\/p>\n<p>Njezin jedinstven okus rezultat je posebnog procesa mariniranja u visokovrijednom ekstra djevi\u010danskom maslinovom ulju dobivenom pre\u0161anjem najboljih maslina.<\/p>\n","protected":false},"excerpt":{"rendered":"<p>Nepogre\u0161iv okus Rio Mare tunjevine<br \/>\nDosljedna kvaliteta<br \/>\nMariniranje tunjevine u visokovrijednom ekstra djevi\u010danskom maslinovom ulju<\/p>\n","protected":false},"featured_media":0,"template":"","meta":{"_seopress_robots_primary_cat":"","_seopress_titles_title":"","_seopress_titles_desc":"","_seopress_robots_index":"","iawp_total_views":0},"product_brand":[456],"product_cat":[261,299],"product_tag":[],"class_list":{"0":"post-41982","1":"product","2":"type-product","3":"status-publish","5":"product_brand-rio-mare","6":"product_cat-hrana-i-pice","7":"product_cat-konzervirana-i-gotova-hrana-261","9":"first","10":"outofstock","11":"shipping-taxable","12":"purchasable","13":"product-type-simple"},"_links":{"self":[{"href":"https:\/\/singuli.wpress.me\/index.php\/wp-json\/wp\/v2\/product\/41982","targetHints":{"allow":["GET"]}}],"collection":[{"href":"https:\/\/singuli.wpress.me\/index.php\/wp-json\/wp\/v2\/product"}],"about":[{"href":"https:\/\/singuli.wpress.me\/index.php\/wp-json\/wp\/v2\/types\/product"}],"version-history":[{"count":0,"href":"https:\/\/singuli.wpress.me\/index.php\/wp-json\/wp\/v2\/product\/41982\/revisions"}],"wp:attachment":[{"href":"https:\/\/singuli.wpress.me\/index.php\/wp-json\/wp\/v2\/media?parent=41982"}],"wp:term":[{"taxonomy":"product_brand","embeddable":true,"href":"https:\/\/singuli.wpress.me\/index.php\/wp-json\/wp\/v2\/product_brand?post=41982"},{"taxonomy":"product_cat","embeddable":true,"href":"https:\/\/singuli.wpress.me\/index.php\/wp-json\/wp\/v2\/product_cat?post=41982"},{"taxonomy":"product_tag","embeddable":true,"href":"https:\/\/singuli.wpress.me\/index.php\/wp-json\/wp\/v2\/product_tag?post=41982"}],"curies":[{"name":"wp","href":"https:\/\/api.w.org\/{rel}","templated":true}]}}