{"id":41984,"date":"2026-04-19T15:24:58","date_gmt":"2026-04-19T15:24:58","guid":{"rendered":"https:\/\/singuli.wpress.me\/index.php\/proizvod\/rimula-r5-e-10w40-motorno-ulje-za-gospodarska-vozila-3x5l-15-l\/"},"modified":"2026-04-20T12:33:42","modified_gmt":"2026-04-20T12:33:42","slug":"rimula-r5-e-10w40-motorno-ulje-za-gospodarska-vozila-3x5l-15-l","status":"publish","type":"product","link":"https:\/\/singuli.wpress.me\/index.php\/proizvod\/rimula-r5-e-10w40-motorno-ulje-za-gospodarska-vozila-3x5l-15-l\/","title":{"rendered":"RIMULA R5 E 10W40, motorno ulje za gospodarska vozila, 3x5l, 15\u00a0l"},"content":{"rendered":"<p>Motorno ulje sinteti\u010dke osnove za dizelske motore gospodarskih vozila. <\/p>\n<p>Motorno ulje je formulirano na tehnologiji aktivne za\u0161tite u jedinstvenoj kombinaciji sa aditivima visokih performansi najnovije generacije da bi se osigurala prilagodba i za\u0161tita u svim uvjetima tlakova i temperatura pod kojima rade dana\u0161nji moderni motori. <\/p>\n<p>Bazno ulje sinteti\u010dke osobine dodatno poja\u010dava performanse ulja te pru\u017ea u\u0161tedu energije i u\u010dinkovitosti potro\u0161nje goriva, odli\u010dnu kontrolu izgaranja \u010da\u0111e i postojanost viskoziteta, izvanrednu za\u0161titu od tro\u0161enja i iznimnu raznovrsnost primjene tako da se jedno ulje mo\u017ee koristiti u voznom parku sa vi\u0161e razli\u010ditih motora. <br \/>\n<span style=\"font-weight: bold\"><br \/>\nSpecifikacija:<\/span> API CI-4, CH-4; ACEA E7, E5, E3; Cummins CES 20078, 77, 76, 72, 71; Mack EO-M, M Plus; MAN M 3275-1; MB-odobrenje 228.3; Renault RLD-2; Volvo VDS-3, Hino DHD-1.<\/p>\n","protected":false},"excerpt":{"rendered":"<p>Pru\u017ea u\u0161tedu energije i potro\u0161nje goriva<br \/>\nPrikladno za kori\u0161tenje u voznom parku sa vi\u0161e razli\u010ditih motora<br \/>\nSpecifikacija u opisu<\/p>\n","protected":false},"featured_media":0,"template":"","meta":{"_seopress_robots_primary_cat":"","_seopress_titles_title":"","_seopress_titles_desc":"","_seopress_robots_index":"","iawp_total_views":0},"product_brand":[469],"product_cat":[243,276,272],"product_tag":[],"class_list":{"0":"post-41984","1":"product","2":"type-product","3":"status-publish","5":"product_brand-rimula","6":"product_cat-automobili-i-motori","7":"product_cat-industrijska-i-specijalna-ulja-243","8":"product_cat-motorna-ulja-243","10":"first","11":"instock","12":"shipping-taxable","13":"purchasable","14":"product-type-simple"},"_links":{"self":[{"href":"https:\/\/singuli.wpress.me\/index.php\/wp-json\/wp\/v2\/product\/41984","targetHints":{"allow":["GET"]}}],"collection":[{"href":"https:\/\/singuli.wpress.me\/index.php\/wp-json\/wp\/v2\/product"}],"about":[{"href":"https:\/\/singuli.wpress.me\/index.php\/wp-json\/wp\/v2\/types\/product"}],"version-history":[{"count":0,"href":"https:\/\/singuli.wpress.me\/index.php\/wp-json\/wp\/v2\/product\/41984\/revisions"}],"wp:attachment":[{"href":"https:\/\/singuli.wpress.me\/index.php\/wp-json\/wp\/v2\/media?parent=41984"}],"wp:term":[{"taxonomy":"product_brand","embeddable":true,"href":"https:\/\/singuli.wpress.me\/index.php\/wp-json\/wp\/v2\/product_brand?post=41984"},{"taxonomy":"product_cat","embeddable":true,"href":"https:\/\/singuli.wpress.me\/index.php\/wp-json\/wp\/v2\/product_cat?post=41984"},{"taxonomy":"product_tag","embeddable":true,"href":"https:\/\/singuli.wpress.me\/index.php\/wp-json\/wp\/v2\/product_tag?post=41984"}],"curies":[{"name":"wp","href":"https:\/\/api.w.org\/{rel}","templated":true}]}}