{"id":41986,"date":"2026-04-19T15:24:58","date_gmt":"2026-04-19T15:24:58","guid":{"rendered":"https:\/\/singuli.wpress.me\/index.php\/proizvod\/aeroshell-oil-sport-plus-4-ulje-za-klipne-motora-12x1l-12-l\/"},"modified":"2026-04-20T12:33:42","modified_gmt":"2026-04-20T12:33:42","slug":"aeroshell-oil-sport-plus-4-ulje-za-klipne-motora-12x1l-12-l","status":"publish","type":"product","link":"https:\/\/singuli.wpress.me\/index.php\/proizvod\/aeroshell-oil-sport-plus-4-ulje-za-klipne-motora-12x1l-12-l\/","title":{"rendered":"AEROSHELL OIL SPORT PLUS 4, ulje za klipne motora, 12x1l, 12\u00a0l"},"content":{"rendered":"<p>Sinteti\u010dko ulje za \u010detverotaktne klipne motore zrakoplava specijalno razvijeno zasportske avione kao \u0161to je ROTAX\u00ae912 i 914 serije te ultralakih aviona. Omogu\u0107ava visoku razinu \u010disto\u0107e motora, antikorozivna svojstva, aditive protiv pjenenja, uporabu u razli\u010ditim klimatskim uvjetima, du\u017ee vrijeme izme\u0111u remontnih radova. <\/p>\n<p><span style=\"font-weight: bold\">Specifikacija: <\/span>ROTAX\u00aeRON 424. Navedeno u Rotax servisnim uputama Si-912i-01\/SI-0912-016\/SI-914-019 &quot;Odabir prikladnih radnih teku\u0107ina za Rotax motor tip 912 i 914 (serija)&quot; kao zrakoplovno ulje koje je testirao i oslobodio BRP-pogonski sklop, za upotrebu s olovnim Avgasom i bezolovnim gorivom.  <\/p>\n","protected":false},"excerpt":{"rendered":"<p>Ulje za klipove motora zrakoplova<br \/>\nZa sportske avione<br \/>\nProtiv pjenjenja<\/p>\n","protected":false},"featured_media":0,"template":"","meta":{"_seopress_robots_primary_cat":"","_seopress_titles_title":"","_seopress_titles_desc":"","_seopress_robots_index":"","iawp_total_views":0},"product_brand":[482],"product_cat":[221,263],"product_tag":[],"class_list":{"0":"post-41986","1":"product","2":"type-product","3":"status-publish","5":"product_brand-aeroshell","6":"product_cat-igracke","7":"product_cat-tematske-igracke-221","9":"first","10":"outofstock","11":"shipping-taxable","12":"purchasable","13":"product-type-simple"},"_links":{"self":[{"href":"https:\/\/singuli.wpress.me\/index.php\/wp-json\/wp\/v2\/product\/41986","targetHints":{"allow":["GET"]}}],"collection":[{"href":"https:\/\/singuli.wpress.me\/index.php\/wp-json\/wp\/v2\/product"}],"about":[{"href":"https:\/\/singuli.wpress.me\/index.php\/wp-json\/wp\/v2\/types\/product"}],"version-history":[{"count":0,"href":"https:\/\/singuli.wpress.me\/index.php\/wp-json\/wp\/v2\/product\/41986\/revisions"}],"wp:attachment":[{"href":"https:\/\/singuli.wpress.me\/index.php\/wp-json\/wp\/v2\/media?parent=41986"}],"wp:term":[{"taxonomy":"product_brand","embeddable":true,"href":"https:\/\/singuli.wpress.me\/index.php\/wp-json\/wp\/v2\/product_brand?post=41986"},{"taxonomy":"product_cat","embeddable":true,"href":"https:\/\/singuli.wpress.me\/index.php\/wp-json\/wp\/v2\/product_cat?post=41986"},{"taxonomy":"product_tag","embeddable":true,"href":"https:\/\/singuli.wpress.me\/index.php\/wp-json\/wp\/v2\/product_tag?post=41986"}],"curies":[{"name":"wp","href":"https:\/\/api.w.org\/{rel}","templated":true}]}}