{"id":41987,"date":"2026-04-19T15:24:58","date_gmt":"2026-04-19T15:24:58","guid":{"rendered":"https:\/\/singuli.wpress.me\/index.php\/proizvod\/old-spice-cooling-gel-za-tusiranje-i-sampon-400-ml\/"},"modified":"2026-04-20T12:33:42","modified_gmt":"2026-04-20T12:33:42","slug":"old-spice-cooling-gel-za-tusiranje-i-sampon-400-ml","status":"publish","type":"product","link":"https:\/\/singuli.wpress.me\/index.php\/proizvod\/old-spice-cooling-gel-za-tusiranje-i-sampon-400-ml\/","title":{"rendered":"OLD SPICE Cooling, gel za tu\u0161iranje i \u0161ampon, 400\u00a0ml"},"content":{"rendered":"<p>Ima\u0161 li kosu? Ima\u0161 li tijelo? Gospodo, ovo su va\u017ena pitanja. Ako je odgovor na barem jedno od postavljenih pitanja potvrdan, onda krenimo na posao. <\/p>\n<p>Pjena \u010disti i rastura prljav\u0161tinu i neugodne mirise, a na tvoje se tijelo spu\u0161ta miris poput magle koja se spu\u0161ta u dolinu, dopu\u0161taju\u0107i \u017eivotinjama da se razmno\u017eavaju bez na\u0161eg znanja. Ako iz nekog razloga nema\u0161 ni kosu ni tijelo, mora\u0161 znati da radimo na rje\u0161enju za tebe.<\/p>\n","protected":false},"excerpt":{"rendered":"<p>2u1: gel za tu\u0161iranje i \u0161ampon<br \/>\nMu\u017eevan miris<br \/>\nHidratantna formula<\/p>\n","protected":false},"featured_media":0,"template":"","meta":{"_seopress_robots_primary_cat":"","_seopress_titles_title":"","_seopress_titles_desc":"","_seopress_robots_index":"","iawp_total_views":0},"product_brand":[448],"product_cat":[268,278],"product_tag":[],"class_list":{"0":"post-41987","1":"product","2":"type-product","3":"status-publish","5":"product_brand-old-spice","6":"product_cat-kozmetika-2","7":"product_cat-njega-tijela-268","9":"first","10":"outofstock","11":"shipping-taxable","12":"purchasable","13":"product-type-simple"},"_links":{"self":[{"href":"https:\/\/singuli.wpress.me\/index.php\/wp-json\/wp\/v2\/product\/41987","targetHints":{"allow":["GET"]}}],"collection":[{"href":"https:\/\/singuli.wpress.me\/index.php\/wp-json\/wp\/v2\/product"}],"about":[{"href":"https:\/\/singuli.wpress.me\/index.php\/wp-json\/wp\/v2\/types\/product"}],"version-history":[{"count":0,"href":"https:\/\/singuli.wpress.me\/index.php\/wp-json\/wp\/v2\/product\/41987\/revisions"}],"wp:attachment":[{"href":"https:\/\/singuli.wpress.me\/index.php\/wp-json\/wp\/v2\/media?parent=41987"}],"wp:term":[{"taxonomy":"product_brand","embeddable":true,"href":"https:\/\/singuli.wpress.me\/index.php\/wp-json\/wp\/v2\/product_brand?post=41987"},{"taxonomy":"product_cat","embeddable":true,"href":"https:\/\/singuli.wpress.me\/index.php\/wp-json\/wp\/v2\/product_cat?post=41987"},{"taxonomy":"product_tag","embeddable":true,"href":"https:\/\/singuli.wpress.me\/index.php\/wp-json\/wp\/v2\/product_tag?post=41987"}],"curies":[{"name":"wp","href":"https:\/\/api.w.org\/{rel}","templated":true}]}}