{"id":41994,"date":"2026-04-19T15:25:00","date_gmt":"2026-04-19T15:25:00","guid":{"rendered":"https:\/\/singuli.wpress.me\/index.php\/proizvod\/moser-blue-edition-1400-sisac\/"},"modified":"2026-04-20T12:33:42","modified_gmt":"2026-04-20T12:33:42","slug":"moser-blue-edition-1400-sisac","status":"publish","type":"product","link":"https:\/\/singuli.wpress.me\/index.php\/proizvod\/moser-blue-edition-1400-sisac\/","title":{"rendered":"MOSER Blue Edition 1400, \u0161i\u0161a\u010d"},"content":{"rendered":"<p>Svaki se model od 1400 \u0161i\u0161a\u010da za kosu mo\u017ee pohvaliti cijelom metalnom o\u0161tricom dijamantskog rezanja 46 mm. <\/p>\n<p>U kombinaciji s postavkom duljine rezanja MultiClick\u00ae s 5 polo\u017eaja (0,7 &#8211; 3 mm), svaki put je zajam\u010dena savr\u0161ena frizura. Svi modeli 1400 proizvedeni su u njema\u010dkom Schwarzwaldu kako bi se osigurali najvi\u0161i standardi kvalitete u industriji.<\/p>\n","protected":false},"excerpt":{"rendered":"<p>\u010cvrsta metalna dijamantna o\u0161trica<br \/>\nNovi i pobolj\u0161ani motor za 50% ve\u0107u snagu rezanja<br \/>\nMultiClick\u00ae za jednostavno pode\u0161avanje duljine rezanja<\/p>\n","protected":false},"featured_media":0,"template":"","meta":{"_seopress_robots_primary_cat":"","_seopress_titles_title":"","_seopress_titles_desc":"","_seopress_robots_index":"","iawp_total_views":0},"product_brand":[149],"product_cat":[192,279],"product_tag":[],"class_list":{"0":"post-41994","1":"product","2":"type-product","3":"status-publish","5":"product_brand-moser","6":"product_cat-aparati-za-osobnu-njegu","7":"product_cat-brijanje-i-sisanje-192","9":"first","10":"outofstock","11":"shipping-taxable","12":"purchasable","13":"product-type-simple"},"_links":{"self":[{"href":"https:\/\/singuli.wpress.me\/index.php\/wp-json\/wp\/v2\/product\/41994","targetHints":{"allow":["GET"]}}],"collection":[{"href":"https:\/\/singuli.wpress.me\/index.php\/wp-json\/wp\/v2\/product"}],"about":[{"href":"https:\/\/singuli.wpress.me\/index.php\/wp-json\/wp\/v2\/types\/product"}],"version-history":[{"count":0,"href":"https:\/\/singuli.wpress.me\/index.php\/wp-json\/wp\/v2\/product\/41994\/revisions"}],"wp:attachment":[{"href":"https:\/\/singuli.wpress.me\/index.php\/wp-json\/wp\/v2\/media?parent=41994"}],"wp:term":[{"taxonomy":"product_brand","embeddable":true,"href":"https:\/\/singuli.wpress.me\/index.php\/wp-json\/wp\/v2\/product_brand?post=41994"},{"taxonomy":"product_cat","embeddable":true,"href":"https:\/\/singuli.wpress.me\/index.php\/wp-json\/wp\/v2\/product_cat?post=41994"},{"taxonomy":"product_tag","embeddable":true,"href":"https:\/\/singuli.wpress.me\/index.php\/wp-json\/wp\/v2\/product_tag?post=41994"}],"curies":[{"name":"wp","href":"https:\/\/api.w.org\/{rel}","templated":true}]}}