{"id":41997,"date":"2026-04-19T15:25:01","date_gmt":"2026-04-19T15:25:01","guid":{"rendered":"https:\/\/singuli.wpress.me\/index.php\/proizvod\/bio-oil-suho-ulje-125-ml\/"},"modified":"2026-04-21T00:27:14","modified_gmt":"2026-04-21T00:27:14","slug":"bio-oil-suho-ulje-125-ml","status":"publish","type":"product","link":"https:\/\/singuli.wpress.me\/index.php\/proizvod\/bio-oil-suho-ulje-125-ml\/","title":{"rendered":"BIO-OIL, suho ulje, 125\u00a0ml"},"content":{"rendered":"<p>Bio-Oil\u00ae je posebno ulje za njegu ko\u017ee s formulom koja poma\u017ee pobolj\u0161ati izgled o\u017eiljaka, strija i neujedna\u010denog tena.  <span style=\"font-weight: bold\">O\u017eiljci<\/span> poma\u017ee popraviti izgled kako novih, tako i starih o\u017eiljaka. <span style=\"font-weight: bold\">Strije<\/span> poma\u017ee smanjiti mogu\u0107nost nastanka strija tijekom trudno\u0107e, zamaha rasta kod tinejd\u017eera te kod naglog dobivanja na te\u017eini. Poma\u017ee pobolj\u0161ati izgled postoje\u0107ih strija. <span style=\"font-weight: bold\">Neujedna\u010den ten<\/span> poma\u017ee pobolj\u0161ati izgled tragova pigmentacije i pjega kod tamnih i svijetlih tipova ko\u017ee. <span style=\"font-weight: bold\">Zrela i dehidrirana ko\u017e<\/span>a poma\u017ee da zrela ko\u017ea lica i tijela izgleda glalatko i tonirano, poma\u017ee odr\u017eati vla\u017enost ko\u017ee. <span style=\"font-weight: bold\">PURCELLIN OIL\u2122  <\/span>Sadr\u017ei jedinstveni sastojak PurCellin Oil\u2122, koji smanjuje gusto\u0107u formule i osigurava bolje upijanje ulja u ko\u017eu<span style=\"font-weight: bold\">. <\/span>Rezultati primjene proizvoda mogu varirati od osobe do osobe.<\/p>\n","protected":false},"excerpt":{"rendered":"<p>Bio-Oil\u00ae je posebno ulje za njegu ko\u017ee s formulom koja poma\u017ee pobolj\u0161ati izgled o\u017eiljaka, strija i neujedna\u010denog tena<br \/>\nNjegova jedinstvena formula s revolucionarnim sastojkom PurCellin Oil\u2122 tako\u0111er je jako u\u010dinkovita i kada su u pitanju tragovi starenja i dehidrirana ko\u017ea<br \/>\nSamo za vanjsku upotrebu<\/p>\n","protected":false},"featured_media":0,"template":"","meta":{"_seopress_robots_primary_cat":"","_seopress_titles_title":"","_seopress_titles_desc":"","_seopress_robots_index":"","iawp_total_views":0},"product_brand":[856],"product_cat":[268,278],"product_tag":[],"class_list":{"0":"post-41997","1":"product","2":"type-product","3":"status-publish","5":"product_brand-bio-oil","6":"product_cat-kozmetika-2","7":"product_cat-njega-tijela-268","9":"first","10":"instock","11":"shipping-taxable","12":"purchasable","13":"product-type-simple"},"_links":{"self":[{"href":"https:\/\/singuli.wpress.me\/index.php\/wp-json\/wp\/v2\/product\/41997","targetHints":{"allow":["GET"]}}],"collection":[{"href":"https:\/\/singuli.wpress.me\/index.php\/wp-json\/wp\/v2\/product"}],"about":[{"href":"https:\/\/singuli.wpress.me\/index.php\/wp-json\/wp\/v2\/types\/product"}],"version-history":[{"count":0,"href":"https:\/\/singuli.wpress.me\/index.php\/wp-json\/wp\/v2\/product\/41997\/revisions"}],"wp:attachment":[{"href":"https:\/\/singuli.wpress.me\/index.php\/wp-json\/wp\/v2\/media?parent=41997"}],"wp:term":[{"taxonomy":"product_brand","embeddable":true,"href":"https:\/\/singuli.wpress.me\/index.php\/wp-json\/wp\/v2\/product_brand?post=41997"},{"taxonomy":"product_cat","embeddable":true,"href":"https:\/\/singuli.wpress.me\/index.php\/wp-json\/wp\/v2\/product_cat?post=41997"},{"taxonomy":"product_tag","embeddable":true,"href":"https:\/\/singuli.wpress.me\/index.php\/wp-json\/wp\/v2\/product_tag?post=41997"}],"curies":[{"name":"wp","href":"https:\/\/api.w.org\/{rel}","templated":true}]}}