{"id":41999,"date":"2026-04-19T15:25:02","date_gmt":"2026-04-19T15:25:02","guid":{"rendered":"https:\/\/singuli.wpress.me\/index.php\/proizvod\/always-ultra-sensitive-super-plus-higijenski-ulosci-16-kom\/"},"modified":"2026-04-20T12:33:42","modified_gmt":"2026-04-20T12:33:42","slug":"always-ultra-sensitive-super-plus-higijenski-ulosci-16-kom","status":"publish","type":"product","link":"https:\/\/singuli.wpress.me\/index.php\/proizvod\/always-ultra-sensitive-super-plus-higijenski-ulosci-16-kom\/","title":{"rendered":"ALWAYS Ultra Sensitive Super Plus, higijenski ulo\u0161ci, 16\u00a0kom"},"content":{"rendered":"<p>Povr\u0161inski sloj mekan poput pamuka i jedinstvene zone koje osiguravaju dodatnu udobnost za va\u0161u osjetljivu ko\u017eu. Idealno za dane sa srednje jakom i obilnijom mjese\u010dnicom. S krilcima koja pru\u017eaju dodatnu bo\u010dnu za\u0161titu i poma\u017eu zadr\u017eati higijenski ulo\u017eak na mjestu. Higijenski ulo\u0161ci s krilcima Always Ultra Sensitive Super Plus (Veli\u010dina 2) najbolji su izbor me\u0111u ulo\u0161cima Always Sensitive za dane s obilnom mjese\u010dnicom.<\/p>\n","protected":false},"excerpt":{"rendered":"<p>S krilcima koja poma\u017eu da ulo\u017eak ostane na mjestu.<br \/>\nJastu\u010di\u0107i su pojedina\u010dno zapakirani radi lak\u0161eg no\u0161enja.<br \/>\nZa dane obilne mjese\u010dnice.<\/p>\n","protected":false},"featured_media":0,"template":"","meta":{"_seopress_robots_primary_cat":"","_seopress_titles_title":"","_seopress_titles_desc":"","_seopress_robots_index":"","iawp_total_views":0},"product_brand":[449],"product_cat":[211,288],"product_tag":[],"class_list":{"0":"post-41999","1":"product","2":"type-product","3":"status-publish","5":"product_brand-always","6":"product_cat-njega-majke-i-djeteta","7":"product_cat-zenska-higijena-211","9":"first","10":"instock","11":"shipping-taxable","12":"purchasable","13":"product-type-simple"},"_links":{"self":[{"href":"https:\/\/singuli.wpress.me\/index.php\/wp-json\/wp\/v2\/product\/41999","targetHints":{"allow":["GET"]}}],"collection":[{"href":"https:\/\/singuli.wpress.me\/index.php\/wp-json\/wp\/v2\/product"}],"about":[{"href":"https:\/\/singuli.wpress.me\/index.php\/wp-json\/wp\/v2\/types\/product"}],"version-history":[{"count":0,"href":"https:\/\/singuli.wpress.me\/index.php\/wp-json\/wp\/v2\/product\/41999\/revisions"}],"wp:attachment":[{"href":"https:\/\/singuli.wpress.me\/index.php\/wp-json\/wp\/v2\/media?parent=41999"}],"wp:term":[{"taxonomy":"product_brand","embeddable":true,"href":"https:\/\/singuli.wpress.me\/index.php\/wp-json\/wp\/v2\/product_brand?post=41999"},{"taxonomy":"product_cat","embeddable":true,"href":"https:\/\/singuli.wpress.me\/index.php\/wp-json\/wp\/v2\/product_cat?post=41999"},{"taxonomy":"product_tag","embeddable":true,"href":"https:\/\/singuli.wpress.me\/index.php\/wp-json\/wp\/v2\/product_tag?post=41999"}],"curies":[{"name":"wp","href":"https:\/\/api.w.org\/{rel}","templated":true}]}}