{"id":42000,"date":"2026-04-19T15:25:02","date_gmt":"2026-04-19T15:25:02","guid":{"rendered":"https:\/\/singuli.wpress.me\/index.php\/proizvod\/merito-manitoba-stirka-za-glacanje-525-ml\/"},"modified":"2026-04-20T12:33:42","modified_gmt":"2026-04-20T12:33:42","slug":"merito-manitoba-stirka-za-glacanje-525-ml","status":"publish","type":"product","link":"https:\/\/singuli.wpress.me\/index.php\/proizvod\/merito-manitoba-stirka-za-glacanje-525-ml\/","title":{"rendered":"MERITO Manitoba, \u0161tirka za gla\u010danje, 525\u00a0ml"},"content":{"rendered":"<p>Merito Classic \u0161tirka za gla\u010danje omogu\u0107uje vam kvalitetnije gla\u010danje i uklanjanje nabora s odje\u0107e. <\/p>\n<p>Jedinstveni sprej za gla\u010danje odli\u010dno je rje\u0161enje \u017eelite li savr\u0161eno ispeglanu odje\u0107u ugodna mirisa. <\/p>\n<p>Raspr\u0161uju\u0107a struktura spreja lako se nanosi na odje\u0107u i u\u010dvr\u0161\u0107uje dijelove odje\u0107e kako bi izgledali savr\u0161eno u svakoj prilici. <\/p>\n<p>Merito Classic \u0161tirka za gla\u010danje poma\u017ee ukloniti ne\u017eeljene nabore s odje\u0107e te osigurava \u010dist i ugodan miris odje\u0107e.<\/p>\n","protected":false},"excerpt":{"rendered":"<p>Sredstvo za kvalitetnije gla\u010danje odje\u0107e<br \/>\nOmogu\u0107uje savr\u0161eno izgla\u010danu odje\u0107u<br \/>\nLako se nanosi i pru\u017ea ugodan miris<\/p>\n","protected":false},"featured_media":0,"template":"","meta":{"_seopress_robots_primary_cat":"","_seopress_titles_title":"","_seopress_titles_desc":"","_seopress_robots_index":"","iawp_total_views":0},"product_brand":[878],"product_cat":[283,238],"product_tag":[],"class_list":{"0":"post-42000","1":"product","2":"type-product","3":"status-publish","5":"product_brand-merito","6":"product_cat-pranje-rublja-238","7":"product_cat-sve-za-dom","9":"first","10":"instock","11":"shipping-taxable","12":"purchasable","13":"product-type-simple"},"_links":{"self":[{"href":"https:\/\/singuli.wpress.me\/index.php\/wp-json\/wp\/v2\/product\/42000","targetHints":{"allow":["GET"]}}],"collection":[{"href":"https:\/\/singuli.wpress.me\/index.php\/wp-json\/wp\/v2\/product"}],"about":[{"href":"https:\/\/singuli.wpress.me\/index.php\/wp-json\/wp\/v2\/types\/product"}],"version-history":[{"count":0,"href":"https:\/\/singuli.wpress.me\/index.php\/wp-json\/wp\/v2\/product\/42000\/revisions"}],"wp:attachment":[{"href":"https:\/\/singuli.wpress.me\/index.php\/wp-json\/wp\/v2\/media?parent=42000"}],"wp:term":[{"taxonomy":"product_brand","embeddable":true,"href":"https:\/\/singuli.wpress.me\/index.php\/wp-json\/wp\/v2\/product_brand?post=42000"},{"taxonomy":"product_cat","embeddable":true,"href":"https:\/\/singuli.wpress.me\/index.php\/wp-json\/wp\/v2\/product_cat?post=42000"},{"taxonomy":"product_tag","embeddable":true,"href":"https:\/\/singuli.wpress.me\/index.php\/wp-json\/wp\/v2\/product_tag?post=42000"}],"curies":[{"name":"wp","href":"https:\/\/api.w.org\/{rel}","templated":true}]}}