{"id":42002,"date":"2026-04-19T15:25:03","date_gmt":"2026-04-19T15:25:03","guid":{"rendered":"https:\/\/singuli.wpress.me\/index.php\/proizvod\/lavazza-set-mljevena-kava-crema-e-gusto-2x250g-i-kafetijera-carmencita-classic\/"},"modified":"2026-04-20T12:33:42","modified_gmt":"2026-04-20T12:33:42","slug":"lavazza-set-mljevena-kava-crema-e-gusto-2x250g-i-kafetijera-carmencita-classic","status":"publish","type":"product","link":"https:\/\/singuli.wpress.me\/index.php\/proizvod\/lavazza-set-mljevena-kava-crema-e-gusto-2x250g-i-kafetijera-carmencita-classic\/","title":{"rendered":"LAVAZZA, set, mljevena kava Crema e Gusto 2x250g i kafetijera Carmencita classic"},"content":{"rendered":"<p><span style=\"font-weight: bold\">Lavazza Crema e Gusto<\/span> je kava karakteristi\u010dnog karaktera: savr\u0161ena kombinacija intenzivne arome i punog okusa.<br \/>\nSastoji se od izbora kvalitetnih Arabica i Robusta zrna mirisnog okusa i ugodne \u010dokoladne zavr\u0161nice.<br \/>\nIdealno za one koji \u017eele u\u017eivati u intenzivnom do\u017eivljaju okusa u bilo koje doba dana.<br \/>\nSastav: Arabica i Robusta<br \/>\nIntenzitet: 8\/10<br \/>\nProfil okusa (aroma): Za\u010dini<br \/>\nPr\u017eenje: Ja\u010de<\/p>\n<p><span style=\"font-weight: bold\">Carmencita<\/span> is back, kultni aparat, kafetijera, za pripremu tradicionalnog talijanskog ku\u0107nog espressa ili moke, oblikom inspirirana likovima iz Carosello TV serije iz 1960 ih.<br \/>\nArhitekt Marco Zanuso je dizajnirao ovu kafetijeru za Lavazzu 1979. godine koja svojim originalnim, elegantnim, bezvremenskim dizajnom i savr\u0161eno fino pripremljenom kavom, pristaje svakoj kuhinji.<br \/>\n<span style=\"font-weight: bold\">Priprema kave:<\/span> (Pogodna je za sve vrste kuhala izuzev\u0161i indukciju.)<br \/>\n1. Bojler(donju posudu) napuniti vodom do razine bo\u010dno smje\u0161tenog ventila.<br \/>\n2. u sito napuniti kavu malo iznad ruba sita, ne pritiskati kavu. Kava treba biti grublje mljevena, sve Lavazza mljevene kave pogodne su za moku.<br \/>\n3. Smjestiti sito u donju posudu, o\u010distiti rub sita ukoliko se rasula kava.<br \/>\n4.. Zavrnuti gonju posudu na donju posudu, dovoljno \u010dvrsto da uhvati silikonsku brtvu kako kava ne bi izlazila na spoju gornje i donje posude.<br \/>\n5. Zakuhati na \u0161tednjaku, ukoliko se priprema na plamenu paziti da je na manjem plameniku I da je plamen ispod dna posude.<br \/>\nZa pripremu tri male \u0161alice kave.<\/p>\n<p>Aparat za kavu sastoji se od \u010detiri dijela:<br \/>\n1. bojler(donja posuda)<br \/>\n2. sito za kavu<br \/>\n3. filter sa silikonskim prstenom(smje\u0161ten u donjem dijelu gornje posude)<br \/>\n4. gornja posuda s ru\u010dkom i poklopcem.<\/p>\n<p>Prema uputama proizvo\u0111a\u010da koje su navedene na pakiranju.<br \/>\nNe smije se prati u perilici posu\u0111a.<br \/>\nBoja: srebrna\/crne ru\u010dke<\/p>\n","protected":false},"excerpt":{"rendered":"<p>Arabica i Robusta, aroma kave: za\u010dini<br \/>\nIntenzitet: 8\/10<br \/>\nKafetijera za pripremu espressa ili moke<\/p>\n","protected":false},"featured_media":0,"template":"","meta":{"_seopress_robots_primary_cat":"","_seopress_titles_title":"","_seopress_titles_desc":"","_seopress_robots_index":"","iawp_total_views":0},"product_brand":[393],"product_cat":[261,275,274,238],"product_tag":[],"class_list":{"0":"post-42002","1":"product","2":"type-product","3":"status-publish","5":"product_brand-lavazza","6":"product_cat-hrana-i-pice","7":"product_cat-kava-i-cajevi-261","8":"product_cat-kucanski-pribor-238","9":"product_cat-sve-za-dom","11":"first","12":"instock","13":"shipping-taxable","14":"purchasable","15":"product-type-simple"},"_links":{"self":[{"href":"https:\/\/singuli.wpress.me\/index.php\/wp-json\/wp\/v2\/product\/42002","targetHints":{"allow":["GET"]}}],"collection":[{"href":"https:\/\/singuli.wpress.me\/index.php\/wp-json\/wp\/v2\/product"}],"about":[{"href":"https:\/\/singuli.wpress.me\/index.php\/wp-json\/wp\/v2\/types\/product"}],"version-history":[{"count":0,"href":"https:\/\/singuli.wpress.me\/index.php\/wp-json\/wp\/v2\/product\/42002\/revisions"}],"wp:attachment":[{"href":"https:\/\/singuli.wpress.me\/index.php\/wp-json\/wp\/v2\/media?parent=42002"}],"wp:term":[{"taxonomy":"product_brand","embeddable":true,"href":"https:\/\/singuli.wpress.me\/index.php\/wp-json\/wp\/v2\/product_brand?post=42002"},{"taxonomy":"product_cat","embeddable":true,"href":"https:\/\/singuli.wpress.me\/index.php\/wp-json\/wp\/v2\/product_cat?post=42002"},{"taxonomy":"product_tag","embeddable":true,"href":"https:\/\/singuli.wpress.me\/index.php\/wp-json\/wp\/v2\/product_tag?post=42002"}],"curies":[{"name":"wp","href":"https:\/\/api.w.org\/{rel}","templated":true}]}}