{"id":42005,"date":"2026-04-19T15:25:04","date_gmt":"2026-04-19T15:25:04","guid":{"rendered":"https:\/\/singuli.wpress.me\/index.php\/proizvod\/uhu-twist-glue-renature-univerzalno-ljepilo-35-ml\/"},"modified":"2026-04-20T12:33:42","modified_gmt":"2026-04-20T12:33:42","slug":"uhu-twist-glue-renature-univerzalno-ljepilo-35-ml","status":"publish","type":"product","link":"https:\/\/singuli.wpress.me\/index.php\/proizvod\/uhu-twist-glue-renature-univerzalno-ljepilo-35-ml\/","title":{"rendered":"UHU Twist &amp; Glue Renature, univerzalno ljepilo, 35\u00a0ml"},"content":{"rendered":"<p>Univerzalno ljepilo bez otapala u mekanoj, prakti\u010dnoj bo\u010dici koja se sastoji od 88% biljnih sirovina. <\/p>\n<p>\u0160tedi fosilne resurse, smanjuje emisiju CO2 i mo\u017ee se 100% reciklirati. <\/p>\n<p>Jedinstveni tropolo\u017eajni rotiraju\u0107i aplikator omogu\u0107uje precizno to\u010dkasto lijepljenje i lijepljenje linija i povr\u0161ina. <\/p>\n<p>Ljepilo je izra\u0111eno od 70% prirodnih materijala i dermatolo\u0161ki je ispitano. <\/p>\n<p>Idealan za razne upotrebe kod ku\u0107e, u \u0161koli i vrti\u0107u, u uredu, za kreiranje, modeliranje itd.<\/p>\n","protected":false},"excerpt":{"rendered":"<p>Ljepilo izra\u0111eno od 70% prirodnih materijala i dermatolo\u0161ki je ispitano<br \/>\nS jedinstvenim rotiraju\u0107im aplikatorom u tri polo\u017eaja<br \/>\nPeriv sapunom<\/p>\n","protected":false},"featured_media":0,"template":"","meta":{"_seopress_robots_primary_cat":"","_seopress_titles_title":"","_seopress_titles_desc":"","_seopress_robots_index":"","iawp_total_views":0},"product_brand":[445],"product_cat":[264,238],"product_tag":[],"class_list":{"0":"post-42005","1":"product","2":"type-product","3":"status-publish","5":"product_brand-uhu","6":"product_cat-ljepila-i-brtvila-238","7":"product_cat-sve-za-dom","9":"first","10":"instock","11":"shipping-taxable","12":"purchasable","13":"product-type-simple"},"_links":{"self":[{"href":"https:\/\/singuli.wpress.me\/index.php\/wp-json\/wp\/v2\/product\/42005","targetHints":{"allow":["GET"]}}],"collection":[{"href":"https:\/\/singuli.wpress.me\/index.php\/wp-json\/wp\/v2\/product"}],"about":[{"href":"https:\/\/singuli.wpress.me\/index.php\/wp-json\/wp\/v2\/types\/product"}],"version-history":[{"count":0,"href":"https:\/\/singuli.wpress.me\/index.php\/wp-json\/wp\/v2\/product\/42005\/revisions"}],"wp:attachment":[{"href":"https:\/\/singuli.wpress.me\/index.php\/wp-json\/wp\/v2\/media?parent=42005"}],"wp:term":[{"taxonomy":"product_brand","embeddable":true,"href":"https:\/\/singuli.wpress.me\/index.php\/wp-json\/wp\/v2\/product_brand?post=42005"},{"taxonomy":"product_cat","embeddable":true,"href":"https:\/\/singuli.wpress.me\/index.php\/wp-json\/wp\/v2\/product_cat?post=42005"},{"taxonomy":"product_tag","embeddable":true,"href":"https:\/\/singuli.wpress.me\/index.php\/wp-json\/wp\/v2\/product_tag?post=42005"}],"curies":[{"name":"wp","href":"https:\/\/api.w.org\/{rel}","templated":true}]}}