{"id":42006,"date":"2026-04-19T15:25:04","date_gmt":"2026-04-19T15:25:04","guid":{"rendered":"https:\/\/singuli.wpress.me\/index.php\/proizvod\/oral-b-star-wars-zamjenske-glave-za-cetkicu-kids-10-4-4-kom\/"},"modified":"2026-04-20T12:33:42","modified_gmt":"2026-04-20T12:33:42","slug":"oral-b-star-wars-zamjenske-glave-za-cetkicu-kids-10-4-4-kom","status":"publish","type":"product","link":"https:\/\/singuli.wpress.me\/index.php\/proizvod\/oral-b-star-wars-zamjenske-glave-za-cetkicu-kids-10-4-4-kom\/","title":{"rendered":"ORAL-B Star Wars, zamjenske glave za \u010detkicu, kids 10-4, , 4\u00a0kom"},"content":{"rendered":"<p>Zamjenjive glave Oral-B Kids 3+ omogu\u0107uju djeci zabavu uz likove iz Disneyevog filma Ratovi zvijezda i nje\u017eno, u\u010dinkovito pranje zubnom \u010detkicom Oral-B koju preporu\u010duju stomatolozi.<br \/>\nIznimno mekana vlakna i mala okrugla glava posebno su osmi\u0161ljeni za djecu i kompatibilni sa svim elektri\u010dnim zubnim \u010detkicama Oral-B Kids.<\/p>\n","protected":false},"excerpt":{"rendered":"<p>Posebno je oblikovana za nje\u017ene dje\u010dje desni<br \/>\nOkrugla glava \u010detkice idealne veli\u010dine za mala usta<br \/>\nNje\u017ena prema desnima, s izuzetno mekanim vlaknima<\/p>\n","protected":false},"featured_media":0,"template":"","meta":{"_seopress_robots_primary_cat":"","_seopress_titles_title":"","_seopress_titles_desc":"","_seopress_robots_index":"","iawp_total_views":0},"product_brand":[423],"product_cat":[192,207,209],"product_tag":[],"class_list":{"0":"post-42006","1":"product","2":"type-product","3":"status-publish","5":"product_brand-oral-b-2","6":"product_cat-aparati-za-osobnu-njegu","7":"product_cat-oralna-higijena","8":"product_cat-zamjenske-glave","10":"first","11":"outofstock","12":"shipping-taxable","13":"purchasable","14":"product-type-simple"},"_links":{"self":[{"href":"https:\/\/singuli.wpress.me\/index.php\/wp-json\/wp\/v2\/product\/42006","targetHints":{"allow":["GET"]}}],"collection":[{"href":"https:\/\/singuli.wpress.me\/index.php\/wp-json\/wp\/v2\/product"}],"about":[{"href":"https:\/\/singuli.wpress.me\/index.php\/wp-json\/wp\/v2\/types\/product"}],"version-history":[{"count":0,"href":"https:\/\/singuli.wpress.me\/index.php\/wp-json\/wp\/v2\/product\/42006\/revisions"}],"wp:attachment":[{"href":"https:\/\/singuli.wpress.me\/index.php\/wp-json\/wp\/v2\/media?parent=42006"}],"wp:term":[{"taxonomy":"product_brand","embeddable":true,"href":"https:\/\/singuli.wpress.me\/index.php\/wp-json\/wp\/v2\/product_brand?post=42006"},{"taxonomy":"product_cat","embeddable":true,"href":"https:\/\/singuli.wpress.me\/index.php\/wp-json\/wp\/v2\/product_cat?post=42006"},{"taxonomy":"product_tag","embeddable":true,"href":"https:\/\/singuli.wpress.me\/index.php\/wp-json\/wp\/v2\/product_tag?post=42006"}],"curies":[{"name":"wp","href":"https:\/\/api.w.org\/{rel}","templated":true}]}}