{"id":42008,"date":"2026-04-19T15:25:04","date_gmt":"2026-04-19T15:25:04","guid":{"rendered":"https:\/\/singuli.wpress.me\/index.php\/proizvod\/bonduelle-mexican-grah-i-kukuruz-u-chilly-umaku-430-g\/"},"modified":"2026-04-20T12:33:42","modified_gmt":"2026-04-20T12:33:42","slug":"bonduelle-mexican-grah-i-kukuruz-u-chilly-umaku-430-g","status":"publish","type":"product","link":"https:\/\/singuli.wpress.me\/index.php\/proizvod\/bonduelle-mexican-grah-i-kukuruz-u-chilly-umaku-430-g\/","title":{"rendered":"BONDUELLE Mexican, grah i kukuruz u chilly umaku, 430\u00a0g"},"content":{"rendered":"<p>Steriliziran proizvod. Bez konzervansa. Konzervirano povr\u0107e ne zahtijeva dodatak konzervansa, u skladu s postoje\u0107im propisima. Limenka sadr\u017ei 2 porcije.<\/p>\n","protected":false},"excerpt":{"rendered":"<p>Crveni grah s kukuruzom u chilli umaku<br \/>\nBez konzervansa<br \/>\nSteriliziran proizvod<\/p>\n","protected":false},"featured_media":0,"template":"","meta":{"_seopress_robots_primary_cat":"","_seopress_titles_title":"","_seopress_titles_desc":"","_seopress_robots_index":"","iawp_total_views":0},"product_brand":[452],"product_cat":[261,299],"product_tag":[],"class_list":{"0":"post-42008","1":"product","2":"type-product","3":"status-publish","5":"product_brand-bonduelle","6":"product_cat-hrana-i-pice","7":"product_cat-konzervirana-i-gotova-hrana-261","9":"first","10":"instock","11":"shipping-taxable","12":"purchasable","13":"product-type-simple"},"_links":{"self":[{"href":"https:\/\/singuli.wpress.me\/index.php\/wp-json\/wp\/v2\/product\/42008","targetHints":{"allow":["GET"]}}],"collection":[{"href":"https:\/\/singuli.wpress.me\/index.php\/wp-json\/wp\/v2\/product"}],"about":[{"href":"https:\/\/singuli.wpress.me\/index.php\/wp-json\/wp\/v2\/types\/product"}],"version-history":[{"count":0,"href":"https:\/\/singuli.wpress.me\/index.php\/wp-json\/wp\/v2\/product\/42008\/revisions"}],"wp:attachment":[{"href":"https:\/\/singuli.wpress.me\/index.php\/wp-json\/wp\/v2\/media?parent=42008"}],"wp:term":[{"taxonomy":"product_brand","embeddable":true,"href":"https:\/\/singuli.wpress.me\/index.php\/wp-json\/wp\/v2\/product_brand?post=42008"},{"taxonomy":"product_cat","embeddable":true,"href":"https:\/\/singuli.wpress.me\/index.php\/wp-json\/wp\/v2\/product_cat?post=42008"},{"taxonomy":"product_tag","embeddable":true,"href":"https:\/\/singuli.wpress.me\/index.php\/wp-json\/wp\/v2\/product_tag?post=42008"}],"curies":[{"name":"wp","href":"https:\/\/api.w.org\/{rel}","templated":true}]}}