{"id":42012,"date":"2026-04-19T15:25:05","date_gmt":"2026-04-19T15:25:05","guid":{"rendered":"https:\/\/singuli.wpress.me\/index.php\/proizvod\/heat-transfer-s2-ulje-za-prijenos-topline-209-l\/"},"modified":"2026-04-20T12:33:42","modified_gmt":"2026-04-20T12:33:42","slug":"heat-transfer-s2-ulje-za-prijenos-topline-209-l","status":"publish","type":"product","link":"https:\/\/singuli.wpress.me\/index.php\/proizvod\/heat-transfer-s2-ulje-za-prijenos-topline-209-l\/","title":{"rendered":"HEAT TRANSFER  S2 , Ulje za prijenos topline, 209\u00a0l"},"content":{"rendered":"<p>Shell Heat Transfer Oil S2 bazirana je na pa\u017eljivo odabranim visoko rafiniranim mineralnim uljima. Brzina koksiranja i starenja ulja je vrlo mala, \u0161to omogu\u0107uje dugi vijek trajanja uljnog punjenja. Ukoliko temperature povr\u0161ine grija\u010da ne prelaze spomenuta ograni\u010denja, prijenos topline je efikasan uz dobru pumpabilnost.<\/p>\n<p><span style=\"font-weight: bold\">Specifikacija: <\/span>ISO 6743-12 grupa Q, DIN 51522, Udovoljava zahtjevima GB 23971-2009, L-QB 300<\/p>\n","protected":false},"excerpt":{"rendered":"<p>Ulje za prijenos topline<br \/>\nProizvedeno iz visoko rafiniranih mineralnih ulja<br \/>\nBrzina koksiranja i starenja ulja je vrlo mala<\/p>\n","protected":false},"featured_media":0,"template":"","meta":{"_seopress_robots_primary_cat":"","_seopress_titles_title":"","_seopress_titles_desc":"","_seopress_robots_index":"","iawp_total_views":0},"product_brand":[861],"product_cat":[243,276],"product_tag":[],"class_list":{"0":"post-42012","1":"product","2":"type-product","3":"status-publish","5":"product_brand-heat-transfer","6":"product_cat-automobili-i-motori","7":"product_cat-industrijska-i-specijalna-ulja-243","9":"first","10":"instock","11":"shipping-taxable","12":"purchasable","13":"product-type-simple"},"_links":{"self":[{"href":"https:\/\/singuli.wpress.me\/index.php\/wp-json\/wp\/v2\/product\/42012","targetHints":{"allow":["GET"]}}],"collection":[{"href":"https:\/\/singuli.wpress.me\/index.php\/wp-json\/wp\/v2\/product"}],"about":[{"href":"https:\/\/singuli.wpress.me\/index.php\/wp-json\/wp\/v2\/types\/product"}],"version-history":[{"count":0,"href":"https:\/\/singuli.wpress.me\/index.php\/wp-json\/wp\/v2\/product\/42012\/revisions"}],"wp:attachment":[{"href":"https:\/\/singuli.wpress.me\/index.php\/wp-json\/wp\/v2\/media?parent=42012"}],"wp:term":[{"taxonomy":"product_brand","embeddable":true,"href":"https:\/\/singuli.wpress.me\/index.php\/wp-json\/wp\/v2\/product_brand?post=42012"},{"taxonomy":"product_cat","embeddable":true,"href":"https:\/\/singuli.wpress.me\/index.php\/wp-json\/wp\/v2\/product_cat?post=42012"},{"taxonomy":"product_tag","embeddable":true,"href":"https:\/\/singuli.wpress.me\/index.php\/wp-json\/wp\/v2\/product_tag?post=42012"}],"curies":[{"name":"wp","href":"https:\/\/api.w.org\/{rel}","templated":true}]}}