{"id":42016,"date":"2026-04-19T15:25:07","date_gmt":"2026-04-19T15:25:07","guid":{"rendered":"https:\/\/singuli.wpress.me\/index.php\/proizvod\/revlon-perfect-heat-smooth-brilliance-susilo-za-kosu\/"},"modified":"2026-04-20T12:33:42","modified_gmt":"2026-04-20T12:33:42","slug":"revlon-perfect-heat-smooth-brilliance-susilo-za-kosu","status":"publish","type":"product","link":"https:\/\/singuli.wpress.me\/index.php\/proizvod\/revlon-perfect-heat-smooth-brilliance-susilo-za-kosu\/","title":{"rendered":"REVLON Perfect Heat Smooth Brilliance, su\u0161ilo za kosu"},"content":{"rendered":"<p>Lagano, ergonomi\u010dno i u\u010dinkovito, profesionalno su\u0161ilo za kosu Revlon Smooth Brilliance ima profesionalni motor izmjeni\u010dne struje i snage 2000 W, nudi brzo i precizno su\u0161enje, za profesionalne rezultate, kao kod frizera. Opremljen je s 3 razine temperature i 2 stupnja brzine s kojima mo\u017eete savr\u0161eno prilagoditi zrak ure\u0111aja svom tipu kose i \u017eeljenoj frizuri.<\/p>\n<p>Za optimalne rezultate, su\u0161ilo za kosu ima kerami\u010dki premaz koji pru\u017ea homogenu toplinu kroz kosu. Kerami\u010dki premaz sprje\u010dava o\u0161te\u0107enja uzrokovana pretjeranom toplinom tijekom su\u0161enja ravnomjernom toplinom koja brzo prodire u kosu i su\u0161i je iznutra prema van. Ioniziraju\u0107a re\u0161etka su\u0161ila za kosu u kombinaciji s djelovanjem turmalina daje va\u0161oj kosi meko\u0107u, sjaj i efekt, bez ikakvog stati\u010dkog elektriciteta.<\/p>\n<p>Njegov prsten za vje\u0161anje idealan je za vje\u0161anje u va\u0161oj kupaonici. Tako \u0107ete ga uvijek imati nadohvat ruke. Osim toga, zahvaljuju\u0107i njegovoj maloj te\u017eini, mo\u017eete u\u017eivati \u200b\u200bu optimalnoj upotrebi uz potpunu udobnost! Stra\u017enji poklopac se mo\u017ee skinuti radi lak\u0161eg \u010di\u0161\u0107enja.<\/p>\n<p>Turmalinska ionska tehnologija<br \/>\nTurmalinska ionska tehnologija poja\u010dava sjaj i poma\u017ee u smanjenju stati\u010dkog elektriciteta. Negativni ioni koje proizvodi ovaj antistati\u010dki ionski ure\u0111aj za kosu hrane kosu i \u010dine je mekom, glatkom i sjajnom. Negativni ioni tako\u0111er smanjuju veli\u010dinu kapljica vode na kosi. Manje kapljice br\u017ee ispare i time skra\u0107uju vrijeme su\u0161enja. Ionska funkcija radi automatski kada je ure\u0111aj uklju\u010den.<\/p>\n<p>3 postavke temperature &#8211; 2 postavke brzine i tipka za hladno su\u0161enje<br \/>\nPostavke visoke temperature i brzine idealne su za brzo su\u0161enje kose ili su\u0161enje prije oblikovanja; niske postavke optimalne su za oblikovanje kose i kori\u0161tenje ekstenzija.<\/p>\n<p>Koncentrator za gla\u010danje<br \/>\nZa precizno su\u0161enje i oblikovanje.<\/p>\n<p>Difuzor za volumen<br \/>\nZa volumen i pobolj\u0161anje prirodnih kovr\u010da.<\/p>\n<p>Zna\u010dajke:<br \/>\n&#8211; Snaga: 2000 W<br \/>\n&#8211; 3 postavke temperature<br \/>\n&#8211; 2 postavke brzine<br \/>\n&#8211; Tipka za hladno su\u0161enje<br \/>\n&#8211; Kerami\u010dki premaz za za\u0161titu kose<br \/>\n&#8211; Jamstvo: 4 godine<\/p>\n","protected":false},"excerpt":{"rendered":"<p>Su\u0161ilo za kosu ima profesionalni motorom izmjeni\u010dne struje i snage 2000 W, nudi brzo i precizno su\u0161enje, za profesionalne rezultate, kao kod frizera<br \/>\nOpremljen je s 3 razine temperature i 2 stupnja brzine<br \/>\nTurmalinska ionska tehnologija poja\u010dava sjaj i poma\u017ee u smanjenju stati\u010dkog elektricitet<\/p>\n","protected":false},"featured_media":0,"template":"","meta":{"_seopress_robots_primary_cat":"","_seopress_titles_title":"","_seopress_titles_desc":"","_seopress_robots_index":"","iawp_total_views":0},"product_brand":[155],"product_cat":[192,319],"product_tag":[],"class_list":{"0":"post-42016","1":"product","2":"type-product","3":"status-publish","5":"product_brand-revlon","6":"product_cat-aparati-za-osobnu-njegu","7":"product_cat-susila-za-kosu-pegla-i-uvijaci-192","9":"first","10":"instock","11":"shipping-taxable","12":"purchasable","13":"product-type-simple"},"_links":{"self":[{"href":"https:\/\/singuli.wpress.me\/index.php\/wp-json\/wp\/v2\/product\/42016","targetHints":{"allow":["GET"]}}],"collection":[{"href":"https:\/\/singuli.wpress.me\/index.php\/wp-json\/wp\/v2\/product"}],"about":[{"href":"https:\/\/singuli.wpress.me\/index.php\/wp-json\/wp\/v2\/types\/product"}],"version-history":[{"count":0,"href":"https:\/\/singuli.wpress.me\/index.php\/wp-json\/wp\/v2\/product\/42016\/revisions"}],"wp:attachment":[{"href":"https:\/\/singuli.wpress.me\/index.php\/wp-json\/wp\/v2\/media?parent=42016"}],"wp:term":[{"taxonomy":"product_brand","embeddable":true,"href":"https:\/\/singuli.wpress.me\/index.php\/wp-json\/wp\/v2\/product_brand?post=42016"},{"taxonomy":"product_cat","embeddable":true,"href":"https:\/\/singuli.wpress.me\/index.php\/wp-json\/wp\/v2\/product_cat?post=42016"},{"taxonomy":"product_tag","embeddable":true,"href":"https:\/\/singuli.wpress.me\/index.php\/wp-json\/wp\/v2\/product_tag?post=42016"}],"curies":[{"name":"wp","href":"https:\/\/api.w.org\/{rel}","templated":true}]}}