{"id":42020,"date":"2026-04-19T15:25:10","date_gmt":"2026-04-19T15:25:10","guid":{"rendered":"https:\/\/singuli.wpress.me\/index.php\/proizvod\/bison-montage-extreme-grizzly-konstrukcijsko-ljepilo-s-pistoljem-435-g\/"},"modified":"2026-04-20T12:33:42","modified_gmt":"2026-04-20T12:33:42","slug":"bison-montage-extreme-grizzly-konstrukcijsko-ljepilo-s-pistoljem-435-g","status":"publish","type":"product","link":"https:\/\/singuli.wpress.me\/index.php\/proizvod\/bison-montage-extreme-grizzly-konstrukcijsko-ljepilo-s-pistoljem-435-g\/","title":{"rendered":"BISON Montage Extreme Grizzly konstrukcijsko, ljepilo, s pi\u0161toljem, 435\u00a0g"},"content":{"rendered":"<p>Super sna\u017eno i brzo konstrukcijsko ljepilo s visokom po\u010detnom \u010dvrsto\u0107om i visokom zavr\u0161nom snagom za unutarnju i vanjsku upotrebu.<\/p>\n<p>Prikladno za sve vrste materijala: npr.: drvo, Trespa\u00ae, \u017eeljezo, aluminij, cink, (nehr\u0111aju\u0107i) \u010delik i drugi metali, (prirodni) kamen, keramika, beton, cigla, gips, staklo, PVC, ABS, PC, PMMA i druge sinteti\u010dke materijale (prvo testirati), pluto i polistirensku pjenu na sve vrste povr\u0161ina (glatke, porozne, ne porozne i malo vla\u017ene). Za sve vrste predmeta: npr. lajsne, letvice, prozorske klup\u010dice, pragove, oplate, izolacijski materijal, stepenice, materijali za oblaganje, podne obloge, gipsane plo\u010de, kerami\u010dke plo\u010dice, zrcala te ukrase i rubove od polistirena.<\/p>\n<p>Nije prikladno za PE, PP, PTFE, \u010disti gips i bitumen. Kada lijepite plastiku uvijek najprije provedite ispitivanje prianjanja. Prianjanje uz plastiku mo\u017ee se razlikovati ovisno o vrsti sintetike i kvaliteti plastike.<\/p>\n","protected":false},"excerpt":{"rendered":"<p>Za sve materijale i sve povr\u0161ine<br \/>\nOtporno na vlagu i temperaturu<br \/>\nTrajno elasti\u010dno<\/p>\n","protected":false},"featured_media":0,"template":"","meta":{"_seopress_robots_primary_cat":"","_seopress_titles_title":"","_seopress_titles_desc":"","_seopress_robots_index":"","iawp_total_views":0},"product_brand":[494],"product_cat":[264,238],"product_tag":[],"class_list":{"0":"post-42020","1":"product","2":"type-product","3":"status-publish","5":"product_brand-bison","6":"product_cat-ljepila-i-brtvila-238","7":"product_cat-sve-za-dom","9":"first","10":"outofstock","11":"shipping-taxable","12":"purchasable","13":"product-type-simple"},"_links":{"self":[{"href":"https:\/\/singuli.wpress.me\/index.php\/wp-json\/wp\/v2\/product\/42020","targetHints":{"allow":["GET"]}}],"collection":[{"href":"https:\/\/singuli.wpress.me\/index.php\/wp-json\/wp\/v2\/product"}],"about":[{"href":"https:\/\/singuli.wpress.me\/index.php\/wp-json\/wp\/v2\/types\/product"}],"version-history":[{"count":0,"href":"https:\/\/singuli.wpress.me\/index.php\/wp-json\/wp\/v2\/product\/42020\/revisions"}],"wp:attachment":[{"href":"https:\/\/singuli.wpress.me\/index.php\/wp-json\/wp\/v2\/media?parent=42020"}],"wp:term":[{"taxonomy":"product_brand","embeddable":true,"href":"https:\/\/singuli.wpress.me\/index.php\/wp-json\/wp\/v2\/product_brand?post=42020"},{"taxonomy":"product_cat","embeddable":true,"href":"https:\/\/singuli.wpress.me\/index.php\/wp-json\/wp\/v2\/product_cat?post=42020"},{"taxonomy":"product_tag","embeddable":true,"href":"https:\/\/singuli.wpress.me\/index.php\/wp-json\/wp\/v2\/product_tag?post=42020"}],"curies":[{"name":"wp","href":"https:\/\/api.w.org\/{rel}","templated":true}]}}