{"id":42021,"date":"2026-04-19T15:25:10","date_gmt":"2026-04-19T15:25:10","guid":{"rendered":"https:\/\/singuli.wpress.me\/index.php\/proizvod\/domo-do236sw-cistac-podova-2u1\/"},"modified":"2026-04-21T00:27:14","modified_gmt":"2026-04-21T00:27:14","slug":"domo-do236sw-cistac-podova-2u1","status":"publish","type":"product","link":"https:\/\/singuli.wpress.me\/index.php\/proizvod\/domo-do236sw-cistac-podova-2u1\/","title":{"rendered":"DOMO DO236SW, \u010dista\u010d podova, 2u1"},"content":{"rendered":"<p>Domo DO236SW 21.6V je be\u017ei\u010dni, vrlo pokretljiv i ima trajanje baterije od 30 minuta. Dva mekana valjka rotiraju se u suprotnim smjerovima velikom brzinom, dok se prljava voda skuplja u spremnik od 180 mm. Spremnik \u010diste vode je 350 mm, tj. puno ve\u0107i . Budu\u0107i da se voda brzo su\u0161i, sredstvo za \u010di\u0161\u0107enje podova tako\u0111er je prikladno za osjetljive podove kao \u0161to su parket i laminat. Kada zavr\u0161ite s \u010di\u0161\u0107enjem, stavite sredstvo za \u010di\u0161\u0107enje podova u automatsku stanicu za \u010di\u0161\u0107enje i punja\u010d. Tako \u0107e biti \u010disto i potpuno napunjeno sljede\u0107i put.<\/p>\n<p>U\u0161tedite vrijeme i energiju tako \u0161to \u0107ete svoju kantu i krpu zamijeniti Domo DO236SW \u010dista\u010dem podova. Rotiraju\u0107i valjci se automatski navla\u017ee \u010distom vodom i tako uklanjaju najve\u0107e i najtvrdokornije ne\u010disto\u0107e. S punom baterijom mo\u017eete \u010distiti elektri\u010dnim putem pola sata. \u010cista\u010d podova tako\u0111er je savr\u0161en za brzo \u010di\u0161\u0107enje u slu\u010daju nezgode.<\/p>\n<p>Elektri\u010dni be\u017ei\u010dni \u010dista\u010d podova s \u200b\u200busisavanjem uspijeva savr\u0161eno o\u010distiti pod, skupiti prljav\u0161tinu i usisati vi\u0161ak vode u jednom koraku. Brisanje mokrim rotiraju\u0107im valjkom od mikrovlakana \u0161tedi do 90% vode u usporedbi s uobi\u010dajenim brisanjem, npr. krpom i uvijek bri\u0161ite samo \u010distom vodom. Rotiraju\u0107i cilindar zajedno sa sna\u017enim usisavanjem mo\u017ee skupiti \u010dak i vrlo grubu prljav\u0161tinu s poda ili osu\u0161iti prolivena pi\u0107a i istovremeno obrisati pod. Nakon \u010di\u0161\u0107enja mo\u017eete jednostavno rastaviti krpu i oprati pojedine dijelove ili koristiti funkciju automatskog samo\u010di\u0161\u0107enja i oprati valjak u namjenskoj bazi za \u010di\u0161\u0107enje i punjenje.<\/p>\n","protected":false},"excerpt":{"rendered":"<p>Be\u017ei\u010dno usisavanje i brisanje podova<br \/>\nPogodan za sve vrste tvrdih podova<br \/>\nUklju\u010duje postolje za jednostavno skladi\u0161tenje<\/p>\n","protected":false},"featured_media":0,"template":"","meta":{"_seopress_robots_primary_cat":"","_seopress_titles_title":"","_seopress_titles_desc":"","_seopress_robots_index":"","iawp_total_views":0},"product_brand":[255],"product_cat":[238],"product_tag":[],"class_list":{"0":"post-42021","1":"product","2":"type-product","3":"status-publish","5":"product_brand-domo","6":"product_cat-sve-za-dom","8":"first","9":"outofstock","10":"shipping-taxable","11":"purchasable","12":"product-type-simple"},"_links":{"self":[{"href":"https:\/\/singuli.wpress.me\/index.php\/wp-json\/wp\/v2\/product\/42021","targetHints":{"allow":["GET"]}}],"collection":[{"href":"https:\/\/singuli.wpress.me\/index.php\/wp-json\/wp\/v2\/product"}],"about":[{"href":"https:\/\/singuli.wpress.me\/index.php\/wp-json\/wp\/v2\/types\/product"}],"version-history":[{"count":0,"href":"https:\/\/singuli.wpress.me\/index.php\/wp-json\/wp\/v2\/product\/42021\/revisions"}],"wp:attachment":[{"href":"https:\/\/singuli.wpress.me\/index.php\/wp-json\/wp\/v2\/media?parent=42021"}],"wp:term":[{"taxonomy":"product_brand","embeddable":true,"href":"https:\/\/singuli.wpress.me\/index.php\/wp-json\/wp\/v2\/product_brand?post=42021"},{"taxonomy":"product_cat","embeddable":true,"href":"https:\/\/singuli.wpress.me\/index.php\/wp-json\/wp\/v2\/product_cat?post=42021"},{"taxonomy":"product_tag","embeddable":true,"href":"https:\/\/singuli.wpress.me\/index.php\/wp-json\/wp\/v2\/product_tag?post=42021"}],"curies":[{"name":"wp","href":"https:\/\/api.w.org\/{rel}","templated":true}]}}