{"id":42023,"date":"2026-04-19T15:25:11","date_gmt":"2026-04-19T15:25:11","guid":{"rendered":"https:\/\/singuli.wpress.me\/index.php\/proizvod\/borotalco-invisible-musk-dezodorans-u-spreju-150-ml-2\/"},"modified":"2026-04-20T12:33:42","modified_gmt":"2026-04-20T12:33:42","slug":"borotalco-invisible-musk-dezodorans-u-spreju-150-ml-2","status":"publish","type":"product","link":"https:\/\/singuli.wpress.me\/index.php\/proizvod\/borotalco-invisible-musk-dezodorans-u-spreju-150-ml-2\/","title":{"rendered":"BOROTALCO Invisible Musk, dezodorans u spreju, 150\u00a0ml"},"content":{"rendered":"<p>Do\u017eivite novo iskustvo s Borotalco Men Absolute Invisible Dry dezodoransom. Ovaj dezodorans u spreju namijenjen je mu\u0161karcima koji tra\u017ee za\u0161titu od znoja i mrlja. Zarazan i samopouzdan foug\u00e8re Musk miris na bazi mo\u0161usa isti\u010de dugotrajne drvene amber note uz svje\u017ee arome. Borotalco Men Absolute Invisible Dry sadr\u017ei ekskluzivnu formulu koja kombinira u\u010dinkovitost talka s mre\u017eom nevidljivih molekula koje ne ostavljaju tragove, mirise i mrlje. Za za\u0161titu od mrlja na odje\u0107i i ekstra suhi u\u010dinak na ko\u017ei.<\/p>\n","protected":false},"excerpt":{"rendered":"<p>Apsolutna za\u0161tita od znoja<br \/>\nUpija znoj<br \/>\nJam\u010di osje\u0107aj ekstra suho\u0107e<\/p>\n","protected":false},"featured_media":0,"template":"","meta":{"_seopress_robots_primary_cat":"","_seopress_titles_title":"","_seopress_titles_desc":"","_seopress_robots_index":"","iawp_total_views":0},"product_brand":[484],"product_cat":[285,268],"product_tag":[],"class_list":{"0":"post-42023","1":"product","2":"type-product","3":"status-publish","5":"product_brand-borotalco","6":"product_cat-dezodoransi-268","7":"product_cat-kozmetika-2","9":"first","10":"outofstock","11":"shipping-taxable","12":"purchasable","13":"product-type-simple"},"_links":{"self":[{"href":"https:\/\/singuli.wpress.me\/index.php\/wp-json\/wp\/v2\/product\/42023","targetHints":{"allow":["GET"]}}],"collection":[{"href":"https:\/\/singuli.wpress.me\/index.php\/wp-json\/wp\/v2\/product"}],"about":[{"href":"https:\/\/singuli.wpress.me\/index.php\/wp-json\/wp\/v2\/types\/product"}],"version-history":[{"count":0,"href":"https:\/\/singuli.wpress.me\/index.php\/wp-json\/wp\/v2\/product\/42023\/revisions"}],"wp:attachment":[{"href":"https:\/\/singuli.wpress.me\/index.php\/wp-json\/wp\/v2\/media?parent=42023"}],"wp:term":[{"taxonomy":"product_brand","embeddable":true,"href":"https:\/\/singuli.wpress.me\/index.php\/wp-json\/wp\/v2\/product_brand?post=42023"},{"taxonomy":"product_cat","embeddable":true,"href":"https:\/\/singuli.wpress.me\/index.php\/wp-json\/wp\/v2\/product_cat?post=42023"},{"taxonomy":"product_tag","embeddable":true,"href":"https:\/\/singuli.wpress.me\/index.php\/wp-json\/wp\/v2\/product_tag?post=42023"}],"curies":[{"name":"wp","href":"https:\/\/api.w.org\/{rel}","templated":true}]}}