{"id":42024,"date":"2026-04-19T15:25:11","date_gmt":"2026-04-19T15:25:11","guid":{"rendered":"https:\/\/singuli.wpress.me\/index.php\/proizvod\/tellus-s4-vx-32-row-hidraulicko-ulje-20-l\/"},"modified":"2026-04-21T00:27:14","modified_gmt":"2026-04-21T00:27:14","slug":"tellus-s4-vx-32-row-hidraulicko-ulje-20-l","status":"publish","type":"product","link":"https:\/\/singuli.wpress.me\/index.php\/proizvod\/tellus-s4-vx-32-row-hidraulicko-ulje-20-l\/","title":{"rendered":"TELLUS S4 VX 32 ROW, hidrauli\u010dko ulje, 20\u00a0l"},"content":{"rendered":"<p><p><span style=\"font-weight: bold\">Shell Tellus S4 VX<\/span> je posebno hidrauli\u010dko ulje s visokim indeksom viskoznosti namijeljeno za uporabu u hidrauli\u010dkim aplikacijama podvrgnutim ekstremno niskim temperaturama okoline, poput arkti\u010dkih ili izlo\u017eenih podru\u010dja. <\/p>\n<p><span style=\"font-weight: bold\"><br \/>\nSpecifikacija:<\/span> Komatsu Mining (operacije u hladnim i arkti\u010dkim uvjetima, -50\u00b0C do 35\u00b0C). Podr\u017eava: Frigoscandia (hidrauli\u010dki sistem niske temperature), Komatsu (hidrauli\u010dki sistem operacija u hladnim ili arkti\u010dkim uvjetima, -50\u00b0C to 35\u00b0C), Dietz Automation GmbH (servo ventil i proporcionalna oprema za ispitivanje ventila).<\/p>\n<p><span style=\"font-weight: bold\">Sigurnosno upozorenje:<\/span><\/p>\n<p><img decoding=\"async\" src=\"https:\/\/prod-minio-orbico.nd0.pl\/orbico.ohr\/Piktogrami\/Pozor.png\" alt=\"Pozor\" style=\"max-width: 10%;height: auto\"><\/p>\n<p><img decoding=\"async\" src=\"https:\/\/prod-minio-orbico.nd0.pl\/orbico.ohr\/Piktogrami\/Okolis.png\" alt=\"Okolis\" style=\"max-width: 10%;height: auto\"><\/p>\n<p>&#8211; H315 &#8211; Nadra\u017euje ko\u017eu.<\/p>\n<p>&#8211; H332 &#8211; \u0160tetno ako se udi\u0161e.<\/p>\n<p>&#8211; H411 &#8211; Otrovno za vodeni okoli\u0161 s dugotrajnim u\u010dincima.<\/p>\n<p><\/p>\n","protected":false},"excerpt":{"rendered":"<p>Hidrauli\u010dka teku\u0107ina za uporabu u aplikacijama podvrgnutim ekstremno  niskim temperaturama okoline<br \/>\nPrimjena kod ekstremno niskih temperatura<br \/>\nVrlo visok indeks viskoznosti<\/p>\n","protected":false},"featured_media":0,"template":"","meta":{"_seopress_robots_primary_cat":"","_seopress_titles_title":"","_seopress_titles_desc":"","_seopress_robots_index":"","iawp_total_views":0},"product_brand":[414],"product_cat":[243,276],"product_tag":[],"class_list":{"0":"post-42024","1":"product","2":"type-product","3":"status-publish","5":"product_brand-tellus","6":"product_cat-automobili-i-motori","7":"product_cat-industrijska-i-specijalna-ulja-243","9":"first","10":"outofstock","11":"shipping-taxable","12":"purchasable","13":"product-type-simple"},"_links":{"self":[{"href":"https:\/\/singuli.wpress.me\/index.php\/wp-json\/wp\/v2\/product\/42024","targetHints":{"allow":["GET"]}}],"collection":[{"href":"https:\/\/singuli.wpress.me\/index.php\/wp-json\/wp\/v2\/product"}],"about":[{"href":"https:\/\/singuli.wpress.me\/index.php\/wp-json\/wp\/v2\/types\/product"}],"version-history":[{"count":0,"href":"https:\/\/singuli.wpress.me\/index.php\/wp-json\/wp\/v2\/product\/42024\/revisions"}],"wp:attachment":[{"href":"https:\/\/singuli.wpress.me\/index.php\/wp-json\/wp\/v2\/media?parent=42024"}],"wp:term":[{"taxonomy":"product_brand","embeddable":true,"href":"https:\/\/singuli.wpress.me\/index.php\/wp-json\/wp\/v2\/product_brand?post=42024"},{"taxonomy":"product_cat","embeddable":true,"href":"https:\/\/singuli.wpress.me\/index.php\/wp-json\/wp\/v2\/product_cat?post=42024"},{"taxonomy":"product_tag","embeddable":true,"href":"https:\/\/singuli.wpress.me\/index.php\/wp-json\/wp\/v2\/product_tag?post=42024"}],"curies":[{"name":"wp","href":"https:\/\/api.w.org\/{rel}","templated":true}]}}