{"id":42025,"date":"2026-04-19T15:25:12","date_gmt":"2026-04-19T15:25:12","guid":{"rendered":"https:\/\/singuli.wpress.me\/index.php\/proizvod\/domo-do497wk-my-tea-delux-cajnik\/"},"modified":"2026-04-20T12:33:42","modified_gmt":"2026-04-20T12:33:42","slug":"domo-do497wk-my-tea-delux-cajnik","status":"publish","type":"product","link":"https:\/\/singuli.wpress.me\/index.php\/proizvod\/domo-do497wk-my-tea-delux-cajnik\/","title":{"rendered":"DOMO DO497WK My Tea Delux, \u010dajnik"},"content":{"rendered":"<p>Napravite \u010daj za manje od 1 minute s Domo DO497WK My Tea Deluxe samo jednim pritiskom na tipku za toplu vodu. Ovo je zgodno za pripremu \u0161alice \u010daja prije \u0161kole ili posla. Ili volite \u0161alicu juhe poslijepodne? To je tako\u0111er mogu\u0107e. Uklonjivi spremnik mo\u017ee se jednostavno napuniti. Kuhalo za vodu ima zapreminu od 2 litre, \u0161to zna\u010di da mo\u017eete skuhati do 8 \u0161alica \u010daja odjednom. Broj\u010danik vam omogu\u0107uje da postavite \u017eeljenu veli\u010dinu \u0161alice. Uklonjivi pladanj za kapanje mo\u017ee se jednostavno isprazniti u sudoperu.<\/p>\n","protected":false},"excerpt":{"rendered":"<p>Super brza i jednostavna primjena<br \/>\nSavr\u0161ena koli\u010dina, ravno u va\u0161u \u0161alicu, u samo 45 sekundi<br \/>\nZakuha samo onoliko vode koliko vam je potrebno, \u0161to ga \u010dini iznimno u\u010dinkovitim u potro\u0161nji vode i energije<\/p>\n","protected":false},"featured_media":0,"template":"","meta":{"_seopress_robots_primary_cat":"","_seopress_titles_title":"","_seopress_titles_desc":"","_seopress_robots_index":"","iawp_total_views":0},"product_brand":[255],"product_cat":[192,267],"product_tag":[],"class_list":{"0":"post-42025","1":"product","2":"type-product","3":"status-publish","5":"product_brand-domo","6":"product_cat-aparati-za-osobnu-njegu","7":"product_cat-zdravstveni-uredaji-192","9":"first","10":"outofstock","11":"shipping-taxable","12":"purchasable","13":"product-type-simple"},"_links":{"self":[{"href":"https:\/\/singuli.wpress.me\/index.php\/wp-json\/wp\/v2\/product\/42025","targetHints":{"allow":["GET"]}}],"collection":[{"href":"https:\/\/singuli.wpress.me\/index.php\/wp-json\/wp\/v2\/product"}],"about":[{"href":"https:\/\/singuli.wpress.me\/index.php\/wp-json\/wp\/v2\/types\/product"}],"version-history":[{"count":0,"href":"https:\/\/singuli.wpress.me\/index.php\/wp-json\/wp\/v2\/product\/42025\/revisions"}],"wp:attachment":[{"href":"https:\/\/singuli.wpress.me\/index.php\/wp-json\/wp\/v2\/media?parent=42025"}],"wp:term":[{"taxonomy":"product_brand","embeddable":true,"href":"https:\/\/singuli.wpress.me\/index.php\/wp-json\/wp\/v2\/product_brand?post=42025"},{"taxonomy":"product_cat","embeddable":true,"href":"https:\/\/singuli.wpress.me\/index.php\/wp-json\/wp\/v2\/product_cat?post=42025"},{"taxonomy":"product_tag","embeddable":true,"href":"https:\/\/singuli.wpress.me\/index.php\/wp-json\/wp\/v2\/product_tag?post=42025"}],"curies":[{"name":"wp","href":"https:\/\/api.w.org\/{rel}","templated":true}]}}