{"id":42031,"date":"2026-04-19T15:25:14","date_gmt":"2026-04-19T15:25:14","guid":{"rendered":"https:\/\/singuli.wpress.me\/index.php\/proizvod\/wahl-quick-style-trimer\/"},"modified":"2026-04-21T00:27:14","modified_gmt":"2026-04-21T00:27:14","slug":"wahl-quick-style-trimer","status":"publish","type":"product","link":"https:\/\/singuli.wpress.me\/index.php\/proizvod\/wahl-quick-style-trimer\/","title":{"rendered":"WAHL Quick Style, trimer"},"content":{"rendered":"<p>Multifunkcionalni trimer za suho i mokro podrezivanje dla\u010dica Wahl Quick style Lithium.<\/p>\n<p>Precizni trimer za zaliske, liniju vrata te dotjerivanje brade i brkova uz dodatnu rotiraju\u0107u glavu za podrezivanje dla\u010dica u nosu i u\u0161ima.<\/p>\n","protected":false},"excerpt":{"rendered":"<p>O\u0161trice su perive kako bi \u010di\u0161\u0107enje bilo lak\u0161e.<br \/>\nLitij-ionska baterija olak\u0161ava odr\u017eavanje \u017eeljenog izgleda dla\u010dica i kad ste u pokretu.<br \/>\nO\u0161trice izra\u0111ene od kaljenog \u010delika s vrlo dugim vijekom trajanja.<\/p>\n","protected":false},"featured_media":0,"template":"","meta":{"_seopress_robots_primary_cat":"","_seopress_titles_title":"","_seopress_titles_desc":"","_seopress_robots_index":"","iawp_total_views":0},"product_brand":[159],"product_cat":[280,192,279],"product_tag":[],"class_list":{"0":"post-42031","1":"product","2":"type-product","3":"status-publish","5":"product_brand-wahl","6":"product_cat-aparati-za-muskarce-279","7":"product_cat-aparati-za-osobnu-njegu","8":"product_cat-brijanje-i-sisanje-192","10":"first","11":"outofstock","12":"shipping-taxable","13":"purchasable","14":"product-type-simple"},"_links":{"self":[{"href":"https:\/\/singuli.wpress.me\/index.php\/wp-json\/wp\/v2\/product\/42031","targetHints":{"allow":["GET"]}}],"collection":[{"href":"https:\/\/singuli.wpress.me\/index.php\/wp-json\/wp\/v2\/product"}],"about":[{"href":"https:\/\/singuli.wpress.me\/index.php\/wp-json\/wp\/v2\/types\/product"}],"version-history":[{"count":0,"href":"https:\/\/singuli.wpress.me\/index.php\/wp-json\/wp\/v2\/product\/42031\/revisions"}],"wp:attachment":[{"href":"https:\/\/singuli.wpress.me\/index.php\/wp-json\/wp\/v2\/media?parent=42031"}],"wp:term":[{"taxonomy":"product_brand","embeddable":true,"href":"https:\/\/singuli.wpress.me\/index.php\/wp-json\/wp\/v2\/product_brand?post=42031"},{"taxonomy":"product_cat","embeddable":true,"href":"https:\/\/singuli.wpress.me\/index.php\/wp-json\/wp\/v2\/product_cat?post=42031"},{"taxonomy":"product_tag","embeddable":true,"href":"https:\/\/singuli.wpress.me\/index.php\/wp-json\/wp\/v2\/product_tag?post=42031"}],"curies":[{"name":"wp","href":"https:\/\/api.w.org\/{rel}","templated":true}]}}