{"id":42035,"date":"2026-04-19T15:25:16","date_gmt":"2026-04-19T15:25:16","guid":{"rendered":"https:\/\/singuli.wpress.me\/index.php\/proizvod\/shell-maramice-za-ciscenje-stakla\/"},"modified":"2026-04-21T00:27:14","modified_gmt":"2026-04-21T00:27:14","slug":"shell-maramice-za-ciscenje-stakla","status":"publish","type":"product","link":"https:\/\/singuli.wpress.me\/index.php\/proizvod\/shell-maramice-za-ciscenje-stakla\/","title":{"rendered":"SHELL, maramice za \u010di\u0161\u0107enje stakla"},"content":{"rendered":"<p>Shell maramice za \u010di\u0161\u0107enje stakla <br \/>\nu\u010dinkovito i brzo uklanjaju prljav\u0161tinu, masno\u0107u i druge ostatke sa staklenih povr\u0161ina.<br \/>\nPobolj\u0161ajte vidljivost.<br \/>\nJednostavne za kori\u0161tenje i spremanje.<\/p>\n","protected":false},"excerpt":{"rendered":"<p>Maramice za \u010di\u0161\u0107enje stakla<br \/>\nU\u010dinkovito i brzo uklanjaju prljav\u0161tinu, masno\u0107u i druge ostatke sa staklenih povr\u0161ina<br \/>\nJednostavne za kori\u0161tenje i spremanje<\/p>\n","protected":false},"featured_media":0,"template":"","meta":{"_seopress_robots_primary_cat":"","_seopress_titles_title":"","_seopress_titles_desc":"","_seopress_robots_index":"","iawp_total_views":0},"product_brand":[326],"product_cat":[243,273],"product_tag":[],"class_list":{"0":"post-42035","1":"product","2":"type-product","3":"status-publish","5":"product_brand-shell","6":"product_cat-automobili-i-motori","7":"product_cat-njega-vozila-243","9":"first","10":"instock","11":"shipping-taxable","12":"purchasable","13":"product-type-simple"},"_links":{"self":[{"href":"https:\/\/singuli.wpress.me\/index.php\/wp-json\/wp\/v2\/product\/42035","targetHints":{"allow":["GET"]}}],"collection":[{"href":"https:\/\/singuli.wpress.me\/index.php\/wp-json\/wp\/v2\/product"}],"about":[{"href":"https:\/\/singuli.wpress.me\/index.php\/wp-json\/wp\/v2\/types\/product"}],"version-history":[{"count":0,"href":"https:\/\/singuli.wpress.me\/index.php\/wp-json\/wp\/v2\/product\/42035\/revisions"}],"wp:attachment":[{"href":"https:\/\/singuli.wpress.me\/index.php\/wp-json\/wp\/v2\/media?parent=42035"}],"wp:term":[{"taxonomy":"product_brand","embeddable":true,"href":"https:\/\/singuli.wpress.me\/index.php\/wp-json\/wp\/v2\/product_brand?post=42035"},{"taxonomy":"product_cat","embeddable":true,"href":"https:\/\/singuli.wpress.me\/index.php\/wp-json\/wp\/v2\/product_cat?post=42035"},{"taxonomy":"product_tag","embeddable":true,"href":"https:\/\/singuli.wpress.me\/index.php\/wp-json\/wp\/v2\/product_tag?post=42035"}],"curies":[{"name":"wp","href":"https:\/\/api.w.org\/{rel}","templated":true}]}}