{"id":42036,"date":"2026-04-19T15:25:17","date_gmt":"2026-04-19T15:25:17","guid":{"rendered":"https:\/\/singuli.wpress.me\/index.php\/proizvod\/rio-mare-fileti-skuse-sa-zara-u-ekstra-djevicanskom-maslinovom-ulju-120-g\/"},"modified":"2026-04-21T00:27:14","modified_gmt":"2026-04-21T00:27:14","slug":"rio-mare-fileti-skuse-sa-zara-u-ekstra-djevicanskom-maslinovom-ulju-120-g","status":"publish","type":"product","link":"https:\/\/singuli.wpress.me\/index.php\/proizvod\/rio-mare-fileti-skuse-sa-zara-u-ekstra-djevicanskom-maslinovom-ulju-120-g\/","title":{"rendered":"RIO MARE, fileti sku\u0161e sa \u017eara, u ekstra djevi\u010danskom maslinovom ulju, 120\u00a0g"},"content":{"rendered":"<p>Rio Mare Fileti sku\u0161e sa \u017eara donose na Va\u0161 stol okus i nutritivna svojstva najboljih ru\u010dno obra\u0111enih fileta sku\u0161e sa \u017eara za potpuni do\u017eivljaj omiljenog jela morske kuhinje. <\/p>\n<p>Rio Mare konzervirani fileti sku\u0161e su savr\u0161en odabir za sve one koji \u017eele zdravu i uravnote\u017eenu prehranu.<\/p>\n","protected":false},"excerpt":{"rendered":"<p>Odli\u010dna nutritivna svojstva<br \/>\nDosljedna kvaliteta<br \/>\nKonzervirani filteti<\/p>\n","protected":false},"featured_media":0,"template":"","meta":{"_seopress_robots_primary_cat":"","_seopress_titles_title":"","_seopress_titles_desc":"","_seopress_robots_index":"","iawp_total_views":0},"product_brand":[456],"product_cat":[261,299],"product_tag":[],"class_list":{"0":"post-42036","1":"product","2":"type-product","3":"status-publish","5":"product_brand-rio-mare","6":"product_cat-hrana-i-pice","7":"product_cat-konzervirana-i-gotova-hrana-261","9":"first","10":"instock","11":"shipping-taxable","12":"purchasable","13":"product-type-simple"},"_links":{"self":[{"href":"https:\/\/singuli.wpress.me\/index.php\/wp-json\/wp\/v2\/product\/42036","targetHints":{"allow":["GET"]}}],"collection":[{"href":"https:\/\/singuli.wpress.me\/index.php\/wp-json\/wp\/v2\/product"}],"about":[{"href":"https:\/\/singuli.wpress.me\/index.php\/wp-json\/wp\/v2\/types\/product"}],"version-history":[{"count":0,"href":"https:\/\/singuli.wpress.me\/index.php\/wp-json\/wp\/v2\/product\/42036\/revisions"}],"wp:attachment":[{"href":"https:\/\/singuli.wpress.me\/index.php\/wp-json\/wp\/v2\/media?parent=42036"}],"wp:term":[{"taxonomy":"product_brand","embeddable":true,"href":"https:\/\/singuli.wpress.me\/index.php\/wp-json\/wp\/v2\/product_brand?post=42036"},{"taxonomy":"product_cat","embeddable":true,"href":"https:\/\/singuli.wpress.me\/index.php\/wp-json\/wp\/v2\/product_cat?post=42036"},{"taxonomy":"product_tag","embeddable":true,"href":"https:\/\/singuli.wpress.me\/index.php\/wp-json\/wp\/v2\/product_tag?post=42036"}],"curies":[{"name":"wp","href":"https:\/\/api.w.org\/{rel}","templated":true}]}}