{"id":42038,"date":"2026-04-19T15:25:17","date_gmt":"2026-04-19T15:25:17","guid":{"rendered":"https:\/\/singuli.wpress.me\/index.php\/proizvod\/oral-b-pro-expert-fresh-mint-tekucina-za-ispiranje-usne-supljine-500-ml\/"},"modified":"2026-04-21T00:27:14","modified_gmt":"2026-04-21T00:27:14","slug":"oral-b-pro-expert-fresh-mint-tekucina-za-ispiranje-usne-supljine-500-ml","status":"publish","type":"product","link":"https:\/\/singuli.wpress.me\/index.php\/proizvod\/oral-b-pro-expert-fresh-mint-tekucina-za-ispiranje-usne-supljine-500-ml\/","title":{"rendered":"ORAL-B Pro-Expert Fresh Mint, teku\u0107ina za ispiranje usne \u0161upljine, 500\u00a0ml"},"content":{"rendered":"<p>Teku\u0107ina za ispiranje usne \u0161upljine Oral-B Pro-Expert Fresh Mint za jake zube u\u010dinkovita je svakodnevna njega za sva podru\u010dja usne \u0161upljine s 24-satnom za\u0161titom od zubnih naslaga kada se upotrebljava dvaput dnevno. <\/p>\n<p>Ne izaziva alkoholno peckanje te ima ugodan okus metvice koji u ustima ostavlja osje\u0107aj svje\u017eine i \u010disto\u0107e.<\/p>\n<p>Upute za upotrebu: Napunite \u010dep do oznake za 20 ml. Temeljito ispirite usta 30 sekundi i ispljunite. Upotrebljavajte dvaput dnevno.<\/p>\n","protected":false},"excerpt":{"rendered":"<p>Svje\u017e okus metvice<br \/>\nBez alkoholnog peckanja<br \/>\n24-satna za\u0161tita od zubnih naslaga<\/p>\n","protected":false},"featured_media":0,"template":"","meta":{"_seopress_robots_primary_cat":"","_seopress_titles_title":"","_seopress_titles_desc":"","_seopress_robots_index":"","iawp_total_views":0},"product_brand":[423],"product_cat":[268,309],"product_tag":[],"class_list":{"0":"post-42038","1":"product","2":"type-product","3":"status-publish","5":"product_brand-oral-b-2","6":"product_cat-kozmetika-2","7":"product_cat-oralna-higijena-268","9":"first","10":"outofstock","11":"shipping-taxable","12":"purchasable","13":"product-type-simple"},"_links":{"self":[{"href":"https:\/\/singuli.wpress.me\/index.php\/wp-json\/wp\/v2\/product\/42038","targetHints":{"allow":["GET"]}}],"collection":[{"href":"https:\/\/singuli.wpress.me\/index.php\/wp-json\/wp\/v2\/product"}],"about":[{"href":"https:\/\/singuli.wpress.me\/index.php\/wp-json\/wp\/v2\/types\/product"}],"version-history":[{"count":0,"href":"https:\/\/singuli.wpress.me\/index.php\/wp-json\/wp\/v2\/product\/42038\/revisions"}],"wp:attachment":[{"href":"https:\/\/singuli.wpress.me\/index.php\/wp-json\/wp\/v2\/media?parent=42038"}],"wp:term":[{"taxonomy":"product_brand","embeddable":true,"href":"https:\/\/singuli.wpress.me\/index.php\/wp-json\/wp\/v2\/product_brand?post=42038"},{"taxonomy":"product_cat","embeddable":true,"href":"https:\/\/singuli.wpress.me\/index.php\/wp-json\/wp\/v2\/product_cat?post=42038"},{"taxonomy":"product_tag","embeddable":true,"href":"https:\/\/singuli.wpress.me\/index.php\/wp-json\/wp\/v2\/product_tag?post=42038"}],"curies":[{"name":"wp","href":"https:\/\/api.w.org\/{rel}","templated":true}]}}