{"id":42040,"date":"2026-04-19T15:25:17","date_gmt":"2026-04-19T15:25:17","guid":{"rendered":"https:\/\/singuli.wpress.me\/index.php\/proizvod\/bison-power-pistolj-za-kartuse\/"},"modified":"2026-04-20T12:33:42","modified_gmt":"2026-04-20T12:33:42","slug":"bison-power-pistolj-za-kartuse","status":"publish","type":"product","link":"https:\/\/singuli.wpress.me\/index.php\/proizvod\/bison-power-pistolj-za-kartuse\/","title":{"rendered":"BISON, power pi\u0161tolj, za kartu\u0161e"},"content":{"rendered":"<p>Robustan i trajan pi\u0161tolj za kartu\u0161e s funkcijom trenutnog zaustavljanja.<\/p>\n<p>Prikladan za sva ljepila i brtvila u kartu\u0161i, kao \u0161to su Montagekit, Poly Max\u00ae, poliuretanska konstrukcijska ljepila, silikonska brtvila i akrilna brtvila.<\/p>\n","protected":false},"excerpt":{"rendered":"<p>Trajna kvaliteta<br \/>\nRobustan<br \/>\nOkre\u0107e se za 360\u00b0<\/p>\n","protected":false},"featured_media":0,"template":"","meta":{"_seopress_robots_primary_cat":"","_seopress_titles_title":"","_seopress_titles_desc":"","_seopress_robots_index":"","iawp_total_views":0},"product_brand":[494],"product_cat":[264,238],"product_tag":[],"class_list":{"0":"post-42040","1":"product","2":"type-product","3":"status-publish","5":"product_brand-bison","6":"product_cat-ljepila-i-brtvila-238","7":"product_cat-sve-za-dom","9":"first","10":"instock","11":"shipping-taxable","12":"purchasable","13":"product-type-simple"},"_links":{"self":[{"href":"https:\/\/singuli.wpress.me\/index.php\/wp-json\/wp\/v2\/product\/42040","targetHints":{"allow":["GET"]}}],"collection":[{"href":"https:\/\/singuli.wpress.me\/index.php\/wp-json\/wp\/v2\/product"}],"about":[{"href":"https:\/\/singuli.wpress.me\/index.php\/wp-json\/wp\/v2\/types\/product"}],"version-history":[{"count":0,"href":"https:\/\/singuli.wpress.me\/index.php\/wp-json\/wp\/v2\/product\/42040\/revisions"}],"wp:attachment":[{"href":"https:\/\/singuli.wpress.me\/index.php\/wp-json\/wp\/v2\/media?parent=42040"}],"wp:term":[{"taxonomy":"product_brand","embeddable":true,"href":"https:\/\/singuli.wpress.me\/index.php\/wp-json\/wp\/v2\/product_brand?post=42040"},{"taxonomy":"product_cat","embeddable":true,"href":"https:\/\/singuli.wpress.me\/index.php\/wp-json\/wp\/v2\/product_cat?post=42040"},{"taxonomy":"product_tag","embeddable":true,"href":"https:\/\/singuli.wpress.me\/index.php\/wp-json\/wp\/v2\/product_tag?post=42040"}],"curies":[{"name":"wp","href":"https:\/\/api.w.org\/{rel}","templated":true}]}}