{"id":42041,"date":"2026-04-19T15:25:18","date_gmt":"2026-04-19T15:25:18","guid":{"rendered":"https:\/\/singuli.wpress.me\/index.php\/proizvod\/braun-bt-3322-trimer-za-bradu-20-duljina\/"},"modified":"2026-04-20T12:33:42","modified_gmt":"2026-04-20T12:33:42","slug":"braun-bt-3322-trimer-za-bradu-20-duljina","status":"publish","type":"product","link":"https:\/\/singuli.wpress.me\/index.php\/proizvod\/braun-bt-3322-trimer-za-bradu-20-duljina\/","title":{"rendered":"BRAUN BT 3322, trimer za bradu, 20 duljina"},"content":{"rendered":"<p>Braun Beard Trimmer BT3321, trimer za bradu i aparat za \u0161i\u0161anje, za mu\u0161karce; dugovje\u010dne o\u0161tre o\u0161trice; 20 postavki duljine; crni<\/p>\n<p>Istaknute zna\u010dajke:<br \/>\n\u2022 O\u0161triji. Br\u017ei. U\u010dinkovitiji.* Braunov trimer za bradu BT3 ima \u0161iri segment za podrezivanje u usporedbi s dosada\u0161njim Braunovim trimerima, \u0161to zna\u010di da pri svakom potezu hvata i podrezuje vi\u0161e dla\u010dica.*<br \/>\n\u2022 100% preciznost i kontrola: precizni \u010de\u0161lji\u0107 s 20% manje plastike* omogu\u0107uje savr\u0161eno lako podrezivanje.<br \/>\n\u2022 Savr\u0161eno precizan alat: ovaj trimer za bradu ima kota\u010di\u0107 za precizno pode\u0161avanje na 20 postavki duljine u koracima od po 0,5 mm (od 0,5 do 10 mm). Oblikujte, uredite i dotjerajte svaki detalj svojih brkova i brade, bradice ili jednodnevne brade.<br \/>\n\u2022 Stvoren da traje: ovaj trimer za bradu za mu\u0161karce ima dugovje\u010dne o\u0161tre o\u0161trice \u2013 za lako, ravnomjerno i konzistentno podrezivanje brade pri svakoj duljini.<br \/>\n\u2022 Napredan njema\u010dki dizajn: mo\u0107na NiMH baterija za 50 minuta rada.<br \/>\n*u odnosu na dosada\u0161nje Braunove trimere<\/p>\n<p>O\u0161triji. Br\u017ei. U\u010dinkovitiji.*<br \/>\nGlava trimera ima \u0161iri dio za podrezivanje pa hvata i podrezuje vi\u0161e dla\u010dica pri svakom potezu nego ijedan prija\u0161nji Braunov trimer. Do\u0111ite do \u017eeljenog izgleda u manje poteza.<br \/>\n*u odnosu na dosada\u0161nje Braunove trimere<\/p>\n<p>Braun za ure\u0111ivanje dla\u010dica<br \/>\n&#8211; Savr\u0161ena lako\u0107a preciznosti za va\u0161 stil.<br \/>\n&#8211; Njema\u010dki dizajn stvoren da traje.<br \/>\n&#8211; Sa \u0161irim segmentom za podrezivanje za postizanje \u017eeljenog izgleda u manje poteza.<\/p>\n<p>Kratka do srednje duga brada<br \/>\nKratki \u010de\u0161lji\u0107 poma\u017ee u lakom odr\u017eavanju kratkih i srednje dugih brada (0,5 \u2013 10 mm).<\/p>\n<p>Oblikovanje kontura<br \/>\nDefinirajte precizne linije i rubove na vratu i obrazima uz pomo\u0107 glave trimera.<\/p>\n<p>Dugovje\u010dne o\u0161tre o\u0161trice<br \/>\nUltra o\u0161tre o\u0161trice s lako\u0107om re\u017eu duge i guste dla\u010dice, bez ikakvog zapinjanja i \u010dupanja. <\/p>\n<p>Kota\u010di\u0107 za precizno pode\u0161avanje<br \/>\nKota\u010di\u0107 za precizno pode\u0161avanje nudi 20 postavki duljine od 0,5 do 10 mm za najrazli\u010ditije stilove brada i frizura. <\/p>\n<p>Njema\u010dki dizajn<br \/>\nBT3 dizajniran je u Njema\u010dkoj te donosi spoj bezvremenskog dizajna i besprijekorne funkcionalnosti.<\/p>\n<p>NiMH baterija<br \/>\n50 minuta podrezivanja. 10-satno punjenje.<\/p>\n<p>Opis proizvoda:<br \/>\nS lako\u0107om uredite dla\u010dice na licu i frizuru u \u017eeljenom stilu. U tome \u0107e vam pomo\u0107i BT3, Braunov trimer za bradu i aparat za \u0161i\u0161anje namijenjen mu\u0161karcima. Ovaj trimer za bradu o\u0161triji je, br\u017ei i efikasniji \u2013 zahvaljuju\u0107i \u0161irem segmentu za podrezivanje koji hvata i podrezuje vi\u0161e dla\u010dica pri svakom potezu.* BT3322 ima i kota\u010di\u0107 za precizno pode\u0161avanje na 20 postavki duljine, dugovje\u010dne o\u0161tre o\u0161trice te NIMH bateriju.<br \/>\n*u odnosu na dosada\u0161nje Braunove trimere<\/p>\n<p>Sadr\u017eaj pakiranja:<br \/>\n1 \u00d7 trimer za bradu i kosu<br \/>\n1 \u00d7 precizni \u010de\u0161lji\u0107 za bradu<br \/>\n1 \u00d7 \u010detkica za \u010di\u0161\u0107enje<br \/>\n1 \u00d7 punja\u010d SmartPlug<br \/>\n1 \u00d7 korisni\u010dki priru\u010dnik<\/p>\n","protected":false},"excerpt":{"rendered":"<p>BT3322 ima i kota\u010di\u0107 za precizno pode\u0161avanje na 20 postavki duljine<br \/>\nO\u0161triji. Br\u017ei. U\u010dinkovitiji.<br \/>\n100% preciznost i kontrola<\/p>\n","protected":false},"featured_media":0,"template":"","meta":{"_seopress_robots_primary_cat":"","_seopress_titles_title":"","_seopress_titles_desc":"","_seopress_robots_index":"","iawp_total_views":0},"product_brand":[144],"product_cat":[280,192,279],"product_tag":[],"class_list":{"0":"post-42041","1":"product","2":"type-product","3":"status-publish","5":"product_brand-braun","6":"product_cat-aparati-za-muskarce-279","7":"product_cat-aparati-za-osobnu-njegu","8":"product_cat-brijanje-i-sisanje-192","10":"first","11":"outofstock","12":"shipping-taxable","13":"purchasable","14":"product-type-simple"},"_links":{"self":[{"href":"https:\/\/singuli.wpress.me\/index.php\/wp-json\/wp\/v2\/product\/42041","targetHints":{"allow":["GET"]}}],"collection":[{"href":"https:\/\/singuli.wpress.me\/index.php\/wp-json\/wp\/v2\/product"}],"about":[{"href":"https:\/\/singuli.wpress.me\/index.php\/wp-json\/wp\/v2\/types\/product"}],"version-history":[{"count":0,"href":"https:\/\/singuli.wpress.me\/index.php\/wp-json\/wp\/v2\/product\/42041\/revisions"}],"wp:attachment":[{"href":"https:\/\/singuli.wpress.me\/index.php\/wp-json\/wp\/v2\/media?parent=42041"}],"wp:term":[{"taxonomy":"product_brand","embeddable":true,"href":"https:\/\/singuli.wpress.me\/index.php\/wp-json\/wp\/v2\/product_brand?post=42041"},{"taxonomy":"product_cat","embeddable":true,"href":"https:\/\/singuli.wpress.me\/index.php\/wp-json\/wp\/v2\/product_cat?post=42041"},{"taxonomy":"product_tag","embeddable":true,"href":"https:\/\/singuli.wpress.me\/index.php\/wp-json\/wp\/v2\/product_tag?post=42041"}],"curies":[{"name":"wp","href":"https:\/\/api.w.org\/{rel}","templated":true}]}}