{"id":42045,"date":"2026-04-19T15:25:19","date_gmt":"2026-04-19T15:25:19","guid":{"rendered":"https:\/\/singuli.wpress.me\/index.php\/proizvod\/ambi-pur-3volution-punjenje-za-elektricni-aparat-lenor-spring\/"},"modified":"2026-04-20T12:33:42","modified_gmt":"2026-04-20T12:33:42","slug":"ambi-pur-3volution-punjenje-za-elektricni-aparat-lenor-spring","status":"publish","type":"product","link":"https:\/\/singuli.wpress.me\/index.php\/proizvod\/ambi-pur-3volution-punjenje-za-elektricni-aparat-lenor-spring\/","title":{"rendered":"AMBI PUR 3VOLUTION, punjenje za elektri\u010dni aparat, Lenor Spring"},"content":{"rendered":"<p>Neka va\u0161 dom ispuni proljetna svje\u017eina prirode. Po\u010detni komplet Ambi Pur 3Volution neprekidno uklanja neugodne mirise, a prostor ispunjava \u010distim i nje\u017enim mirisom. Naime, za razliku od drugih osvje\u017eiva\u010da prostora na \u010diji se miris lako naviknemo, Ambi Pur 3Volution sadr\u017ei 3 blaga, komplementarna mirisa, koji se izmjenjuju svakih 45 minuta za neprekidan osje\u0107aj svje\u017eine. Svaki ulo\u017eak traje i do 90 dana ako se upotrebljava 12 sati dnevno na minimalnoj postavci. Difuzore Ambi Pur 3Volution koristite isklju\u010divo s ulo\u0161cima Ambi Pur 3Volution koji su dostupni u nizu mirisnih varijanti, za svje\u017einu koju \u0107ete primje\u0107ivati iz dana u dan, iz tjedna u tjedan.<\/p>\n","protected":false},"excerpt":{"rendered":"<p>3Volution izmjenjuje komplementarne mirise svakih 45 minuta<br \/>\nZamjenjivi ulo\u017eak za elektri\u010dni osvje\u017eiva\u010d ambi pur 3Volution<br \/>\nTraje do 90 dana (ako se upotrebljava 12 sati dnevno na minimalnoj postavci)<\/p>\n","protected":false},"featured_media":0,"template":"","meta":{"_seopress_robots_primary_cat":"","_seopress_titles_title":"","_seopress_titles_desc":"","_seopress_robots_index":"","iawp_total_views":0},"product_brand":[743],"product_cat":[243,272],"product_tag":[],"class_list":{"0":"post-42045","1":"product","2":"type-product","3":"status-publish","5":"product_brand-ambi-pur-3volution","6":"product_cat-automobili-i-motori","7":"product_cat-motorna-ulja-243","9":"first","10":"outofstock","11":"shipping-taxable","12":"purchasable","13":"product-type-simple"},"_links":{"self":[{"href":"https:\/\/singuli.wpress.me\/index.php\/wp-json\/wp\/v2\/product\/42045","targetHints":{"allow":["GET"]}}],"collection":[{"href":"https:\/\/singuli.wpress.me\/index.php\/wp-json\/wp\/v2\/product"}],"about":[{"href":"https:\/\/singuli.wpress.me\/index.php\/wp-json\/wp\/v2\/types\/product"}],"version-history":[{"count":0,"href":"https:\/\/singuli.wpress.me\/index.php\/wp-json\/wp\/v2\/product\/42045\/revisions"}],"wp:attachment":[{"href":"https:\/\/singuli.wpress.me\/index.php\/wp-json\/wp\/v2\/media?parent=42045"}],"wp:term":[{"taxonomy":"product_brand","embeddable":true,"href":"https:\/\/singuli.wpress.me\/index.php\/wp-json\/wp\/v2\/product_brand?post=42045"},{"taxonomy":"product_cat","embeddable":true,"href":"https:\/\/singuli.wpress.me\/index.php\/wp-json\/wp\/v2\/product_cat?post=42045"},{"taxonomy":"product_tag","embeddable":true,"href":"https:\/\/singuli.wpress.me\/index.php\/wp-json\/wp\/v2\/product_tag?post=42045"}],"curies":[{"name":"wp","href":"https:\/\/api.w.org\/{rel}","templated":true}]}}