{"id":42049,"date":"2026-04-19T15:25:22","date_gmt":"2026-04-19T15:25:22","guid":{"rendered":"https:\/\/singuli.wpress.me\/index.php\/proizvod\/barbie-igracka-set-za-nokte-promjena-boje\/"},"modified":"2026-04-20T12:33:42","modified_gmt":"2026-04-20T12:33:42","slug":"barbie-igracka-set-za-nokte-promjena-boje","status":"publish","type":"product","link":"https:\/\/singuli.wpress.me\/index.php\/proizvod\/barbie-igracka-set-za-nokte-promjena-boje\/","title":{"rendered":"BARBIE, igra\u010dka, set za nokte &#8211; promjena boje"},"content":{"rendered":"<p>Zabavi se kreiraju\u0107i \u0161arene lakove za nokte sa ovim super Barbie modernim setom.<\/p>\n<p>Doznaj koliko je mnogo na\u010dina da se promijeni boja laka \u2013 uz pomo\u0107 sun\u010deve svjetlosti ili kontakta s hladnom vodom. Na taj na\u010din mo\u017ee\u0161 kreirati razli\u010dite nijanse i moderne boje \u2013 zabavi nikad kraja!<\/p>\n<p>Moderne djevojke vole mijenjati izgled ovisno o situaciji, kako se osje\u0107aju&#8230;ili barem da zadive ostale!<\/p>\n<p>Nemojmo zaboraviti male trikove kojima na\u0161a manikura postaje \u2013 iznena\u0111enje! Iznenadi lakom koji mijenja boju bez da mora\u0161 staviti novi sloj! Lak koji \u0107emo zajedno pripremiti je poseban \u2013 mo\u017ee promijeniti boju! Za ovu na\u0161u \u201emagiju\u201c postoje znanstvene \u010dinjenice. Osnovni sastojak na\u0161eg laka su si\u0107u\u0161ne perlice \u2013 osjetljive na odre\u0111ene vanjske sile\/utjecaje. Govorimo o termokromatskim i fotokromatskim sastojcima. Prva promjena boje nastupa kod promjene temperature a druga kod izlaganja svjetlosti. Nevjerojatno, zar ne? Stoga zapo\u010dnimo!<\/p>\n<p>Dob: 5+ god<\/p>\n","protected":false},"excerpt":{"rendered":"<p>\u0160areni lakovi za nokte<br \/>\nLak koji mijenja boju<br \/>\nDob: 5+god<\/p>\n","protected":false},"featured_media":0,"template":"","meta":{"_seopress_robots_primary_cat":"","_seopress_titles_title":"","_seopress_titles_desc":"","_seopress_robots_index":"","iawp_total_views":0},"product_brand":[324],"product_cat":[221,291],"product_tag":[],"class_list":{"0":"post-42049","1":"product","2":"type-product","3":"status-publish","5":"product_brand-barbie","6":"product_cat-igracke","7":"product_cat-igracke-za-djecu-221","9":"first","10":"instock","11":"shipping-taxable","12":"purchasable","13":"product-type-simple"},"_links":{"self":[{"href":"https:\/\/singuli.wpress.me\/index.php\/wp-json\/wp\/v2\/product\/42049","targetHints":{"allow":["GET"]}}],"collection":[{"href":"https:\/\/singuli.wpress.me\/index.php\/wp-json\/wp\/v2\/product"}],"about":[{"href":"https:\/\/singuli.wpress.me\/index.php\/wp-json\/wp\/v2\/types\/product"}],"version-history":[{"count":0,"href":"https:\/\/singuli.wpress.me\/index.php\/wp-json\/wp\/v2\/product\/42049\/revisions"}],"wp:attachment":[{"href":"https:\/\/singuli.wpress.me\/index.php\/wp-json\/wp\/v2\/media?parent=42049"}],"wp:term":[{"taxonomy":"product_brand","embeddable":true,"href":"https:\/\/singuli.wpress.me\/index.php\/wp-json\/wp\/v2\/product_brand?post=42049"},{"taxonomy":"product_cat","embeddable":true,"href":"https:\/\/singuli.wpress.me\/index.php\/wp-json\/wp\/v2\/product_cat?post=42049"},{"taxonomy":"product_tag","embeddable":true,"href":"https:\/\/singuli.wpress.me\/index.php\/wp-json\/wp\/v2\/product_tag?post=42049"}],"curies":[{"name":"wp","href":"https:\/\/api.w.org\/{rel}","templated":true}]}}