{"id":42051,"date":"2026-04-19T15:25:23","date_gmt":"2026-04-19T15:25:23","guid":{"rendered":"https:\/\/singuli.wpress.me\/index.php\/proizvod\/raid-listici-protiv-moljaca-12-kom\/"},"modified":"2026-04-20T12:33:42","modified_gmt":"2026-04-20T12:33:42","slug":"raid-listici-protiv-moljaca-12-kom","status":"publish","type":"product","link":"https:\/\/singuli.wpress.me\/index.php\/proizvod\/raid-listici-protiv-moljaca-12-kom\/","title":{"rendered":"RAID, listi\u0107i protiv moljaca, 12\u00a0kom"},"content":{"rendered":"<p>Raid\u00ae Mirisni listi\u0107i protiv moljaca \u0161tite Va\u0161e ormare i ladice od moljaca \u010dak do 3 mjeseca. <\/p>\n<p>Aktivna formula uni\u0161tava odrasle moljce i njihove li\u010dinke ne ostavljaju\u0107i pritom mrlje na odje\u0107i. <\/p>\n<p><span style=\"font-weight: bold\">Upute za kori\u0161tenje:<br \/>\n<\/span>Izvadite proizvod iz pakiranja, odvojite listove i stavite ih u ormare i ladice. Za optimalnu za\u0161titu od moljaca koristiti 1-4 lista. <br \/>\nPreporuka: koristiti \u010detiri plo\u010de po m3. Stavite po jedan listi\u0107 u ladicu. Objesite 2 lista u jednokrilni ormar, 4 u dvokrilni ormar itd. <br \/>\n\u017delite li letke objesiti u ormari\u0107e, objesite ih na vje\u0161alice s rupom na letcima ili jednostavno stavite proizvod u ladice i na police. <\/p>\n<p>Za najbolje rezultate zamijenite proizvod svaka 3 mjeseca.<\/p>\n","protected":false},"excerpt":{"rendered":"<p>Ne ostavlja mrlje na osjetljivim materijalima kao \u0161to su ka\u0161mir i svila<br \/>\n\u0160titi ormare i ladice od moljaca \u010dak do 3 mjeseca<br \/>\nAktivna formula uni\u0161tava odrasle moljce i li\u010dinke.<\/p>\n","protected":false},"featured_media":0,"template":"","meta":{"_seopress_robots_primary_cat":"","_seopress_titles_title":"","_seopress_titles_desc":"","_seopress_robots_index":"","iawp_total_views":0},"product_brand":[457],"product_cat":[274,238],"product_tag":[],"class_list":{"0":"post-42051","1":"product","2":"type-product","3":"status-publish","5":"product_brand-raid","6":"product_cat-kucanski-pribor-238","7":"product_cat-sve-za-dom","9":"first","10":"outofstock","11":"shipping-taxable","12":"purchasable","13":"product-type-simple"},"_links":{"self":[{"href":"https:\/\/singuli.wpress.me\/index.php\/wp-json\/wp\/v2\/product\/42051","targetHints":{"allow":["GET"]}}],"collection":[{"href":"https:\/\/singuli.wpress.me\/index.php\/wp-json\/wp\/v2\/product"}],"about":[{"href":"https:\/\/singuli.wpress.me\/index.php\/wp-json\/wp\/v2\/types\/product"}],"version-history":[{"count":0,"href":"https:\/\/singuli.wpress.me\/index.php\/wp-json\/wp\/v2\/product\/42051\/revisions"}],"wp:attachment":[{"href":"https:\/\/singuli.wpress.me\/index.php\/wp-json\/wp\/v2\/media?parent=42051"}],"wp:term":[{"taxonomy":"product_brand","embeddable":true,"href":"https:\/\/singuli.wpress.me\/index.php\/wp-json\/wp\/v2\/product_brand?post=42051"},{"taxonomy":"product_cat","embeddable":true,"href":"https:\/\/singuli.wpress.me\/index.php\/wp-json\/wp\/v2\/product_cat?post=42051"},{"taxonomy":"product_tag","embeddable":true,"href":"https:\/\/singuli.wpress.me\/index.php\/wp-json\/wp\/v2\/product_tag?post=42051"}],"curies":[{"name":"wp","href":"https:\/\/api.w.org\/{rel}","templated":true}]}}