{"id":42053,"date":"2026-04-19T15:25:24","date_gmt":"2026-04-19T15:25:24","guid":{"rendered":"https:\/\/singuli.wpress.me\/index.php\/proizvod\/fisher-price-hodalica-psic-za-sveznalice\/"},"modified":"2026-04-20T12:33:42","modified_gmt":"2026-04-20T12:33:42","slug":"fisher-price-hodalica-psic-za-sveznalice","status":"publish","type":"product","link":"https:\/\/singuli.wpress.me\/index.php\/proizvod\/fisher-price-hodalica-psic-za-sveznalice\/","title":{"rendered":"FISHER PRICE, hodalica, psi\u0107 za sveznalice"},"content":{"rendered":"<p>Krenimo u \u0161etnju!<\/p>\n<p>Psi\u0107 je savr\u0161en prijatelja va\u0161eg djeteta. Nudi mno\u0161tvo aktivnosti za bebu dok sjedi kao i mno\u0161tvo ohrabruju\u0107ih fraza i podr\u0161ke za napravljen prve korake.<\/p>\n<p>Kako dijete raste, Psi\u0107 \u0107e ga upoznati i s abecedom, oblicima, bojama, brojanjem pa \u010dak i s engleskim jezikom.<\/p>\n<p>U\u010denje: Pjevne pjesmice i izrazi upoznaju va\u0161e dijete sa slovima, bojama, brojevima, engleskim jezikom i vi\u0161e.<\/p>\n<p>Motori\u010dke vje\u0161tine: Dok poku\u0161ava dohvatiti i igrati se s razli\u010ditim aktivnostima, mi\u0161i\u0107i va\u0161eg djeteta ja\u010daju kako bi moglo po\u010deti stajati i hodati uz guralicu.<\/p>\n<p>Znati\u017eelja: Kako beba otkriva kako aktivirati glazbu i izraze priti\u0161\u0107u\u0107i tipke ili guraju\u0107i guralicu, vidjet \u0107e da njezini postupci dovode do toga da se dogode zabavne stvari &#8211; da, to je uzrok i posljedica.<\/p>\n","protected":false},"excerpt":{"rendered":"<p>Nudi mnogo aktivnosti dok beba sjedi, ali i uz prve korake<br \/>\nBeba upoznaje abecedu, brojeve, pjesmice itd.<br \/>\nPoma\u017ee u razvijanju motori\u010dkih vje\u0161tina i znati\u017eelji<\/p>\n","protected":false},"featured_media":0,"template":"","meta":{"_seopress_robots_primary_cat":"","_seopress_titles_title":"","_seopress_titles_desc":"","_seopress_robots_index":"","iawp_total_views":0},"product_brand":[458],"product_cat":[221,291],"product_tag":[],"class_list":{"0":"post-42053","1":"product","2":"type-product","3":"status-publish","5":"product_brand-fisher-price","6":"product_cat-igracke","7":"product_cat-igracke-za-djecu-221","9":"first","10":"instock","11":"shipping-taxable","12":"purchasable","13":"product-type-simple"},"_links":{"self":[{"href":"https:\/\/singuli.wpress.me\/index.php\/wp-json\/wp\/v2\/product\/42053","targetHints":{"allow":["GET"]}}],"collection":[{"href":"https:\/\/singuli.wpress.me\/index.php\/wp-json\/wp\/v2\/product"}],"about":[{"href":"https:\/\/singuli.wpress.me\/index.php\/wp-json\/wp\/v2\/types\/product"}],"version-history":[{"count":0,"href":"https:\/\/singuli.wpress.me\/index.php\/wp-json\/wp\/v2\/product\/42053\/revisions"}],"wp:attachment":[{"href":"https:\/\/singuli.wpress.me\/index.php\/wp-json\/wp\/v2\/media?parent=42053"}],"wp:term":[{"taxonomy":"product_brand","embeddable":true,"href":"https:\/\/singuli.wpress.me\/index.php\/wp-json\/wp\/v2\/product_brand?post=42053"},{"taxonomy":"product_cat","embeddable":true,"href":"https:\/\/singuli.wpress.me\/index.php\/wp-json\/wp\/v2\/product_cat?post=42053"},{"taxonomy":"product_tag","embeddable":true,"href":"https:\/\/singuli.wpress.me\/index.php\/wp-json\/wp\/v2\/product_tag?post=42053"}],"curies":[{"name":"wp","href":"https:\/\/api.w.org\/{rel}","templated":true}]}}