{"id":42054,"date":"2026-04-19T15:25:25","date_gmt":"2026-04-19T15:25:25","guid":{"rendered":"https:\/\/singuli.wpress.me\/index.php\/proizvod\/oral-b-baby-winnie-the-pooh-zubna-cetkica-0-2god\/"},"modified":"2026-04-20T12:33:42","modified_gmt":"2026-04-20T12:33:42","slug":"oral-b-baby-winnie-the-pooh-zubna-cetkica-0-2god","status":"publish","type":"product","link":"https:\/\/singuli.wpress.me\/index.php\/proizvod\/oral-b-baby-winnie-the-pooh-zubna-cetkica-0-2god\/","title":{"rendered":"ORAL-B Baby Winnie The Pooh, zubna \u010detkica, 0-2god"},"content":{"rendered":"<p>Zubna \u010detkica Oral-B Baby prva je zubna \u010detkica va\u0161eg djeteta. <\/p>\n<p>Stomatolozi preporu\u010duju roditeljima da po\u010dnu prati bebine zube ve\u0107 s prvim zubi\u0107em. <\/p>\n<p>\u010cetkica je izra\u0111ena od najmek\u0161ih vlakana i ima okruglu glavu koja pokriva veliku povr\u0161inu i nje\u017eno masira desni. <\/p>\n<p>Ergonomska dr\u0161ka oblikovana je za roditeljsku ruku: ima protuklizni dio i oslonac za palac za bolju kontrolu. <\/p>\n<p>Idealna za djecu starosti do 2 godine.<\/p>\n","protected":false},"excerpt":{"rendered":"<p>Izra\u0111ena od najmek\u0161ih vlakana<br \/>\nNje\u017eno masira desni<br \/>\nIdealna za djecu starosti do 2 godine<\/p>\n","protected":false},"featured_media":0,"template":"","meta":{"_seopress_robots_primary_cat":"","_seopress_titles_title":"","_seopress_titles_desc":"","_seopress_robots_index":"","iawp_total_views":0},"product_brand":[423],"product_cat":[192,208,207],"product_tag":[],"class_list":{"0":"post-42054","1":"product","2":"type-product","3":"status-publish","5":"product_brand-oral-b-2","6":"product_cat-aparati-za-osobnu-njegu","7":"product_cat-elektricne-i-manualne-cetkice-za-odrasle-i-djecu","8":"product_cat-oralna-higijena","10":"first","11":"outofstock","12":"shipping-taxable","13":"purchasable","14":"product-type-simple"},"_links":{"self":[{"href":"https:\/\/singuli.wpress.me\/index.php\/wp-json\/wp\/v2\/product\/42054","targetHints":{"allow":["GET"]}}],"collection":[{"href":"https:\/\/singuli.wpress.me\/index.php\/wp-json\/wp\/v2\/product"}],"about":[{"href":"https:\/\/singuli.wpress.me\/index.php\/wp-json\/wp\/v2\/types\/product"}],"version-history":[{"count":0,"href":"https:\/\/singuli.wpress.me\/index.php\/wp-json\/wp\/v2\/product\/42054\/revisions"}],"wp:attachment":[{"href":"https:\/\/singuli.wpress.me\/index.php\/wp-json\/wp\/v2\/media?parent=42054"}],"wp:term":[{"taxonomy":"product_brand","embeddable":true,"href":"https:\/\/singuli.wpress.me\/index.php\/wp-json\/wp\/v2\/product_brand?post=42054"},{"taxonomy":"product_cat","embeddable":true,"href":"https:\/\/singuli.wpress.me\/index.php\/wp-json\/wp\/v2\/product_cat?post=42054"},{"taxonomy":"product_tag","embeddable":true,"href":"https:\/\/singuli.wpress.me\/index.php\/wp-json\/wp\/v2\/product_tag?post=42054"}],"curies":[{"name":"wp","href":"https:\/\/api.w.org\/{rel}","templated":true}]}}