{"id":42056,"date":"2026-04-19T15:25:25","date_gmt":"2026-04-19T15:25:25","guid":{"rendered":"https:\/\/singuli.wpress.me\/index.php\/proizvod\/uhu-glue-pen-ljepilo-50-ml\/"},"modified":"2026-04-21T00:27:15","modified_gmt":"2026-04-21T00:27:15","slug":"uhu-glue-pen-ljepilo-50-ml","status":"publish","type":"product","link":"https:\/\/singuli.wpress.me\/index.php\/proizvod\/uhu-glue-pen-ljepilo-50-ml\/","title":{"rendered":"UHU Glue Pen, ljepilo, 50\u00a0ml"},"content":{"rendered":"<p>Brzo, \u010disto, teku\u0107e ljepilo za papir u prakti\u010dnom obliku olovke. <\/p>\n<p>Prakti\u010dan aplikator osigurava ekonomi\u010dno i \u010disto nano\u0161enje ljepila bez gu\u017evanja papira. <\/p>\n<p>Ljepilo bez otapala savr\u0161eno prianja na papir, karton i naljepnice te se mo\u017ee prati hladnom vodom.<\/p>\n","protected":false},"excerpt":{"rendered":"<p>Prakti\u010dan aplikator<br \/>\nBrzo, \u010disto, teku\u0107e ljepilo<br \/>\nBez otapala<\/p>\n","protected":false},"featured_media":0,"template":"","meta":{"_seopress_robots_primary_cat":"","_seopress_titles_title":"","_seopress_titles_desc":"","_seopress_robots_index":"","iawp_total_views":0},"product_brand":[445],"product_cat":[264,238],"product_tag":[],"class_list":{"0":"post-42056","1":"product","2":"type-product","3":"status-publish","5":"product_brand-uhu","6":"product_cat-ljepila-i-brtvila-238","7":"product_cat-sve-za-dom","9":"first","10":"instock","11":"shipping-taxable","12":"purchasable","13":"product-type-simple"},"_links":{"self":[{"href":"https:\/\/singuli.wpress.me\/index.php\/wp-json\/wp\/v2\/product\/42056","targetHints":{"allow":["GET"]}}],"collection":[{"href":"https:\/\/singuli.wpress.me\/index.php\/wp-json\/wp\/v2\/product"}],"about":[{"href":"https:\/\/singuli.wpress.me\/index.php\/wp-json\/wp\/v2\/types\/product"}],"version-history":[{"count":0,"href":"https:\/\/singuli.wpress.me\/index.php\/wp-json\/wp\/v2\/product\/42056\/revisions"}],"wp:attachment":[{"href":"https:\/\/singuli.wpress.me\/index.php\/wp-json\/wp\/v2\/media?parent=42056"}],"wp:term":[{"taxonomy":"product_brand","embeddable":true,"href":"https:\/\/singuli.wpress.me\/index.php\/wp-json\/wp\/v2\/product_brand?post=42056"},{"taxonomy":"product_cat","embeddable":true,"href":"https:\/\/singuli.wpress.me\/index.php\/wp-json\/wp\/v2\/product_cat?post=42056"},{"taxonomy":"product_tag","embeddable":true,"href":"https:\/\/singuli.wpress.me\/index.php\/wp-json\/wp\/v2\/product_tag?post=42056"}],"curies":[{"name":"wp","href":"https:\/\/api.w.org\/{rel}","templated":true}]}}