{"id":42059,"date":"2026-04-19T15:25:27","date_gmt":"2026-04-19T15:25:27","guid":{"rendered":"https:\/\/singuli.wpress.me\/index.php\/proizvod\/glade-osvjezivac-zraka-u-gelu-durdice-150-g-4\/"},"modified":"2026-04-21T00:27:15","modified_gmt":"2026-04-21T00:27:15","slug":"glade-osvjezivac-zraka-u-gelu-durdice-150-g-4","status":"publish","type":"product","link":"https:\/\/singuli.wpress.me\/index.php\/proizvod\/glade-osvjezivac-zraka-u-gelu-durdice-150-g-4\/","title":{"rendered":"GLADE, osvje\u017eiva\u010d zraka u gelu, \u0111ur\u0111ice, 150\u00a0g"},"content":{"rendered":"<p>Glade\u00ae Gel upija i odstranjuje sve neugodne mirise te ih zamjenjuje diskretnim mirisom, ugodno osvje\u017eavaju\u0107i prostor.<\/p>\n<p>Upute za uporabu:<br \/>\nOdlijepite naljepnicu s proizvoda kako biste oslobodili miris.<\/p>\n","protected":false},"excerpt":{"rendered":"<p>Osvje\u017eiva\u010d zraka u gelu<br \/>\nDiskretni i ugodni miris lavande<br \/>\nUklanja neugodne mirise i do 30 dana<\/p>\n","protected":false},"featured_media":0,"template":"","meta":{"_seopress_robots_primary_cat":"","_seopress_titles_title":"","_seopress_titles_desc":"","_seopress_robots_index":"","iawp_total_views":0},"product_brand":[405],"product_cat":[268,278],"product_tag":[],"class_list":{"0":"post-42059","1":"product","2":"type-product","3":"status-publish","5":"product_brand-glade","6":"product_cat-kozmetika-2","7":"product_cat-njega-tijela-268","9":"first","10":"outofstock","11":"shipping-taxable","12":"purchasable","13":"product-type-simple"},"_links":{"self":[{"href":"https:\/\/singuli.wpress.me\/index.php\/wp-json\/wp\/v2\/product\/42059","targetHints":{"allow":["GET"]}}],"collection":[{"href":"https:\/\/singuli.wpress.me\/index.php\/wp-json\/wp\/v2\/product"}],"about":[{"href":"https:\/\/singuli.wpress.me\/index.php\/wp-json\/wp\/v2\/types\/product"}],"version-history":[{"count":0,"href":"https:\/\/singuli.wpress.me\/index.php\/wp-json\/wp\/v2\/product\/42059\/revisions"}],"wp:attachment":[{"href":"https:\/\/singuli.wpress.me\/index.php\/wp-json\/wp\/v2\/media?parent=42059"}],"wp:term":[{"taxonomy":"product_brand","embeddable":true,"href":"https:\/\/singuli.wpress.me\/index.php\/wp-json\/wp\/v2\/product_brand?post=42059"},{"taxonomy":"product_cat","embeddable":true,"href":"https:\/\/singuli.wpress.me\/index.php\/wp-json\/wp\/v2\/product_cat?post=42059"},{"taxonomy":"product_tag","embeddable":true,"href":"https:\/\/singuli.wpress.me\/index.php\/wp-json\/wp\/v2\/product_tag?post=42059"}],"curies":[{"name":"wp","href":"https:\/\/api.w.org\/{rel}","templated":true}]}}