{"id":42061,"date":"2026-04-19T15:25:27","date_gmt":"2026-04-19T15:25:27","guid":{"rendered":"https:\/\/singuli.wpress.me\/index.php\/proizvod\/always-discreet-long-ulosci-za-inkotinenciju-40-kom\/"},"modified":"2026-04-20T12:33:42","modified_gmt":"2026-04-20T12:33:42","slug":"always-discreet-long-ulosci-za-inkotinenciju-40-kom","status":"publish","type":"product","link":"https:\/\/singuli.wpress.me\/index.php\/proizvod\/always-discreet-long-ulosci-za-inkotinenciju-40-kom\/","title":{"rendered":"ALWAYS Discreet Long, ulo\u0161ci za inkotinenciju, 40\u00a0kom"},"content":{"rendered":"<p>Za one trenutke kada trebate malo dodatne za\u0161tite tu su ulo\u0161ci za inkontinenciju i osjetljiv mjehur Always Discreet. Njihova tehnologija neutralizacije neugodnih mirisa pru\u017ea osje\u0107aj svje\u017eine i daje vam samopouzdanje na koje se mo\u017eete osloniti. Isprobajte ulo\u0161ke za inkontinenciju i osjetljiv mjehur Always Discreet ako imate slab mjehur ili vam se zna dogoditi nenamjerno mokrenje.<\/p>\n","protected":false},"excerpt":{"rendered":"<p>Osje\u0107aj suho\u0107e.<br \/>\nNeutralizacija neugodnih mirisa.<br \/>\nUlo\u0161ci za urinarnu inkotinenciju.<\/p>\n","protected":false},"featured_media":0,"template":"","meta":{"_seopress_robots_primary_cat":"","_seopress_titles_title":"","_seopress_titles_desc":"","_seopress_robots_index":"","iawp_total_views":0},"product_brand":[449],"product_cat":[211,288],"product_tag":[],"class_list":{"0":"post-42061","1":"product","2":"type-product","3":"status-publish","5":"product_brand-always","6":"product_cat-njega-majke-i-djeteta","7":"product_cat-zenska-higijena-211","9":"first","10":"outofstock","11":"shipping-taxable","12":"purchasable","13":"product-type-simple"},"_links":{"self":[{"href":"https:\/\/singuli.wpress.me\/index.php\/wp-json\/wp\/v2\/product\/42061","targetHints":{"allow":["GET"]}}],"collection":[{"href":"https:\/\/singuli.wpress.me\/index.php\/wp-json\/wp\/v2\/product"}],"about":[{"href":"https:\/\/singuli.wpress.me\/index.php\/wp-json\/wp\/v2\/types\/product"}],"version-history":[{"count":0,"href":"https:\/\/singuli.wpress.me\/index.php\/wp-json\/wp\/v2\/product\/42061\/revisions"}],"wp:attachment":[{"href":"https:\/\/singuli.wpress.me\/index.php\/wp-json\/wp\/v2\/media?parent=42061"}],"wp:term":[{"taxonomy":"product_brand","embeddable":true,"href":"https:\/\/singuli.wpress.me\/index.php\/wp-json\/wp\/v2\/product_brand?post=42061"},{"taxonomy":"product_cat","embeddable":true,"href":"https:\/\/singuli.wpress.me\/index.php\/wp-json\/wp\/v2\/product_cat?post=42061"},{"taxonomy":"product_tag","embeddable":true,"href":"https:\/\/singuli.wpress.me\/index.php\/wp-json\/wp\/v2\/product_tag?post=42061"}],"curies":[{"name":"wp","href":"https:\/\/api.w.org\/{rel}","templated":true}]}}