{"id":42063,"date":"2026-04-19T15:25:28","date_gmt":"2026-04-19T15:25:28","guid":{"rendered":"https:\/\/singuli.wpress.me\/index.php\/proizvod\/tomy-igracka-jaja-u-vozilu\/"},"modified":"2026-04-20T12:33:43","modified_gmt":"2026-04-20T12:33:43","slug":"tomy-igracka-jaja-u-vozilu","status":"publish","type":"product","link":"https:\/\/singuli.wpress.me\/index.php\/proizvod\/tomy-igracka-jaja-u-vozilu\/","title":{"rendered":"TOMY, igra\u010dka, jaja u vozilu"},"content":{"rendered":"<p>Sakupite vesela Tomy vozila! Spremna su za igru.<\/p>\n<p>Slo\u017eite vozila s odgovaraju\u0107im bojama jaja, brojevima i oblicima. 6 razli\u010ditih za sakupiti i povezati. Postavite ih u jednu liniju po brojevima ili po redoslijedu koji Vi odaberete.<\/p>\n<p>Koje vozilo \u0107e\u0161 ti dobiti? <\/p>\n<p>Napomena: nije mogu\u0107e birati \u017eeljeni lik\/boju. Cijena je izra\u017eena za 1 komad.<\/p>\n<p>Preporu\u010dena dob: 12-36 mjeseci.<\/p>\n<p>Baterije nisu potrebne.<\/p>\n","protected":false},"excerpt":{"rendered":"<p>Razli\u010dite boje jaja, brojevi i oblici<br \/>\n6 razli\u010ditih vozila za skupiti i povezati<br \/>\nPreporu\u010dena dob: 12-36 mjeseci<\/p>\n","protected":false},"featured_media":0,"template":"","meta":{"_seopress_robots_primary_cat":"","_seopress_titles_title":"","_seopress_titles_desc":"","_seopress_robots_index":"","iawp_total_views":0},"product_brand":[487],"product_cat":[221,291],"product_tag":[],"class_list":{"0":"post-42063","1":"product","2":"type-product","3":"status-publish","5":"product_brand-tomy","6":"product_cat-igracke","7":"product_cat-igracke-za-djecu-221","9":"first","10":"instock","11":"shipping-taxable","12":"purchasable","13":"product-type-simple"},"_links":{"self":[{"href":"https:\/\/singuli.wpress.me\/index.php\/wp-json\/wp\/v2\/product\/42063","targetHints":{"allow":["GET"]}}],"collection":[{"href":"https:\/\/singuli.wpress.me\/index.php\/wp-json\/wp\/v2\/product"}],"about":[{"href":"https:\/\/singuli.wpress.me\/index.php\/wp-json\/wp\/v2\/types\/product"}],"version-history":[{"count":0,"href":"https:\/\/singuli.wpress.me\/index.php\/wp-json\/wp\/v2\/product\/42063\/revisions"}],"wp:attachment":[{"href":"https:\/\/singuli.wpress.me\/index.php\/wp-json\/wp\/v2\/media?parent=42063"}],"wp:term":[{"taxonomy":"product_brand","embeddable":true,"href":"https:\/\/singuli.wpress.me\/index.php\/wp-json\/wp\/v2\/product_brand?post=42063"},{"taxonomy":"product_cat","embeddable":true,"href":"https:\/\/singuli.wpress.me\/index.php\/wp-json\/wp\/v2\/product_cat?post=42063"},{"taxonomy":"product_tag","embeddable":true,"href":"https:\/\/singuli.wpress.me\/index.php\/wp-json\/wp\/v2\/product_tag?post=42063"}],"curies":[{"name":"wp","href":"https:\/\/api.w.org\/{rel}","templated":true}]}}