{"id":42066,"date":"2026-04-19T15:25:29","date_gmt":"2026-04-19T15:25:29","guid":{"rendered":"https:\/\/singuli.wpress.me\/index.php\/proizvod\/helix-ult-prof-af-5w20-motorno-ulje-za-osobna-vozila-20-l\/"},"modified":"2026-04-21T00:27:15","modified_gmt":"2026-04-21T00:27:15","slug":"helix-ult-prof-af-5w20-motorno-ulje-za-osobna-vozila-20-l","status":"publish","type":"product","link":"https:\/\/singuli.wpress.me\/index.php\/proizvod\/helix-ult-prof-af-5w20-motorno-ulje-za-osobna-vozila-20-l\/","title":{"rendered":"HELIX ULT. PROF AF 5W20, motorno ulje za osobna vozila, 20\u00a0l"},"content":{"rendered":"<p>Potpuno sinteti\u010dko motorno ulje prilago\u0111eno da udovolji posebnim zahtjevima proizvo\u0111a\u010da motora. <\/p>\n<p>Posebno prilago\u0111eno da udovolji potrebama odre\u0111enih benzinskih motora visokih performansi, uklju\u010duju\u0107i Ford &#8220;Ecoboost&#8221; motore. <\/p>\n<p>Zadovoljava ACEA standard u\u0161tede goriva MB M111FE s pobolj\u0161anjem u\u0161tede goriva do 3%.<\/p>\n<p><span style=\"font-weight: bold\">Specifikacija: <\/span>API SN, ACEA A1\/B1, Ford WSS-M2C948-B.<\/p>\n","protected":false},"excerpt":{"rendered":"<p>Pove\u0107ava u\u0161tedu goriva<br \/>\nZa\u0161tita od naslaga<br \/>\nSpecifikacija u opisu<\/p>\n","protected":false},"featured_media":0,"template":"","meta":{"_seopress_robots_primary_cat":"","_seopress_titles_title":"","_seopress_titles_desc":"","_seopress_robots_index":"","iawp_total_views":0},"product_brand":[398],"product_cat":[243,272],"product_tag":[],"class_list":{"0":"post-42066","1":"product","2":"type-product","3":"status-publish","5":"product_brand-helix","6":"product_cat-automobili-i-motori","7":"product_cat-motorna-ulja-243","9":"first","10":"outofstock","11":"shipping-taxable","12":"purchasable","13":"product-type-simple"},"_links":{"self":[{"href":"https:\/\/singuli.wpress.me\/index.php\/wp-json\/wp\/v2\/product\/42066","targetHints":{"allow":["GET"]}}],"collection":[{"href":"https:\/\/singuli.wpress.me\/index.php\/wp-json\/wp\/v2\/product"}],"about":[{"href":"https:\/\/singuli.wpress.me\/index.php\/wp-json\/wp\/v2\/types\/product"}],"version-history":[{"count":0,"href":"https:\/\/singuli.wpress.me\/index.php\/wp-json\/wp\/v2\/product\/42066\/revisions"}],"wp:attachment":[{"href":"https:\/\/singuli.wpress.me\/index.php\/wp-json\/wp\/v2\/media?parent=42066"}],"wp:term":[{"taxonomy":"product_brand","embeddable":true,"href":"https:\/\/singuli.wpress.me\/index.php\/wp-json\/wp\/v2\/product_brand?post=42066"},{"taxonomy":"product_cat","embeddable":true,"href":"https:\/\/singuli.wpress.me\/index.php\/wp-json\/wp\/v2\/product_cat?post=42066"},{"taxonomy":"product_tag","embeddable":true,"href":"https:\/\/singuli.wpress.me\/index.php\/wp-json\/wp\/v2\/product_tag?post=42066"}],"curies":[{"name":"wp","href":"https:\/\/api.w.org\/{rel}","templated":true}]}}