{"id":42068,"date":"2026-04-19T15:25:30","date_gmt":"2026-04-19T15:25:30","guid":{"rendered":"https:\/\/singuli.wpress.me\/index.php\/proizvod\/originalna-pavloviceva-mast-100-ml\/"},"modified":"2026-04-20T12:33:43","modified_gmt":"2026-04-20T12:33:43","slug":"originalna-pavloviceva-mast-100-ml","status":"publish","type":"product","link":"https:\/\/singuli.wpress.me\/index.php\/proizvod\/originalna-pavloviceva-mast-100-ml\/","title":{"rendered":"ORIGINALNA PAVLOVI\u0106EVA, mast, 100\u00a0ml"},"content":{"rendered":"<p>Koristi se za svakodnevnu njegu i za\u0161titu ko\u017ee bebe u cilju sprje\u010davanja kontakata s iritantima u urinu, izmetu i znoju.<\/p>\n<p>Svi sastojci se preporu\u010duju kao protektanti (vazelin), supstance sa adstringentnim i adsorbentnim efektom (cink oksid i talk), okluzivi i zama\u0161\u0107iva\u010di (vazelin, lanolin, teku\u0107ni parafin) koji svojom hidrofobno\u0161\u0107u sprje\u010davaju blizak kontakt sastojaka urina, znoja i izmeta s nje\u017enom i osjetljivom ko\u017eom bebe.<\/p>\n<p>Pored toga masne materije u formulaciji preparata, svojim okluzivnim efektom omogu\u0107avaju o\u010duvanje i obnavljanje slabo razvijene ko\u017ene barijere (kod beba u fazi formiranja). Na ovaj na\u010din ovi okluzivi smanjuju TEWL (transepidermalni gubitak vode) iz ko\u017ee, tj. usporavaju njeno isu\u0161ivanje i time indirektno ko\u017eu vla\u017ee iznutra.<\/p>\n<p>Aktivna komponenta bisabolol ima antinflamatorno, umiruju\u0107e i blago antisepti\u010dno djelovanje na osjetljivu ko\u017eu beba.<\/p>\n","protected":false},"excerpt":{"rendered":"<p>Za svakodnevnu njegu i za\u0161titu ko\u017ee bebe<br \/>\nUsporava isu\u0161ivanje bebine ko\u017ee<br \/>\nAntiinflamatorno, umiruju\u0107e i blago antisepti\u010dno djelovanje<\/p>\n","protected":false},"featured_media":0,"template":"","meta":{"_seopress_robots_primary_cat":"","_seopress_titles_title":"","_seopress_titles_desc":"","_seopress_robots_index":"","iawp_total_views":0},"product_brand":[831],"product_cat":[268,278],"product_tag":[],"class_list":{"0":"post-42068","1":"product","2":"type-product","3":"status-publish","5":"product_brand-originalna-pavloviceva","6":"product_cat-kozmetika-2","7":"product_cat-njega-tijela-268","9":"first","10":"instock","11":"shipping-taxable","12":"purchasable","13":"product-type-simple"},"_links":{"self":[{"href":"https:\/\/singuli.wpress.me\/index.php\/wp-json\/wp\/v2\/product\/42068","targetHints":{"allow":["GET"]}}],"collection":[{"href":"https:\/\/singuli.wpress.me\/index.php\/wp-json\/wp\/v2\/product"}],"about":[{"href":"https:\/\/singuli.wpress.me\/index.php\/wp-json\/wp\/v2\/types\/product"}],"version-history":[{"count":0,"href":"https:\/\/singuli.wpress.me\/index.php\/wp-json\/wp\/v2\/product\/42068\/revisions"}],"wp:attachment":[{"href":"https:\/\/singuli.wpress.me\/index.php\/wp-json\/wp\/v2\/media?parent=42068"}],"wp:term":[{"taxonomy":"product_brand","embeddable":true,"href":"https:\/\/singuli.wpress.me\/index.php\/wp-json\/wp\/v2\/product_brand?post=42068"},{"taxonomy":"product_cat","embeddable":true,"href":"https:\/\/singuli.wpress.me\/index.php\/wp-json\/wp\/v2\/product_cat?post=42068"},{"taxonomy":"product_tag","embeddable":true,"href":"https:\/\/singuli.wpress.me\/index.php\/wp-json\/wp\/v2\/product_tag?post=42068"}],"curies":[{"name":"wp","href":"https:\/\/api.w.org\/{rel}","templated":true}]}}