{"id":42078,"date":"2026-04-19T15:25:32","date_gmt":"2026-04-19T15:25:32","guid":{"rendered":"https:\/\/singuli.wpress.me\/index.php\/proizvod\/oral-b-color-collection-zubna-cetkica\/"},"modified":"2026-04-20T12:33:43","modified_gmt":"2026-04-20T12:33:43","slug":"oral-b-color-collection-zubna-cetkica","status":"publish","type":"product","link":"https:\/\/singuli.wpress.me\/index.php\/proizvod\/oral-b-color-collection-zubna-cetkica\/","title":{"rendered":"ORAL-B Color Collection, zubna \u010detkica"},"content":{"rendered":"<p>Zubna \u010detkica Oral-B Color Collection u\u010dinkovito pere zube, \u010dak i najte\u017ee dostupna mjesta. Ovo je \u0161arena klasi\u010dna zubna \u010detkica koja se prilago\u0111ava va\u0161im zubima. Valovita vlakna obavijaju va\u0161e zube i ulaze \u010dak i u interdentalne prostore, za besprijekorno \u010diste zube. \u0160tovi\u0161e, ova zubna \u010detkica ima dr\u0161kom s ergonomskim dizajnom koji osigurava udobnost i kontrolu pri kori\u0161tenju.<\/p>\n","protected":false},"excerpt":{"rendered":"<p>Klasi\u010dna zubna \u010detkica<br \/>\n\u010cisti te\u0161ko dostupna mjesta<br \/>\nDr\u0161ka s ergonomskim dizajnom koja osigurava udobnost i kontrolu pri kori\u0161tenju<\/p>\n","protected":false},"featured_media":0,"template":"","meta":{"_seopress_robots_primary_cat":"","_seopress_titles_title":"","_seopress_titles_desc":"","_seopress_robots_index":"","iawp_total_views":0},"product_brand":[423],"product_cat":[192,208,207],"product_tag":[],"class_list":{"0":"post-42078","1":"product","2":"type-product","3":"status-publish","5":"product_brand-oral-b-2","6":"product_cat-aparati-za-osobnu-njegu","7":"product_cat-elektricne-i-manualne-cetkice-za-odrasle-i-djecu","8":"product_cat-oralna-higijena","10":"first","11":"instock","12":"shipping-taxable","13":"purchasable","14":"product-type-simple"},"_links":{"self":[{"href":"https:\/\/singuli.wpress.me\/index.php\/wp-json\/wp\/v2\/product\/42078","targetHints":{"allow":["GET"]}}],"collection":[{"href":"https:\/\/singuli.wpress.me\/index.php\/wp-json\/wp\/v2\/product"}],"about":[{"href":"https:\/\/singuli.wpress.me\/index.php\/wp-json\/wp\/v2\/types\/product"}],"version-history":[{"count":0,"href":"https:\/\/singuli.wpress.me\/index.php\/wp-json\/wp\/v2\/product\/42078\/revisions"}],"wp:attachment":[{"href":"https:\/\/singuli.wpress.me\/index.php\/wp-json\/wp\/v2\/media?parent=42078"}],"wp:term":[{"taxonomy":"product_brand","embeddable":true,"href":"https:\/\/singuli.wpress.me\/index.php\/wp-json\/wp\/v2\/product_brand?post=42078"},{"taxonomy":"product_cat","embeddable":true,"href":"https:\/\/singuli.wpress.me\/index.php\/wp-json\/wp\/v2\/product_cat?post=42078"},{"taxonomy":"product_tag","embeddable":true,"href":"https:\/\/singuli.wpress.me\/index.php\/wp-json\/wp\/v2\/product_tag?post=42078"}],"curies":[{"name":"wp","href":"https:\/\/api.w.org\/{rel}","templated":true}]}}